{"id":3127,"date":"2023-12-12T14:39:15","date_gmt":"2023-12-12T17:39:15","guid":{"rendered":"https:\/\/www.medideal.com.br\/?post_type=product&#038;p=3127"},"modified":"2024-01-18T17:09:22","modified_gmt":"2024-01-18T20:09:22","slug":"porta-agulha-mayo-hegar-em-aco-inox-14cm-abc","status":"publish","type":"product","link":"https:\/\/www.medideal.com.br\/en\/porta-agulha-mayo-hegar-em-aco-inox-14cm-abc\/","title":{"rendered":"Porta Agulha Mayo Hegar em A\u00e7o Inox 14cm &#8211; ABC"},"content":{"rendered":"<div id=\"collapseTwo\">\n<div class=\"panel-body\">\n<div id=\"description1\">\n<h2 class=\"h5\">Instrumento cir\u00fargico Mayo Hegar no tamanho 14cm para sutura ABC.<\/h2>\n<\/div>\n<\/div>\n<\/div>\n<div class=\"panel-heading productattrs\"><\/div>\n<div>\n<table id=\"productattributes\" class=\"table table-striped productattributes\">\n<tbody>\n<tr>\n<th>Indica\u00e7\u00f5es<\/th>\n<td>Instrumento manual para exame e\/ou cirurgia (n\u00e3o est\u00e9ril).<\/td>\n<\/tr>\n<tr>\n<th>Composi\u00e7\u00e3o<\/th>\n<td>Produto Confeccionado em A\u00e7o Inoxid\u00e1vel AISI-420.<\/td>\n<\/tr>\n<tr>\n<th>Diferenciais e benef\u00edcios<\/th>\n<td>&#8211; Fabricado de acordo com Padr\u00f5es Internacionais de Qualidade, Normas da ABNT, CE;<\/p>\n<p>&#8211; Embalagem: Pl\u00e1stica individual, constando os dados de identifica\u00e7\u00e3o, proced\u00eancia e rastreabilidade;<\/p>\n<p>&#8211; Qualidade;<\/p>\n<p>&#8211; Durabilidade;<\/p>\n<p>&#8211; Praticidade;<\/p>\n<p>&#8211; Efic\u00e1cia;<\/p>\n<p>&#8211; Design ergon\u00f4mico para m\u00e1ximo conforto e seguran\u00e7a nos procedimentos;<\/p>\n<p>&#8211;\u00a0Articula\u00e7\u00f5es ajustadas, promovem uma manipula\u00e7\u00e3o mais suave, exigindo menor esfor\u00e7o do profissional.<\/td>\n<\/tr>\n<tr>\n<th>Itens inclusos<\/th>\n<td>01 Instrumento cir\u00fargico Mayo Hegar no tamanho 14cm para sutura ABC.<\/td>\n<\/tr>\n<\/tbody>\n<\/table>\n<\/div>","protected":false},"excerpt":{"rendered":"<h2 class=\"h5\">Instrumento cir\u00fargico Mayo Hegar no tamanho 14cm para sutura ABC.<\/h2>","protected":false},"featured_media":3128,"comment_status":"open","ping_status":"closed","template":"","meta":{"_joinchat":[]},"product_brand":[],"product_cat":[27],"product_tag":[],"class_list":{"0":"post-3127","1":"product","2":"type-product","3":"status-publish","4":"has-post-thumbnail","6":"product_cat-equipamentos-medicos","8":"first","9":"outofstock","10":"shipping-taxable","11":"purchasable","12":"product-type-simple"},"_links":{"self":[{"href":"https:\/\/www.medideal.com.br\/en\/wp-json\/wp\/v2\/product\/3127","targetHints":{"allow":["GET"]}}],"collection":[{"href":"https:\/\/www.medideal.com.br\/en\/wp-json\/wp\/v2\/product"}],"about":[{"href":"https:\/\/www.medideal.com.br\/en\/wp-json\/wp\/v2\/types\/product"}],"replies":[{"embeddable":true,"href":"https:\/\/www.medideal.com.br\/en\/wp-json\/wp\/v2\/comments?post=3127"}],"wp:featuredmedia":[{"embeddable":true,"href":"https:\/\/www.medideal.com.br\/en\/wp-json\/wp\/v2\/media\/3128"}],"wp:attachment":[{"href":"https:\/\/www.medideal.com.br\/en\/wp-json\/wp\/v2\/media?parent=3127"}],"wp:term":[{"taxonomy":"product_brand","embeddable":true,"href":"https:\/\/www.medideal.com.br\/en\/wp-json\/wp\/v2\/product_brand?post=3127"},{"taxonomy":"product_cat","embeddable":true,"href":"https:\/\/www.medideal.com.br\/en\/wp-json\/wp\/v2\/product_cat?post=3127"},{"taxonomy":"product_tag","embeddable":true,"href":"https:\/\/www.medideal.com.br\/en\/wp-json\/wp\/v2\/product_tag?post=3127"}],"curies":[{"name":"wp","href":"https:\/\/api.w.org\/{rel}","templated":true}]}}