{"id":3124,"date":"2023-12-12T14:33:31","date_gmt":"2023-12-12T17:33:31","guid":{"rendered":"https:\/\/www.medideal.com.br\/?post_type=product&#038;p=3124"},"modified":"2024-01-18T17:08:06","modified_gmt":"2024-01-18T20:08:06","slug":"tesoura-de-lister-em-aco-inox-para-bandagens-17cm-abc","status":"publish","type":"product","link":"https:\/\/www.medideal.com.br\/en\/tesoura-de-lister-em-aco-inox-para-bandagens-17cm-abc\/","title":{"rendered":"Tesoura de Lister em A\u00e7o Inox para Bandagens 17cm &#8211; ABC"},"content":{"rendered":"<div id=\"collapseTwo\">\n<div class=\"panel-body\">\n<div id=\"description1\">\n<h2 class=\"h5\">Tesoura de lister tamanho 17 cm ABC.<\/h2>\n<\/div>\n<\/div>\n<\/div>\n<div class=\"panel-heading productattrs\"><\/div>\n<div>\n<table id=\"productattributes\" class=\"table table-striped productattributes\">\n<tbody>\n<tr>\n<th>Indica\u00e7\u00f5es<\/th>\n<td>O que \u00e9, para que serve e quais as vantagens da tesoura lister tamanho 17 cm ABC?<\/p>\n<p>A Tesoura lister 17 cm ABC foi desenvolvida para facilitar o trabalho dos profissionais da sa\u00fade. Dessa forma, o equipamento \u00e9 muito utilizado em procedimentos ortop\u00e9dicos, garante um procedimento f\u00e1cil e eficiente, produzida em a\u00e7o inox e seguindo os padr\u00f5es de qualidade ABNT, CE.<\/td>\n<\/tr>\n<tr>\n<th>Composi\u00e7\u00e3o<\/th>\n<td>Confeccionada em a\u00e7o inoxid\u00e1vel cir\u00fargico.<\/td>\n<\/tr>\n<tr>\n<th>Diferenciais e benef\u00edcios<\/th>\n<td>Quais os benef\u00edcios da tesoura lister tamanho 17 cm ABC?<\/p>\n<p>&#8211; Autoclav\u00e1vel;<br \/>\n&#8211; Fabricada em a\u00e7o inoxid\u00e1vel cir\u00fargico;<br \/>\n&#8211; Fabricado de acordo com Padr\u00f5es Internacionais de Qualidade, Normas da ABNT, CE;<br \/>\n&#8211; Embalagem pl\u00e1stica individual, constando os dados de identifica\u00e7\u00e3o, proced\u00eancia e rastreabilidade;<br \/>\n&#8211; Tamanho 17 cm;<br \/>\n&#8211; Instrumento articulado cortante;<br \/>\n&#8211; Promove maior seguran\u00e7a e praticidade no corte.<\/td>\n<\/tr>\n<tr>\n<th>Itens inclusos<\/th>\n<td>01 Tesoura lister tamanho 17 cm ABC.<\/td>\n<\/tr>\n<\/tbody>\n<\/table>\n<\/div>","protected":false},"excerpt":{"rendered":"<div id=\"collapseTwo\">\n<div class=\"panel-body\">\n<div id=\"description1\">\n<h2 class=\"h5\">Tesoura de lister tamanho 17 cm ABC.<\/h2>\n<\/div>\n<\/div>\n<\/div>\n<div class=\"panel-heading productattrs\"><\/div>","protected":false},"featured_media":3125,"comment_status":"open","ping_status":"closed","template":"","meta":{"_joinchat":[]},"product_brand":[],"product_cat":[27],"product_tag":[],"class_list":{"0":"post-3124","1":"product","2":"type-product","3":"status-publish","4":"has-post-thumbnail","6":"product_cat-equipamentos-medicos","8":"first","9":"outofstock","10":"shipping-taxable","11":"purchasable","12":"product-type-simple"},"_links":{"self":[{"href":"https:\/\/www.medideal.com.br\/en\/wp-json\/wp\/v2\/product\/3124","targetHints":{"allow":["GET"]}}],"collection":[{"href":"https:\/\/www.medideal.com.br\/en\/wp-json\/wp\/v2\/product"}],"about":[{"href":"https:\/\/www.medideal.com.br\/en\/wp-json\/wp\/v2\/types\/product"}],"replies":[{"embeddable":true,"href":"https:\/\/www.medideal.com.br\/en\/wp-json\/wp\/v2\/comments?post=3124"}],"wp:featuredmedia":[{"embeddable":true,"href":"https:\/\/www.medideal.com.br\/en\/wp-json\/wp\/v2\/media\/3125"}],"wp:attachment":[{"href":"https:\/\/www.medideal.com.br\/en\/wp-json\/wp\/v2\/media?parent=3124"}],"wp:term":[{"taxonomy":"product_brand","embeddable":true,"href":"https:\/\/www.medideal.com.br\/en\/wp-json\/wp\/v2\/product_brand?post=3124"},{"taxonomy":"product_cat","embeddable":true,"href":"https:\/\/www.medideal.com.br\/en\/wp-json\/wp\/v2\/product_cat?post=3124"},{"taxonomy":"product_tag","embeddable":true,"href":"https:\/\/www.medideal.com.br\/en\/wp-json\/wp\/v2\/product_tag?post=3124"}],"curies":[{"name":"wp","href":"https:\/\/api.w.org\/{rel}","templated":true}]}}