{"id":3122,"date":"2023-12-12T14:30:49","date_gmt":"2023-12-12T17:30:49","guid":{"rendered":"https:\/\/www.medideal.com.br\/?post_type=product&#038;p=3122"},"modified":"2024-01-18T17:06:21","modified_gmt":"2024-01-18T20:06:21","slug":"tesoura-cirurgica-fina-romba-reta-em-aco-inox-15cm-abc","status":"publish","type":"product","link":"https:\/\/www.medideal.com.br\/en\/tesoura-cirurgica-fina-romba-reta-em-aco-inox-15cm-abc\/","title":{"rendered":"Tesoura Cirurgica Fina\/Romba  Reta em A\u00e7o Inox 15cm &#8211; ABC"},"content":{"rendered":"<div id=\"collapseTwo\">\n<div class=\"panel-body\">\n<div id=\"description1\">\n<h2 class=\"h5\">Tesoura cir\u00fargica reta fina\/ romba tamanho 15 cm ABC.<\/h2>\n<\/div>\n<\/div>\n<\/div>\n<div class=\"panel-heading productattrs\">\n<table id=\"productattributes\" class=\"table table-striped productattributes\">\n<tbody>\n<tr>\n<th>Indica\u00e7\u00f5es<\/th>\n<td>O que \u00e9, para que serve e quais as vantagens da tesoura cir\u00fargica fina\/ romba ABC?<\/p>\n<p>Mais utilizada para cortar tecidos e bandagens (n\u00e3o indicada para corte de fios de a\u00e7o, pois isso danifica a l\u00e2mina), a tesoura \u00e9 fabricada em a\u00e7o inoxid\u00e1vel, utilizada em procedimentos cir\u00fargicos, em geral, promovendo ao cirurgi\u00e3o maior seguran\u00e7a e facilidade na hora do corte.<\/td>\n<\/tr>\n<tr>\n<th>Composi\u00e7\u00e3o<\/th>\n<td>Confeccionada em a\u00e7o inoxid\u00e1vel cir\u00fargico.<\/td>\n<\/tr>\n<tr>\n<th>Diferenciais e benef\u00edcios<\/th>\n<td>Quais os benef\u00edcios da tesoura cir\u00fargica fina\/ romba ABC?<\/p>\n<p>&#8211; Autoclav\u00e1vel;<br \/>\n&#8211; Fabricada em a\u00e7o inoxid\u00e1vel cir\u00fargico;<br \/>\n&#8211; Fabricado de acordo com Padr\u00f5es Internacionais de Qualidade, Normas da ABNT, CE;<br \/>\n&#8211; Embalagem pl\u00e1stica individual, constando os dados de identifica\u00e7\u00e3o, proced\u00eancia e rastreabilidade;<br \/>\n&#8211; Tamanho 15 cm;<br \/>\n&#8211; Instrumento articulado cortante;<br \/>\n&#8211; Promove maior seguran\u00e7a e praticidade no corte de tecidos.<\/td>\n<\/tr>\n<tr>\n<th>Itens inclusos<\/th>\n<td>01 Tesoura cir\u00fargica reta fina\/ romba tamanho 15 cm ABC.<\/td>\n<\/tr>\n<\/tbody>\n<\/table>\n<\/div>","protected":false},"excerpt":{"rendered":"<div id=\"collapseTwo\">\n<div class=\"panel-body\">\n<div id=\"description1\">\n<h2 class=\"h5\">Tesoura cir\u00fargica reta fina\/ romba tamanho 15 cm ABC.<\/h2>\n<\/div>\n<\/div>\n<\/div>\n<div class=\"panel-heading productattrs\"><\/div>","protected":false},"featured_media":3123,"comment_status":"open","ping_status":"closed","template":"","meta":{"_joinchat":[]},"product_brand":[],"product_cat":[27],"product_tag":[],"class_list":{"0":"post-3122","1":"product","2":"type-product","3":"status-publish","4":"has-post-thumbnail","6":"product_cat-equipamentos-medicos","8":"first","9":"instock","10":"shipping-taxable","11":"purchasable","12":"product-type-simple"},"_links":{"self":[{"href":"https:\/\/www.medideal.com.br\/en\/wp-json\/wp\/v2\/product\/3122","targetHints":{"allow":["GET"]}}],"collection":[{"href":"https:\/\/www.medideal.com.br\/en\/wp-json\/wp\/v2\/product"}],"about":[{"href":"https:\/\/www.medideal.com.br\/en\/wp-json\/wp\/v2\/types\/product"}],"replies":[{"embeddable":true,"href":"https:\/\/www.medideal.com.br\/en\/wp-json\/wp\/v2\/comments?post=3122"}],"wp:featuredmedia":[{"embeddable":true,"href":"https:\/\/www.medideal.com.br\/en\/wp-json\/wp\/v2\/media\/3123"}],"wp:attachment":[{"href":"https:\/\/www.medideal.com.br\/en\/wp-json\/wp\/v2\/media?parent=3122"}],"wp:term":[{"taxonomy":"product_brand","embeddable":true,"href":"https:\/\/www.medideal.com.br\/en\/wp-json\/wp\/v2\/product_brand?post=3122"},{"taxonomy":"product_cat","embeddable":true,"href":"https:\/\/www.medideal.com.br\/en\/wp-json\/wp\/v2\/product_cat?post=3122"},{"taxonomy":"product_tag","embeddable":true,"href":"https:\/\/www.medideal.com.br\/en\/wp-json\/wp\/v2\/product_tag?post=3122"}],"curies":[{"name":"wp","href":"https:\/\/api.w.org\/{rel}","templated":true}]}}