{"id":3120,"date":"2023-12-12T14:27:49","date_gmt":"2023-12-12T17:27:49","guid":{"rendered":"https:\/\/www.medideal.com.br\/?post_type=product&#038;p=3120"},"modified":"2024-01-18T17:07:16","modified_gmt":"2024-01-18T20:07:16","slug":"tesoura-cirurgica-fina-fina-curva-15cm-abc","status":"publish","type":"product","link":"https:\/\/www.medideal.com.br\/en\/tesoura-cirurgica-fina-fina-curva-15cm-abc\/","title":{"rendered":"Tesoura Cir\u00fargica Fina\/Fina Curva 15cm &#8211; ABC"},"content":{"rendered":"<div id=\"collapseTwo\">\n<div class=\"panel-body\">\n<div id=\"description1\">\n<h2 class=\"h5\">Tesoura cir\u00fargica curva fina ponta fina tamanho 15 cm ABC.<\/h2>\n<\/div>\n<\/div>\n<\/div>\n<div class=\"panel-heading\">\n<table class=\"table table-striped\">\n<tbody>\n<tr class=\"row\">\n<th class=\"col-xs-4 col-sm-3\">Indica\u00e7\u00f5es<\/th>\n<td class=\"col-xs-6 col-sm-7\">O que \u00e9, para que serve e quais as vantagens da tesoura cir\u00fargica fina ABC?<\/p>\n<p>A tesoura cir\u00fargica fina ABC \u00e9 produzida em a\u00e7o inoxid\u00e1vel com os padr\u00f5es de qualidade ABC, possui \u00f3tima resist\u00eancia e proporciona conforto e praticidade ao usu\u00e1rio. Sua utiliza\u00e7\u00e3o \u00e9 indicada para procedimentos cir\u00fargicos gerais, al\u00e9m disso, \u00e9 fabricada de acordo com padr\u00f5es internacionais de qualidade, normas da ABNT, CE.<\/td>\n<\/tr>\n<tr class=\"row\">\n<th class=\"col-xs-4 col-sm-3\">Composi\u00e7\u00e3o<\/th>\n<td class=\"col-xs-6 col-sm-7\">Produto Confeccionado em A\u00e7o Inoxid\u00e1vel ,<\/td>\n<\/tr>\n<tr class=\"row\">\n<th class=\"col-xs-4 col-sm-3\">Diferenciais e benef\u00edcios<\/th>\n<td class=\"col-xs-6 col-sm-7\">Quais os benef\u00edcios da tesoura cir\u00fargica ABC?<\/p>\n<p>&#8211; Fabricado de acordo com Padr\u00f5es Internacionais de Qualidade, Normas da ABNT, CE;<br \/>\n&#8211; Embalagem pl\u00e1stica individual, constando os dados de identifica\u00e7\u00e3o, proced\u00eancia e rastreabilidade;<br \/>\n&#8211; Durabilidade por ser confeccionado em a\u00e7o inoxid\u00e1vel;<br \/>\n&#8211; Qualidade e acabamento excelentes;<br \/>\n&#8211; Apresenta 15 cm de comprimento;<br \/>\n&#8211; Conta com ponta fina.<\/td>\n<\/tr>\n<tr class=\"row\">\n<th class=\"col-xs-4 col-sm-3\">Itens inclusos<\/th>\n<td class=\"col-xs-6 col-sm-7\">01 Tesoura cir\u00fargica curva fina ponta fina tamanho 15 cm ABC.<\/td>\n<\/tr>\n<\/tbody>\n<\/table>\n<\/div>","protected":false},"excerpt":{"rendered":"<div id=\"collapseTwo\">\n<div class=\"panel-body\">\n<div id=\"description1\">\n<h2 class=\"h5\">Tesoura cir\u00fargica curva fina ponta fina tamanho 15 cm ABC.<\/h2>\n<\/div>\n<\/div>\n<\/div>\n<div class=\"panel-heading\"><\/div>","protected":false},"featured_media":3121,"comment_status":"open","ping_status":"closed","template":"","meta":{"_joinchat":[]},"product_brand":[],"product_cat":[27],"product_tag":[],"class_list":{"0":"post-3120","1":"product","2":"type-product","3":"status-publish","4":"has-post-thumbnail","6":"product_cat-equipamentos-medicos","8":"first","9":"outofstock","10":"shipping-taxable","11":"purchasable","12":"product-type-simple"},"_links":{"self":[{"href":"https:\/\/www.medideal.com.br\/en\/wp-json\/wp\/v2\/product\/3120","targetHints":{"allow":["GET"]}}],"collection":[{"href":"https:\/\/www.medideal.com.br\/en\/wp-json\/wp\/v2\/product"}],"about":[{"href":"https:\/\/www.medideal.com.br\/en\/wp-json\/wp\/v2\/types\/product"}],"replies":[{"embeddable":true,"href":"https:\/\/www.medideal.com.br\/en\/wp-json\/wp\/v2\/comments?post=3120"}],"wp:featuredmedia":[{"embeddable":true,"href":"https:\/\/www.medideal.com.br\/en\/wp-json\/wp\/v2\/media\/3121"}],"wp:attachment":[{"href":"https:\/\/www.medideal.com.br\/en\/wp-json\/wp\/v2\/media?parent=3120"}],"wp:term":[{"taxonomy":"product_brand","embeddable":true,"href":"https:\/\/www.medideal.com.br\/en\/wp-json\/wp\/v2\/product_brand?post=3120"},{"taxonomy":"product_cat","embeddable":true,"href":"https:\/\/www.medideal.com.br\/en\/wp-json\/wp\/v2\/product_cat?post=3120"},{"taxonomy":"product_tag","embeddable":true,"href":"https:\/\/www.medideal.com.br\/en\/wp-json\/wp\/v2\/product_tag?post=3120"}],"curies":[{"name":"wp","href":"https:\/\/api.w.org\/{rel}","templated":true}]}}