{"id":3111,"date":"2023-12-12T13:07:10","date_gmt":"2023-12-12T16:07:10","guid":{"rendered":"https:\/\/www.medideal.com.br\/?post_type=product&#038;p=3111"},"modified":"2024-01-18T17:04:11","modified_gmt":"2024-01-18T20:04:11","slug":"pinca-dente-de-rato-14cm-abc","status":"publish","type":"product","link":"https:\/\/www.medideal.com.br\/en\/pinca-dente-de-rato-14cm-abc\/","title":{"rendered":"Pin\u00e7a Dente de Rato 14cm &#8211; ABC"},"content":{"rendered":"<p>A pin\u00e7a dente de rato \u00e9 utilizada para auxiliar procedimentos cir\u00fargicos. Sua fun\u00e7\u00e3o \u00e9 segurar e prender tecidos e m\u00fasculos mais grossos, at\u00e9 mesmo tend\u00f5es, facilitando o manuseio dos profissionais no momento das opera\u00e7\u00f5es. O produto da ABC Instrumentos \u00e9 feito em a\u00e7o inoxid\u00e1vel e anat\u00f4mico.<\/p>\n<h3>Caracter\u00edsticas e Benef\u00edcios do Produto:<\/h3>\n<p>\u2022 Anat\u00f4mico; \u2022 Tamanho: 14cm; \u2022 Produzido em a\u00e7o inoxid\u00e1vel; \u2022 A ponta &#8220;dente de rato&#8221; impede que o tecido e m\u00fasculos escapem da pin\u00e7a; \u2022 Embalagem pl\u00e1stica individual com dados de identifica\u00e7\u00e3o, proced\u00eancia e rastreabilidade.<\/p>","protected":false},"excerpt":{"rendered":"<p>A pin\u00e7a dente de rato \u00e9 utilizada para auxiliar procedimentos cir\u00fargicos.<\/p>","protected":false},"featured_media":3112,"comment_status":"open","ping_status":"closed","template":"","meta":{"_joinchat":[]},"product_brand":[],"product_cat":[27],"product_tag":[],"class_list":{"0":"post-3111","1":"product","2":"type-product","3":"status-publish","4":"has-post-thumbnail","6":"product_cat-equipamentos-medicos","8":"first","9":"outofstock","10":"shipping-taxable","11":"purchasable","12":"product-type-simple"},"_links":{"self":[{"href":"https:\/\/www.medideal.com.br\/en\/wp-json\/wp\/v2\/product\/3111","targetHints":{"allow":["GET"]}}],"collection":[{"href":"https:\/\/www.medideal.com.br\/en\/wp-json\/wp\/v2\/product"}],"about":[{"href":"https:\/\/www.medideal.com.br\/en\/wp-json\/wp\/v2\/types\/product"}],"replies":[{"embeddable":true,"href":"https:\/\/www.medideal.com.br\/en\/wp-json\/wp\/v2\/comments?post=3111"}],"wp:featuredmedia":[{"embeddable":true,"href":"https:\/\/www.medideal.com.br\/en\/wp-json\/wp\/v2\/media\/3112"}],"wp:attachment":[{"href":"https:\/\/www.medideal.com.br\/en\/wp-json\/wp\/v2\/media?parent=3111"}],"wp:term":[{"taxonomy":"product_brand","embeddable":true,"href":"https:\/\/www.medideal.com.br\/en\/wp-json\/wp\/v2\/product_brand?post=3111"},{"taxonomy":"product_cat","embeddable":true,"href":"https:\/\/www.medideal.com.br\/en\/wp-json\/wp\/v2\/product_cat?post=3111"},{"taxonomy":"product_tag","embeddable":true,"href":"https:\/\/www.medideal.com.br\/en\/wp-json\/wp\/v2\/product_tag?post=3111"}],"curies":[{"name":"wp","href":"https:\/\/api.w.org\/{rel}","templated":true}]}}