{"id":3107,"date":"2023-12-12T13:00:43","date_gmt":"2023-12-12T16:00:43","guid":{"rendered":"https:\/\/www.medideal.com.br\/?post_type=product&#038;p=3107"},"modified":"2024-01-18T17:03:00","modified_gmt":"2024-01-18T20:03:00","slug":"pinca-kelly-curva-16cm-abc","status":"publish","type":"product","link":"https:\/\/www.medideal.com.br\/en\/pinca-kelly-curva-16cm-abc\/","title":{"rendered":"Pin\u00e7a Kelly Curva 16cm &#8211; ABC"},"content":{"rendered":"<p>Pin\u00e7a Kelly ABC Curva 16cm \u00c9 usada para pin\u00e7amento (Hemostasia).<\/p>\n<p>&#8211; Produto Confeccionado em A\u00e7o Inoxid\u00e1vel AISI-420;<\/p>\n<p>&#8211; Ponta curva, com Serrilha.<\/p>","protected":false},"excerpt":{"rendered":"<p>Pin\u00e7a Kelly ABC Curva 16cm \u00c9 usada para pin\u00e7amento (Hemostasia).<\/p>","protected":false},"featured_media":3106,"comment_status":"open","ping_status":"closed","template":"","meta":{"_joinchat":[]},"product_brand":[],"product_cat":[27],"product_tag":[],"class_list":{"0":"post-3107","1":"product","2":"type-product","3":"status-publish","4":"has-post-thumbnail","6":"product_cat-equipamentos-medicos","8":"first","9":"outofstock","10":"shipping-taxable","11":"purchasable","12":"product-type-simple"},"_links":{"self":[{"href":"https:\/\/www.medideal.com.br\/en\/wp-json\/wp\/v2\/product\/3107","targetHints":{"allow":["GET"]}}],"collection":[{"href":"https:\/\/www.medideal.com.br\/en\/wp-json\/wp\/v2\/product"}],"about":[{"href":"https:\/\/www.medideal.com.br\/en\/wp-json\/wp\/v2\/types\/product"}],"replies":[{"embeddable":true,"href":"https:\/\/www.medideal.com.br\/en\/wp-json\/wp\/v2\/comments?post=3107"}],"wp:featuredmedia":[{"embeddable":true,"href":"https:\/\/www.medideal.com.br\/en\/wp-json\/wp\/v2\/media\/3106"}],"wp:attachment":[{"href":"https:\/\/www.medideal.com.br\/en\/wp-json\/wp\/v2\/media?parent=3107"}],"wp:term":[{"taxonomy":"product_brand","embeddable":true,"href":"https:\/\/www.medideal.com.br\/en\/wp-json\/wp\/v2\/product_brand?post=3107"},{"taxonomy":"product_cat","embeddable":true,"href":"https:\/\/www.medideal.com.br\/en\/wp-json\/wp\/v2\/product_cat?post=3107"},{"taxonomy":"product_tag","embeddable":true,"href":"https:\/\/www.medideal.com.br\/en\/wp-json\/wp\/v2\/product_tag?post=3107"}],"curies":[{"name":"wp","href":"https:\/\/api.w.org\/{rel}","templated":true}]}}