{"id":3102,"date":"2023-12-12T12:55:49","date_gmt":"2023-12-12T15:55:49","guid":{"rendered":"https:\/\/www.medideal.com.br\/?post_type=product&#038;p=3102"},"modified":"2024-01-18T17:02:01","modified_gmt":"2024-01-18T20:02:01","slug":"pinca-disseccao-anatomica-14cm-abc","status":"publish","type":"product","link":"https:\/\/www.medideal.com.br\/en\/pinca-disseccao-anatomica-14cm-abc\/","title":{"rendered":"Pin\u00e7a Dissec\u00e7\u00e3o Anat\u00f4mica 14cm &#8211; ABC"},"content":{"rendered":"<h2>Pin\u00e7a Dissec\u00e7\u00e3o Anat\u00f4mica 14cm ABC<\/h2>\n<p>As pin\u00e7as de dissec\u00e7\u00e3o s\u00e3o usadas para segurar uma parte do tecido, facilitando a a\u00e7\u00e3o de outros instrumentos, como o bisturi e a tesoura.<\/p>\n<h3>Caracter\u00edsticas e Benef\u00edcios do Produto:<\/h3>\n<p>\u2022 Com Serrilha; \u2022 Tamanho: 14CM; \u2022 Produto Confeccionado em A\u00e7o Inoxid\u00e1vel AISI-420.<\/p>","protected":false},"excerpt":{"rendered":"<p>As pin\u00e7as de dissec\u00e7\u00e3o s\u00e3o usadas para segurar uma parte do tecido, facilitando a a\u00e7\u00e3o de outros instrumentos, como o bisturi e a tesoura.<\/p>","protected":false},"featured_media":3103,"comment_status":"open","ping_status":"closed","template":"","meta":{"_joinchat":[]},"product_brand":[],"product_cat":[27],"product_tag":[],"class_list":{"0":"post-3102","1":"product","2":"type-product","3":"status-publish","4":"has-post-thumbnail","6":"product_cat-equipamentos-medicos","8":"first","9":"outofstock","10":"shipping-taxable","11":"purchasable","12":"product-type-simple"},"_links":{"self":[{"href":"https:\/\/www.medideal.com.br\/en\/wp-json\/wp\/v2\/product\/3102","targetHints":{"allow":["GET"]}}],"collection":[{"href":"https:\/\/www.medideal.com.br\/en\/wp-json\/wp\/v2\/product"}],"about":[{"href":"https:\/\/www.medideal.com.br\/en\/wp-json\/wp\/v2\/types\/product"}],"replies":[{"embeddable":true,"href":"https:\/\/www.medideal.com.br\/en\/wp-json\/wp\/v2\/comments?post=3102"}],"wp:featuredmedia":[{"embeddable":true,"href":"https:\/\/www.medideal.com.br\/en\/wp-json\/wp\/v2\/media\/3103"}],"wp:attachment":[{"href":"https:\/\/www.medideal.com.br\/en\/wp-json\/wp\/v2\/media?parent=3102"}],"wp:term":[{"taxonomy":"product_brand","embeddable":true,"href":"https:\/\/www.medideal.com.br\/en\/wp-json\/wp\/v2\/product_brand?post=3102"},{"taxonomy":"product_cat","embeddable":true,"href":"https:\/\/www.medideal.com.br\/en\/wp-json\/wp\/v2\/product_cat?post=3102"},{"taxonomy":"product_tag","embeddable":true,"href":"https:\/\/www.medideal.com.br\/en\/wp-json\/wp\/v2\/product_tag?post=3102"}],"curies":[{"name":"wp","href":"https:\/\/api.w.org\/{rel}","templated":true}]}}