{"id":3098,"date":"2023-12-12T11:20:43","date_gmt":"2023-12-12T14:20:43","guid":{"rendered":"https:\/\/www.medideal.com.br\/?post_type=product&#038;p=3098"},"modified":"2024-01-18T17:00:21","modified_gmt":"2024-01-18T20:00:21","slug":"pinca-halstead-mosquito-reta-em-aco-inox-18cm-abc","status":"publish","type":"product","link":"https:\/\/www.medideal.com.br\/en\/pinca-halstead-mosquito-reta-em-aco-inox-18cm-abc\/","title":{"rendered":"Pin\u00e7a Halstead Mosquito Reta em A\u00e7o Inox 18cm &#8211; ABC"},"content":{"rendered":"<div id=\"collapseTwo\">\n<div class=\"panel-body\">\n<div id=\"description1\">\n<h2 class=\"h5\">Pin\u00e7a halstead mosquito reta tamanho 18 cm ABC.<\/h2>\n<\/div>\n<\/div>\n<\/div>\n<div class=\"panel-heading productattrs\"><\/div>\n<div>\n<table id=\"productattributes\" class=\"table table-striped productattributes\">\n<tbody>\n<tr>\n<th>Indica\u00e7\u00f5es<\/th>\n<td>O que \u00e9, para que serve e quais as vantagens da pin\u00e7a halstead mosquito reta 18 cm ABC?<\/p>\n<p>A pin\u00e7a halstead mosquito reta ABC \u00e9 confeccionada em a\u00e7o inoxid\u00e1vel cir\u00fargico de alta resist\u00eancia, possui uma ponta curvada com leves denti\u00e7\u00f5es que auxiliam na ader\u00eancia e manuseio da pin\u00e7a, fabricada de acordo com padr\u00f5es internacionais de qualidade, normas da ABNT, CE.<\/td>\n<\/tr>\n<tr>\n<th>Composi\u00e7\u00e3o<\/th>\n<td>Produto Confeccionado em A\u00e7o Inoxid\u00e1vel Cir\u00fargico.<\/td>\n<\/tr>\n<tr>\n<th>Diferenciais e benef\u00edcios<\/th>\n<td>Quais os benef\u00edcios da pin\u00e7a halstead mosquito reta 18 cm ABC?<\/p>\n<p>&#8211; Autoclav\u00e1vel;<br \/>\n&#8211; Fabricada em a\u00e7o inoxid\u00e1vel cir\u00fargico;<br \/>\n&#8211; Fabricado de acordo com padr\u00f5es internacionais de qualidade, normas da ABNT, CE;<br \/>\n&#8211; Embalagem pl\u00e1stica individual, constando os dados de identifica\u00e7\u00e3o, proced\u00eancia e rastreabilidade;<br \/>\n&#8211; Tamanho 18 cm;<br \/>\n&#8211; Instrumento articulado n\u00e3o cortante;<br \/>\n&#8211; Promove maior seguran\u00e7a e praticidade no uso.<\/td>\n<\/tr>\n<tr>\n<th>Itens inclusos<\/th>\n<td>01 Pin\u00e7a halstead mosquito reta tamanho 18 cm ABC.<\/td>\n<\/tr>\n<\/tbody>\n<\/table>\n<\/div>","protected":false},"excerpt":{"rendered":"<h2 class=\"h5\">Pin\u00e7a halstead mosquito reta tamanho 18 cm ABC.<\/h2>","protected":false},"featured_media":3099,"comment_status":"closed","ping_status":"closed","template":"","meta":{"_joinchat":[]},"product_brand":[],"product_cat":[27],"product_tag":[],"class_list":{"0":"post-3098","1":"product","2":"type-product","3":"status-publish","4":"has-post-thumbnail","6":"product_cat-equipamentos-medicos","8":"first","9":"outofstock","10":"shipping-taxable","11":"purchasable","12":"product-type-simple"},"_links":{"self":[{"href":"https:\/\/www.medideal.com.br\/en\/wp-json\/wp\/v2\/product\/3098","targetHints":{"allow":["GET"]}}],"collection":[{"href":"https:\/\/www.medideal.com.br\/en\/wp-json\/wp\/v2\/product"}],"about":[{"href":"https:\/\/www.medideal.com.br\/en\/wp-json\/wp\/v2\/types\/product"}],"replies":[{"embeddable":true,"href":"https:\/\/www.medideal.com.br\/en\/wp-json\/wp\/v2\/comments?post=3098"}],"wp:featuredmedia":[{"embeddable":true,"href":"https:\/\/www.medideal.com.br\/en\/wp-json\/wp\/v2\/media\/3099"}],"wp:attachment":[{"href":"https:\/\/www.medideal.com.br\/en\/wp-json\/wp\/v2\/media?parent=3098"}],"wp:term":[{"taxonomy":"product_brand","embeddable":true,"href":"https:\/\/www.medideal.com.br\/en\/wp-json\/wp\/v2\/product_brand?post=3098"},{"taxonomy":"product_cat","embeddable":true,"href":"https:\/\/www.medideal.com.br\/en\/wp-json\/wp\/v2\/product_cat?post=3098"},{"taxonomy":"product_tag","embeddable":true,"href":"https:\/\/www.medideal.com.br\/en\/wp-json\/wp\/v2\/product_tag?post=3098"}],"curies":[{"name":"wp","href":"https:\/\/api.w.org\/{rel}","templated":true}]}}