{"id":3096,"date":"2023-12-12T11:16:26","date_gmt":"2023-12-12T14:16:26","guid":{"rendered":"https:\/\/www.medideal.com.br\/?post_type=product&#038;p=3096"},"modified":"2024-01-18T16:59:57","modified_gmt":"2024-01-18T19:59:57","slug":"pinca-halstead-mosquito-curva-em-aco-inox-18cm-abc","status":"publish","type":"product","link":"https:\/\/www.medideal.com.br\/en\/pinca-halstead-mosquito-curva-em-aco-inox-18cm-abc\/","title":{"rendered":"Pin\u00e7a Halstead Mosquito Curva em A\u00e7o Inox 18cm &#8211; ABC"},"content":{"rendered":"<table id=\"productattributes\" class=\"table table-striped productattributes\">\n<tbody>\n<tr>\n<th>Indica\u00e7\u00f5es<\/th>\n<td>O que \u00e9, para que serve e quais as vantagens da pin\u00e7a halstead mosquito ABC?<\/p>\n<p>Tem a fun\u00e7\u00e3o de promover a hemostasia (clampeamento de vasos para cessar hemorragias) atrav\u00e9s da compress\u00e3o dos vasos sangu\u00edneos.<\/td>\n<\/tr>\n<tr>\n<th>Diferenciais e benef\u00edcios<\/th>\n<td>Quais os benef\u00edcios da pin\u00e7a halstead mosquito curva ABC?<\/p>\n<p>&#8211; Possui travas para mant\u00ea-la fechada;<br \/>\n&#8211; Produto confeccionado em a\u00e7o inoxid\u00e1vel AISI-420;<br \/>\n&#8211; Ponta curva, com serrilha.<br \/>\n&#8211; F\u00e1cil manuseio;<br \/>\n&#8211; Design moderno;<br \/>\n&#8211; Conforto em sua utiliza\u00e7\u00e3o;<br \/>\n&#8211; Fabricado com material de primeira, tornando-o muito mais qualidade e resist\u00eancia inigual\u00e1vel;<br \/>\n&#8211; Autoclav\u00e1vel.<\/td>\n<\/tr>\n<tr>\n<th>Itens inclusos<\/th>\n<td>01 Pin\u00e7a halstead mosquito curva tamanho 18 cm ABC.<\/td>\n<\/tr>\n<\/tbody>\n<\/table>","protected":false},"excerpt":{"rendered":"<div id=\"collapseTwo\">\n<div class=\"panel-body\">\n<div id=\"description1\">\n<h2 class=\"h5\">Pin\u00e7a halstead mosquito curva tamanho 18 cm ABC.<\/h2>\n<\/div>\n<\/div>\n<\/div>\n<div class=\"panel-heading productattrs\"><\/div>","protected":false},"featured_media":3097,"comment_status":"open","ping_status":"closed","template":"","meta":{"_joinchat":[]},"product_brand":[],"product_cat":[27],"product_tag":[],"class_list":{"0":"post-3096","1":"product","2":"type-product","3":"status-publish","4":"has-post-thumbnail","6":"product_cat-equipamentos-medicos","8":"first","9":"instock","10":"shipping-taxable","11":"purchasable","12":"product-type-simple"},"_links":{"self":[{"href":"https:\/\/www.medideal.com.br\/en\/wp-json\/wp\/v2\/product\/3096","targetHints":{"allow":["GET"]}}],"collection":[{"href":"https:\/\/www.medideal.com.br\/en\/wp-json\/wp\/v2\/product"}],"about":[{"href":"https:\/\/www.medideal.com.br\/en\/wp-json\/wp\/v2\/types\/product"}],"replies":[{"embeddable":true,"href":"https:\/\/www.medideal.com.br\/en\/wp-json\/wp\/v2\/comments?post=3096"}],"wp:featuredmedia":[{"embeddable":true,"href":"https:\/\/www.medideal.com.br\/en\/wp-json\/wp\/v2\/media\/3097"}],"wp:attachment":[{"href":"https:\/\/www.medideal.com.br\/en\/wp-json\/wp\/v2\/media?parent=3096"}],"wp:term":[{"taxonomy":"product_brand","embeddable":true,"href":"https:\/\/www.medideal.com.br\/en\/wp-json\/wp\/v2\/product_brand?post=3096"},{"taxonomy":"product_cat","embeddable":true,"href":"https:\/\/www.medideal.com.br\/en\/wp-json\/wp\/v2\/product_cat?post=3096"},{"taxonomy":"product_tag","embeddable":true,"href":"https:\/\/www.medideal.com.br\/en\/wp-json\/wp\/v2\/product_tag?post=3096"}],"curies":[{"name":"wp","href":"https:\/\/api.w.org\/{rel}","templated":true}]}}