{"id":3094,"date":"2023-12-12T10:58:49","date_gmt":"2023-12-12T13:58:49","guid":{"rendered":"https:\/\/www.medideal.com.br\/?post_type=product&#038;p=3094"},"modified":"2024-01-18T16:59:19","modified_gmt":"2024-01-18T19:59:19","slug":"caneta-lancetadora-g-tech","status":"publish","type":"product","link":"https:\/\/www.medideal.com.br\/en\/caneta-lancetadora-g-tech\/","title":{"rendered":"Caneta Lancetadora &#8211; G Tech"},"content":{"rendered":"<table class=\"table table-striped\">\n<tbody>\n<tr class=\"row\">\n<th class=\"col-xs-4 col-sm-3\">Indica\u00e7\u00f5es<\/th>\n<td class=\"col-xs-6 col-sm-7\">Caneta Lancetadora G-Tech com regulagem de profundidade da pun\u00e7\u00e3o proporcionando conforto ao uso, com sistema de gatilho r\u00e1pido de f\u00e1cil manuseio. Ideal para lancetas G-Tech, \u00c9 indicada para obter amostras de sangue para testes sanguineos. As lancetas s\u00e3o indicadas para uso dom\u00e9stico (usu\u00e1rios leigos)e hospitalar.<\/td>\n<\/tr>\n<tr class=\"row\">\n<th class=\"col-xs-4 col-sm-3\">Diferenciais e benef\u00edcios<\/th>\n<td class=\"col-xs-6 col-sm-7\">&#8211; Ideal para uso com as Lancetas G-TECH;<\/p>\n<p>&#8211; Acionamento suave;<\/p>\n<p>&#8211; 10 n\u00edveis de ajuste de profundidade de pun\u00e7\u00e3o;<\/p>\n<p>&#8211; Fabricada em pol\u00edmero pl\u00e1stico de alta qualidade e resist\u00eancia;<\/p>\n<p>&#8211; F\u00e1cil manuseio e higieniza\u00e7\u00e3o;<\/p>\n<p>&#8211; Design moderno, bonito e super discreto.<\/td>\n<\/tr>\n<tr class=\"row\">\n<th class=\"col-xs-4 col-sm-3\">Modo de Usar<\/th>\n<td class=\"col-xs-6 col-sm-7\">\n<ol>\n<li>Lavar e secar as m\u00e3os. Passe \u00e1lcool 70% para assepsia da \u00e1rea utilizada. A parte central do Lancetador \u00e9 rosque\u00e1vel, ao gir\u00e1-la no sentido hor\u00e1rio, abre-se o dispositivo;<\/li>\n<li>Encaixe a lanceta no Lancetador, mantendo o lacre de prote\u00e7\u00e3o na base;<\/li>\n<li>Remova o lacre da Lanceta com cuidado e feche o Lancetador, girando no sentido anti-hor\u00e1rio. Guarde o lacre para uso no descarte;<\/li>\n<li>Puxe a parte m\u00f3vel do Lancetador no sentido contr\u00e1rio para armar\/engatilhar o dispositivo. Ao ouvir um click, o Lancetador est\u00e1 pornto para ser utilizado.<\/li>\n<li>Posicione o dedo firmemente sobre o Lancetador, e pressione o bot\u00e3o para disparo do gatilho;<\/li>\n<li>Ap\u00f3s o uso, coloque o lacre sobre a lanceta, antes de descart\u00e1-la;<\/li>\n<li>Empurre para frente o ejetor, e descarte a lanceta em local adequado.<\/li>\n<\/ol>\n<\/td>\n<\/tr>\n<tr class=\"row\">\n<th class=\"col-xs-4 col-sm-3\">Itens inclusos<\/th>\n<td class=\"col-xs-6 col-sm-7\">01 caneta;<\/p>\n<p>01 manual de instru\u00e7\u00e3o.<\/td>\n<\/tr>\n<\/tbody>\n<\/table>","protected":false},"excerpt":{"rendered":"<p>&nbsp;<\/p>\n<p>Caneta Lancetadora G-Tech com regulagem de profundidade da pun\u00e7\u00e3o proporcionando conforto ao uso, com sistema de gatilho r\u00e1pido de f\u00e1cil manuseio.<\/p>","protected":false},"featured_media":3095,"comment_status":"open","ping_status":"closed","template":"","meta":{"_joinchat":[]},"product_brand":[],"product_cat":[29],"product_tag":[],"class_list":{"0":"post-3094","1":"product","2":"type-product","3":"status-publish","4":"has-post-thumbnail","6":"product_cat-materiais-de-consumo","8":"first","9":"instock","10":"shipping-taxable","11":"purchasable","12":"product-type-simple"},"_links":{"self":[{"href":"https:\/\/www.medideal.com.br\/en\/wp-json\/wp\/v2\/product\/3094","targetHints":{"allow":["GET"]}}],"collection":[{"href":"https:\/\/www.medideal.com.br\/en\/wp-json\/wp\/v2\/product"}],"about":[{"href":"https:\/\/www.medideal.com.br\/en\/wp-json\/wp\/v2\/types\/product"}],"replies":[{"embeddable":true,"href":"https:\/\/www.medideal.com.br\/en\/wp-json\/wp\/v2\/comments?post=3094"}],"wp:featuredmedia":[{"embeddable":true,"href":"https:\/\/www.medideal.com.br\/en\/wp-json\/wp\/v2\/media\/3095"}],"wp:attachment":[{"href":"https:\/\/www.medideal.com.br\/en\/wp-json\/wp\/v2\/media?parent=3094"}],"wp:term":[{"taxonomy":"product_brand","embeddable":true,"href":"https:\/\/www.medideal.com.br\/en\/wp-json\/wp\/v2\/product_brand?post=3094"},{"taxonomy":"product_cat","embeddable":true,"href":"https:\/\/www.medideal.com.br\/en\/wp-json\/wp\/v2\/product_cat?post=3094"},{"taxonomy":"product_tag","embeddable":true,"href":"https:\/\/www.medideal.com.br\/en\/wp-json\/wp\/v2\/product_tag?post=3094"}],"curies":[{"name":"wp","href":"https:\/\/api.w.org\/{rel}","templated":true}]}}