{"id":3089,"date":"2023-12-12T10:54:00","date_gmt":"2023-12-12T13:54:00","guid":{"rendered":"https:\/\/www.medideal.com.br\/?post_type=product&#038;p=3089"},"modified":"2024-01-18T16:58:51","modified_gmt":"2024-01-18T19:58:51","slug":"fraldas-geriatricas-pacote-c-30-unidades-muryfral","status":"publish","type":"product","link":"https:\/\/www.medideal.com.br\/en\/fraldas-geriatricas-pacote-c-30-unidades-muryfral\/","title":{"rendered":"Fraldas Geri\u00e1tricas Pacote C\/ 30 Unidades &#8211; Muryfral"},"content":{"rendered":"<p>A Fralda nuryfral plus \u00e9 direcionado para o uso geri\u00e1trico. Com cobertura interna em gel super absorvente, com barreira ante -vazamento traz conforto e seguran\u00e7a com melhor ajuste com fitas adesivas largas e reposicion\u00e1veis, para aqueles que necessitam do seu uso: p\u00f3s operat\u00f3rio, p\u00f3s parto, incontin\u00eancia urin\u00e1ria.<\/p>\n<p>&#8211; Unissex adulto<br \/>\n&#8211; Hipoal\u00e9rgico<br \/>\n&#8211; Incontin\u00eancia urin\u00e1ria Moderada<br \/>\n&#8211; Barreiras anti -vazamento.<\/p>\n<p>Composi\u00e7\u00e3o:<\/p>\n<p>Filme polietileno, polpa de celulose, gel ultra absorvente, fitas adesivas, n\u00e3o tecido de polipropileno, adesivos termopl\u00e1stico, fios el\u00e1sticos.<\/p>","protected":false},"excerpt":{"rendered":"<p>A Fralda nuryfral plus \u00e9 direcionado para o uso geri\u00e1trico. Com cobertura interna em gel super absorvente, com barreira ante -vazamento traz conforto e seguran\u00e7a com melhor ajuste com fitas adesivas largas e reposicion\u00e1veis, para aqueles que necessitam do seu uso: p\u00f3s operat\u00f3rio, p\u00f3s parto, incontin\u00eancia urin\u00e1ria.<\/p>","protected":false},"featured_media":3093,"comment_status":"closed","ping_status":"closed","template":"","meta":{"_joinchat":[]},"product_brand":[],"product_cat":[29],"product_tag":[],"class_list":{"0":"post-3089","1":"product","2":"type-product","3":"status-publish","4":"has-post-thumbnail","6":"product_cat-materiais-de-consumo","8":"first","9":"instock","10":"shipping-taxable","11":"purchasable","12":"product-type-variable"},"_links":{"self":[{"href":"https:\/\/www.medideal.com.br\/en\/wp-json\/wp\/v2\/product\/3089","targetHints":{"allow":["GET"]}}],"collection":[{"href":"https:\/\/www.medideal.com.br\/en\/wp-json\/wp\/v2\/product"}],"about":[{"href":"https:\/\/www.medideal.com.br\/en\/wp-json\/wp\/v2\/types\/product"}],"replies":[{"embeddable":true,"href":"https:\/\/www.medideal.com.br\/en\/wp-json\/wp\/v2\/comments?post=3089"}],"wp:featuredmedia":[{"embeddable":true,"href":"https:\/\/www.medideal.com.br\/en\/wp-json\/wp\/v2\/media\/3093"}],"wp:attachment":[{"href":"https:\/\/www.medideal.com.br\/en\/wp-json\/wp\/v2\/media?parent=3089"}],"wp:term":[{"taxonomy":"product_brand","embeddable":true,"href":"https:\/\/www.medideal.com.br\/en\/wp-json\/wp\/v2\/product_brand?post=3089"},{"taxonomy":"product_cat","embeddable":true,"href":"https:\/\/www.medideal.com.br\/en\/wp-json\/wp\/v2\/product_cat?post=3089"},{"taxonomy":"product_tag","embeddable":true,"href":"https:\/\/www.medideal.com.br\/en\/wp-json\/wp\/v2\/product_tag?post=3089"}],"curies":[{"name":"wp","href":"https:\/\/api.w.org\/{rel}","templated":true}]}}