{"id":3064,"date":"2023-12-12T10:44:42","date_gmt":"2023-12-12T13:44:42","guid":{"rendered":"https:\/\/www.medideal.com.br\/?post_type=product&#038;p=3064"},"modified":"2024-01-25T10:31:35","modified_gmt":"2024-01-25T13:31:35","slug":"cinta-modeladora-waist-trainer-preta-esbelt","status":"publish","type":"product","link":"https:\/\/www.medideal.com.br\/en\/cinta-modeladora-waist-trainer-preta-esbelt\/","title":{"rendered":"Cinta Modeladora Waist Trainer Preta &#8211; Esbelt"},"content":{"rendered":"<h3 class=\"heading-2\">DESCRI\u00c7\u00c3O<\/h3>\n<div class=\"h1 h2 h3 h4 h5 h5 p table ul dl\">\n<div class=\"productDescription\">\n<p>A\u00a0<b>cinta para academia Waist Trainer<\/b>\u00a0\u00e9 ideal para pr\u00e1tica de exerc\u00edcios f\u00edsicos pois durante seu treinamento ela vai modelar e reduzir a cintura e a regi\u00e3o do abdome.<\/p>\n<p>A cinta \u00e9 confeccionada em tecido de alta qualidade, emborrachado e com forro em 100% algod\u00e3o para evitar alergias e irrita\u00e7\u00f5es.<\/p>\n<p>Ela vai te ajudar a reduzir medidas durante seus treinos, vai deixar voc\u00ea com a cintura perfeita e atualmente \u00e9 a preferida entre as celebridades internacionais.<\/p>\n<p>As barbatanas por toda pe\u00e7a garantem maior estabilidade ao mesmo tempo permite liberdade de movimentos.<\/p>\n<p>Sua abertura \u00e9 frontal por colchetes facilitando a coloca\u00e7\u00e3o.<\/p>\n<p>Possui dupla regulagem para ser mais confort\u00e1vel.<\/p>\n<p>Somente com indica\u00e7\u00e3o m\u00e9dica a Cinta Esbelt Waist Trainer pode ser usada para al\u00edvio das dores lombares e na recupera\u00e7\u00e3o p\u00f3s-parto.<\/p>\n<p><strong>Caracter\u00edsticas:<\/strong><br \/>\n&#8211; Tecido externo: 95% Viscose e 5% Elastano.<br \/>\n&#8211; Forro interno: tecido 100% Algod\u00e3o.<br \/>\n&#8211; \u00c9 leve e confort\u00e1vel.<\/p>\n<p><strong>Benef\u00edcios:<\/strong><br \/>\n&#8211; Valoriza a linha da cintura.<br \/>\n&#8211; Reduz medidas com conforto.<br \/>\n&#8211; Corrige a postura.<br \/>\n&#8211; Reduz est\u00f4mago.<\/p>\n<p><strong>Modo de usar:<\/strong><br \/>\nAbotoar seu modelador de cima para baixo. Se n\u00e3o ficar bem posicionado, reiniciar o processo e abotoar novamente, ao inv\u00e9s de pux\u00e1-lo.<br \/>\nN\u00e3o use nenhum creme ou pomada no local de contato do modelador.<br \/>\nSe voc\u00ea tem a pele sens\u00edvel recomendamos o uso do seu modelador sobre uma pe\u00e7a de algod\u00e3o (Camiseta). Sugerimos uso inicial de 2 horas aumentando gradativamente.<\/p>\n<\/div>\n<\/div>\n<div>\n<div class=\"row\">\n<div class=\"col-xs-12\">\n<div class=\"product-qd-v1-description\">\n<div class=\"h1 h2 h3 h4 h5 h5 p table ul dl\">\n<div><\/div>\n<div><\/div>\n<div class=\"productDescription\"><strong>Para saber as Medidas:<\/strong><br \/>\n<strong>&#8211; PP:<\/strong> Manequim 36 a 38.<br \/>\n<strong>&#8211; P:<\/strong> Manequim 40.<br \/>\n<strong>&#8211; M:<\/strong> Manequim 42.<br \/>\n<strong>&#8211; G:<\/strong> Manequim 44\/46.<br \/>\n<strong>&#8211; GG:<\/strong> Manequim 48\/50.<\/div>\n<\/div>\n<\/div>\n<\/div>\n<\/div>\n<div class=\"row\"><\/div>\n<\/div>","protected":false},"excerpt":{"rendered":"<p>A\u00a0<b>cinta para academia Waist Trainer<\/b>\u00a0\u00e9 ideal para pr\u00e1tica de exerc\u00edcios f\u00edsicos pois durante seu treinamento ela vai modelar e reduzir a cintura e a regi\u00e3o do abdome.<\/p>","protected":false},"featured_media":3065,"comment_status":"open","ping_status":"closed","template":"","meta":{"_joinchat":[]},"product_brand":[],"product_cat":[117],"product_tag":[],"class_list":{"0":"post-3064","1":"product","2":"type-product","3":"status-publish","4":"has-post-thumbnail","6":"product_cat-faixa-elastica","8":"first","9":"instock","10":"shipping-taxable","11":"purchasable","12":"product-type-variable"},"_links":{"self":[{"href":"https:\/\/www.medideal.com.br\/en\/wp-json\/wp\/v2\/product\/3064","targetHints":{"allow":["GET"]}}],"collection":[{"href":"https:\/\/www.medideal.com.br\/en\/wp-json\/wp\/v2\/product"}],"about":[{"href":"https:\/\/www.medideal.com.br\/en\/wp-json\/wp\/v2\/types\/product"}],"replies":[{"embeddable":true,"href":"https:\/\/www.medideal.com.br\/en\/wp-json\/wp\/v2\/comments?post=3064"}],"wp:featuredmedia":[{"embeddable":true,"href":"https:\/\/www.medideal.com.br\/en\/wp-json\/wp\/v2\/media\/3065"}],"wp:attachment":[{"href":"https:\/\/www.medideal.com.br\/en\/wp-json\/wp\/v2\/media?parent=3064"}],"wp:term":[{"taxonomy":"product_brand","embeddable":true,"href":"https:\/\/www.medideal.com.br\/en\/wp-json\/wp\/v2\/product_brand?post=3064"},{"taxonomy":"product_cat","embeddable":true,"href":"https:\/\/www.medideal.com.br\/en\/wp-json\/wp\/v2\/product_cat?post=3064"},{"taxonomy":"product_tag","embeddable":true,"href":"https:\/\/www.medideal.com.br\/en\/wp-json\/wp\/v2\/product_tag?post=3064"}],"curies":[{"name":"wp","href":"https:\/\/api.w.org\/{rel}","templated":true}]}}