{"id":3042,"date":"2023-12-11T17:00:07","date_gmt":"2023-12-11T20:00:07","guid":{"rendered":"https:\/\/www.medideal.com.br\/?post_type=product&#038;p=3042"},"modified":"2024-01-25T10:54:58","modified_gmt":"2024-01-25T13:54:58","slug":"cinta-masculina-emborrachada-407-esbelt","status":"publish","type":"product","link":"https:\/\/www.medideal.com.br\/en\/cinta-masculina-emborrachada-407-esbelt\/","title":{"rendered":"Cinta Masculina Emborrachada 407 &#8211;  Esbelt"},"content":{"rendered":"<p>Cinta Masculina Emborrachada Esbelt 407<\/p>\n<p>Nossa linha masculina conta com esta incr\u00edvel cinta em Cotton, perfeita para ser usada em qualquer ocasi\u00e3o.<br \/>\nConfeccionada com tecido emborrachado, este produto conta com barbatanas e fecho por colchetes de dupla regulagem, te permitindo maior conforto no uso.<br \/>\nAjuda a real\u00e7ar a silhueta do abd\u00f4men e o uso cont\u00ednuo reduz medidas.<\/p>\n<p>Composi\u00e7\u00e3o: 100% algod\u00e3o internamente com aplica\u00e7\u00e3o de borracha externamente.<\/p>\n<p>&nbsp;<\/p>\n<table border=\"1\" width=\"100%\">\n<tbody>\n<tr>\n<td colspan=\"13\">\n<div align=\"center\"><strong>Peso (Kg)<\/strong><\/div>\n<\/td>\n<\/tr>\n<tr>\n<td rowspan=\"10\" width=\"9%\">\n<div align=\"center\"><strong>Altura (m)<\/strong><\/div>\n<\/td>\n<td width=\"10%\">\n<div align=\"center\"><\/div>\n<\/td>\n<td width=\"7%\">\n<div align=\"center\">60<\/div>\n<\/td>\n<td width=\"7%\">\n<div align=\"center\">65<\/div>\n<\/td>\n<td width=\"7%\">\n<div align=\"center\">67<\/div>\n<\/td>\n<td width=\"7%\">\n<div align=\"center\">70<\/div>\n<\/td>\n<td width=\"7%\">\n<div align=\"center\">75<\/div>\n<\/td>\n<td width=\"7%\">\n<div align=\"center\">80<\/div>\n<\/td>\n<td width=\"8%\">\n<div align=\"center\">85<\/div>\n<\/td>\n<td width=\"7%\">\n<div align=\"center\">90<\/div>\n<\/td>\n<td width=\"9%\">\n<div align=\"center\">100<\/div>\n<\/td>\n<td width=\"8%\">\n<div align=\"center\">110<\/div>\n<\/td>\n<td width=\"7%\">\n<div align=\"center\">125<\/div>\n<\/td>\n<\/tr>\n<tr>\n<td>\n<div align=\"center\">1,50<\/div>\n<\/td>\n<td bgcolor=\"#bedaf2\">\n<div align=\"center\"><\/div>\n<\/td>\n<td bgcolor=\"#79b6e5\">\n<div align=\"center\"><\/div>\n<\/td>\n<td bgcolor=\"#bedaf2\">\n<div align=\"center\"><\/div>\n<\/td>\n<td bgcolor=\"#bedaf2\">\n<div align=\"center\"><\/div>\n<\/td>\n<td bgcolor=\"#79b6e5\">\n<div align=\"center\"><\/div>\n<\/td>\n<td bgcolor=\"#79b6e5\">\n<div align=\"center\"><\/div>\n<\/td>\n<td bgcolor=\"#79b6e5\">\n<div align=\"center\"><\/div>\n<\/td>\n<td bgcolor=\"#bedaf2\">\n<div align=\"center\"><\/div>\n<\/td>\n<td bgcolor=\"#bedaf2\">\n<div align=\"center\"><\/div>\n<\/td>\n<td bgcolor=\"#79b6e5\">\n<div align=\"center\"><\/div>\n<\/td>\n<td bgcolor=\"#79b6e5\">\n<div align=\"center\"><\/div>\n<\/td>\n<\/tr>\n<tr>\n<td>\n<div align=\"center\">1,55<\/div>\n<\/td>\n<td bgcolor=\"#bedaf2\">\n<div align=\"center\"><\/div>\n<\/td>\n<td bgcolor=\"#79b6e5\">\n<div align=\"center\"><\/div>\n<\/td>\n<td bgcolor=\"#79b6e5\">\n<div align=\"center\"><\/div>\n<\/td>\n<td bgcolor=\"#bedaf2\">\n<div align=\"center\"><\/div>\n<\/td>\n<td bgcolor=\"#bedaf2\">\n<div align=\"center\"><\/div>\n<\/td>\n<td bgcolor=\"#79b6e5\">\n<div align=\"center\"><\/div>\n<\/td>\n<td bgcolor=\"#79b6e5\">\n<div align=\"center\"><\/div>\n<\/td>\n<td bgcolor=\"#79b6e5\">\n<div align=\"center\"><\/div>\n<\/td>\n<td bgcolor=\"#bedaf2\">\n<div align=\"center\"><\/div>\n<\/td>\n<td bgcolor=\"#79b6e5\">\n<div align=\"center\"><\/div>\n<\/td>\n<td bgcolor=\"#79b6e5\">\n<div align=\"center\"><\/div>\n<\/td>\n<\/tr>\n<tr>\n<td>\n<div align=\"center\">1,60<\/div>\n<\/td>\n<td bgcolor=\"#bedaf2\">\n<div align=\"center\"><\/div>\n<\/td>\n<td bgcolor=\"#79b6e5\">\n<div align=\"center\"><\/div>\n<\/td>\n<td bgcolor=\"#79b6e5\">\n<div align=\"center\"><\/div>\n<\/td>\n<td bgcolor=\"#bedaf2\">\n<div align=\"center\"><\/div>\n<\/td>\n<td bgcolor=\"#bedaf2\">\n<div align=\"center\"><\/div>\n<\/td>\n<td bgcolor=\"#bedaf2\">\n<div align=\"center\"><\/div>\n<\/td>\n<td bgcolor=\"#79b6e5\">\n<div align=\"center\"><\/div>\n<\/td>\n<td bgcolor=\"#79b6e5\">\n<div align=\"center\"><\/div>\n<\/td>\n<td bgcolor=\"#bedaf2\">\n<div align=\"center\"><\/div>\n<\/td>\n<td bgcolor=\"#79b6e5\">\n<div align=\"center\"><\/div>\n<\/td>\n<td bgcolor=\"#79b6e5\">\n<div align=\"center\"><\/div>\n<\/td>\n<\/tr>\n<tr>\n<td>\n<div align=\"center\">1,65<\/div>\n<\/td>\n<td bgcolor=\"#bedaf2\">\n<div align=\"center\"><strong><span style=\"color: #6d6b6b\">P<\/span><\/strong><\/div>\n<\/td>\n<td bgcolor=\"#79b6e5\">\n<div align=\"center\"><\/div>\n<\/td>\n<td bgcolor=\"#79b6e5\">\n<div align=\"center\"><strong><span style=\"color: #6d6b6b\">M<\/span><\/strong><\/div>\n<\/td>\n<td bgcolor=\"#bedaf2\">\n<div align=\"center\"><\/div>\n<\/td>\n<td bgcolor=\"#bedaf2\">\n<div align=\"center\"><strong><span style=\"color: #6d6b6b\">G<\/span><\/strong><\/div>\n<\/td>\n<td bgcolor=\"#bedaf2\">\n<div align=\"center\"><\/div>\n<\/td>\n<td bgcolor=\"#79b6e5\">\n<div align=\"center\"><strong><span style=\"color: #6d6b6b\">GG<\/span><\/strong><\/div>\n<\/td>\n<td bgcolor=\"#79b6e5\">\n<div align=\"center\"><\/div>\n<\/td>\n<td bgcolor=\"#bedaf2\">\n<div align=\"center\"><strong><span style=\"color: #6d6b6b\">EGG<\/span><\/strong><\/div>\n<\/td>\n<td bgcolor=\"#79b6e5\"><\/td>\n<td bgcolor=\"#79b6e5\"><\/td>\n<\/tr>\n<tr>\n<td>\n<div align=\"center\">1,70<\/div>\n<\/td>\n<td bgcolor=\"#bedaf2\"><\/td>\n<td bgcolor=\"#bedaf2\"><\/td>\n<td bgcolor=\"#79b6e5\"><\/td>\n<td bgcolor=\"#79b6e5\"><\/td>\n<td bgcolor=\"#bedaf2\"><\/td>\n<td bgcolor=\"#bedaf2\"><\/td>\n<td bgcolor=\"#79b6e5\"><\/td>\n<td bgcolor=\"#79b6e5\"><\/td>\n<td bgcolor=\"#bedaf2\"><\/td>\n<td bgcolor=\"#79b6e5\"><\/td>\n<td bgcolor=\"#79b6e5\"><\/td>\n<\/tr>\n<tr>\n<td>\n<div align=\"center\">1,75<\/div>\n<\/td>\n<td bgcolor=\"#bedaf2\"><\/td>\n<td bgcolor=\"#bedaf2\"><\/td>\n<td bgcolor=\"#79b6e5\"><\/td>\n<td bgcolor=\"#79b6e5\"><\/td>\n<td bgcolor=\"#79b6e5\"><\/td>\n<td bgcolor=\"#bedaf2\"><\/td>\n<td bgcolor=\"#79b6e5\"><\/td>\n<td bgcolor=\"#79b6e5\"><\/td>\n<td bgcolor=\"#bedaf2\"><\/td>\n<td bgcolor=\"#79b6e5\"><\/td>\n<td bgcolor=\"#79b6e5\"><\/td>\n<\/tr>\n<tr>\n<td>\n<div align=\"center\">1,80<\/div>\n<\/td>\n<td bgcolor=\"#bedaf2\"><\/td>\n<td bgcolor=\"#bedaf2\"><\/td>\n<td bgcolor=\"#79b6e5\"><\/td>\n<td bgcolor=\"#79b6e5\"><\/td>\n<td bgcolor=\"#79b6e5\"><\/td>\n<td bgcolor=\"#bedaf2\"><\/td>\n<td bgcolor=\"#79b6e5\"><\/td>\n<td bgcolor=\"#79b6e5\"><\/td>\n<td bgcolor=\"#bedaf2\"><\/td>\n<td bgcolor=\"#79b6e5\"><\/td>\n<td bgcolor=\"#79b6e5\"><\/td>\n<\/tr>\n<tr>\n<td>\n<div align=\"center\">1,85<\/div>\n<\/td>\n<td bgcolor=\"#bedaf2\"><\/td>\n<td bgcolor=\"#bedaf2\"><\/td>\n<td bgcolor=\"#79b6e5\"><\/td>\n<td bgcolor=\"#79b6e5\"><\/td>\n<td bgcolor=\"#79b6e5\"><\/td>\n<td bgcolor=\"#bedaf2\"><\/td>\n<td bgcolor=\"#79b6e5\"><\/td>\n<td bgcolor=\"#79b6e5\"><\/td>\n<td bgcolor=\"#bedaf2\"><\/td>\n<td bgcolor=\"#79b6e5\"><\/td>\n<td bgcolor=\"#79b6e5\"><\/td>\n<\/tr>\n<tr>\n<td>\n<div align=\"center\">1,90<\/div>\n<\/td>\n<td bgcolor=\"#bedaf2\"><\/td>\n<td bgcolor=\"#bedaf2\"><\/td>\n<td bgcolor=\"#79b6e5\"><\/td>\n<td bgcolor=\"#79b6e5\"><\/td>\n<td bgcolor=\"#79b6e5\"><\/td>\n<td bgcolor=\"#bedaf2\"><\/td>\n<td bgcolor=\"#79b6e5\"><\/td>\n<td bgcolor=\"#79b6e5\"><\/td>\n<td bgcolor=\"#bedaf2\"><\/td>\n<td bgcolor=\"#79b6e5\"><\/td>\n<td bgcolor=\"#79b6e5\"><\/td>\n<\/tr>\n<tr>\n<td colspan=\"2\">\n<div align=\"center\"><strong>Equival\u00eancia<\/strong><\/div>\n<\/td>\n<td colspan=\"2\" bgcolor=\"#bedaf2\">\n<div align=\"center\">40 | 42<\/div>\n<\/td>\n<td colspan=\"3\" bgcolor=\"#79b6e5\">\n<div align=\"center\">44 | 46<\/div>\n<\/td>\n<td bgcolor=\"#bedaf2\">\n<div align=\"center\">48<\/div>\n<\/td>\n<td colspan=\"2\" bgcolor=\"#79b6e5\">\n<div align=\"center\">50<\/div>\n<\/td>\n<td bgcolor=\"#bedaf2\">\n<div align=\"center\">52<\/div>\n<\/td>\n<td colspan=\"2\" bgcolor=\"#79b6e5\">\n<div align=\"center\"><\/div>\n<\/td>\n<\/tr>\n<\/tbody>\n<\/table>","protected":false},"excerpt":{"rendered":"<p>Confeccionada com tecido emborrachado, este produto conta com barbatanas e fecho por colchetes de dupla regulagem, te permitindo maior conforto no uso.<\/p>","protected":false},"featured_media":3048,"comment_status":"open","ping_status":"closed","template":"","meta":{"_joinchat":[]},"product_brand":[],"product_cat":[117],"product_tag":[],"class_list":{"0":"post-3042","1":"product","2":"type-product","3":"status-publish","4":"has-post-thumbnail","6":"product_cat-faixa-elastica","8":"first","9":"instock","10":"shipping-taxable","11":"purchasable","12":"product-type-variable"},"_links":{"self":[{"href":"https:\/\/www.medideal.com.br\/en\/wp-json\/wp\/v2\/product\/3042","targetHints":{"allow":["GET"]}}],"collection":[{"href":"https:\/\/www.medideal.com.br\/en\/wp-json\/wp\/v2\/product"}],"about":[{"href":"https:\/\/www.medideal.com.br\/en\/wp-json\/wp\/v2\/types\/product"}],"replies":[{"embeddable":true,"href":"https:\/\/www.medideal.com.br\/en\/wp-json\/wp\/v2\/comments?post=3042"}],"wp:featuredmedia":[{"embeddable":true,"href":"https:\/\/www.medideal.com.br\/en\/wp-json\/wp\/v2\/media\/3048"}],"wp:attachment":[{"href":"https:\/\/www.medideal.com.br\/en\/wp-json\/wp\/v2\/media?parent=3042"}],"wp:term":[{"taxonomy":"product_brand","embeddable":true,"href":"https:\/\/www.medideal.com.br\/en\/wp-json\/wp\/v2\/product_brand?post=3042"},{"taxonomy":"product_cat","embeddable":true,"href":"https:\/\/www.medideal.com.br\/en\/wp-json\/wp\/v2\/product_cat?post=3042"},{"taxonomy":"product_tag","embeddable":true,"href":"https:\/\/www.medideal.com.br\/en\/wp-json\/wp\/v2\/product_tag?post=3042"}],"curies":[{"name":"wp","href":"https:\/\/api.w.org\/{rel}","templated":true}]}}