{"id":3033,"date":"2023-12-11T16:25:44","date_gmt":"2023-12-11T19:25:44","guid":{"rendered":"https:\/\/www.medideal.com.br\/?post_type=product&#038;p=3033"},"modified":"2024-01-25T10:55:29","modified_gmt":"2024-01-25T13:55:29","slug":"cinta-esbelt-modeladora-emborrachada-body-shaper-404","status":"publish","type":"product","link":"https:\/\/www.medideal.com.br\/en\/cinta-esbelt-modeladora-emborrachada-body-shaper-404\/","title":{"rendered":"Cinta Modeladora Emborrachada Body Shaper 404 &#8211; Esbelt"},"content":{"rendered":"<p>A Cinta Modeladora Esbelt Cotton, de refer\u00eancia 404, \u00e9 a pe\u00e7a certa para modelar suas curvas, esculpir contornos e te deixar ainda mais PODEROSA.<br \/>\nIndicado para o dia a dia, ele est\u00e1 no mercado h\u00e1 mais de 50 anos, comprovando sua efetividade. \u00c9 confeccionado em tecido emborrachado desenvolvido exclusivamente pela Esbelt, com compress\u00e3o e efic\u00e1cia comprovadas.<br \/>\nPossui al\u00e7as ajust\u00e1veis, 4 barbatas retas e met\u00e1licas e fecho por colchetes de dupla regulagem, que atuam diretamente na corre\u00e7\u00e3o da postura.<br \/>\nA pe\u00e7a valoriza contornos da cintura e modela comprimindo de forma ideal, al\u00e9m disso ele delineia suas costas e pode ser usado diariamente, n\u00e3o marcando sob as roupas.<\/p>\n<p>BENEF\u00cdCIOS<br \/>\n&#8211; Diminui medidas IMEDIATAMENTE, com muito conforto<br \/>\n&#8211; Alivia dores lombares<br \/>\n&#8211; Possui 4 barbatanas retas que atuam diretamente na corre\u00e7\u00e3o postural<br \/>\n&#8211; Valoriza a linha da cintura<br \/>\n&#8211; Fecho\/Abertura em dupla regulagem<br \/>\n&#8211; Modela abd\u00f4men, cintura e flancos<\/p>\n<p>CONSERVA\u00c7\u00c3O<br \/>\n&#8211; Por se tratar de um produto de uso \u00edntimo, recomendamos a lavagem antes do primeiro uso.<br \/>\n&#8211; Recomendamos lavar \u00e0 m\u00e3o da seguinte forma: use uma escova macia com sab\u00e3o neutro, enxague normalmente e n\u00e3o deixe de molho.<br \/>\n&#8211; N\u00e3o torcer<br \/>\n&#8211; Deixe secar naturalmente \u00e0 sombra<br \/>\n&#8211; N\u00e3o use alvejante e NUNCA EXPOR AO SOL<br \/>\n&#8211; Para limpar: basta passar um pano umedecido em \u00e1gua morna<br \/>\n&#8211; N\u00e3o use nenhum tipo de solvente ou removedor.<\/p>\n<p>**Advert\u00eancia sobre a borracha natural**<br \/>\nEste produto cont\u00e9m borracha natural. Algumas pessoas s\u00e3o sens\u00edveis \u00e0 prote\u00edna do l\u00e1tex. Considere isso em caso de desconforto.<\/p>\n<p>ITENS INCLUSOS<br \/>\n&#8211; 01 CINTA MODELADORA<\/p>\n<p>FICHA T\u00c9CNICA<br \/>\n&#8211; Composi\u00e7\u00e3o: 100% Algod\u00e3o<br \/>\n&#8211; Produto com aplica\u00e7\u00e3o de borracha<br \/>\n&#8211; Marca: Esbelt<br \/>\n&#8211; Modelo: Cotton ref. 404<br \/>\n&#8211; Tamanho: PP ao 4EG (escolha na varia\u00e7\u00e3o do anuncio)<br \/>\n&#8211; Fecho duplo<br \/>\n&#8211; 4 barbatanas retas<\/p>\n<p>TABELA DE MEDIDAS (<strong>circunfer\u00eancia da cintura e quadril<\/strong>)<\/p>\n<table border=\"1\" cellspacing=\"1\" cellpadding=\"1\">\n<tbody>\n<tr>\n<td>\n<div>TAMANHO<\/div>\n<\/td>\n<td>\n<div>CINTURA(cm)<\/div>\n<\/td>\n<td>\n<div>QUADRIL(cm)<\/div>\n<\/td>\n<\/tr>\n<tr>\n<td>\n<div>PP<\/div>\n<\/td>\n<td>\n<div>60 &#8211; 63 cm<\/div>\n<\/td>\n<td>\n<div>86 &#8211; 89 cm<\/div>\n<\/td>\n<\/tr>\n<tr>\n<td>\n<div>P<\/div>\n<\/td>\n<td>\n<div>64 &#8211; 71 cm<\/div>\n<\/td>\n<td>\n<div>90 &#8211; 97 cm<\/div>\n<\/td>\n<\/tr>\n<tr>\n<td>\n<div>M<\/div>\n<\/td>\n<td>\n<div>72 &#8211; 79 cm<\/div>\n<\/td>\n<td>\n<div>98 &#8211; 105 cm<\/div>\n<\/td>\n<\/tr>\n<tr>\n<td>\n<div>G<\/div>\n<\/td>\n<td>\n<div>80 &#8211; 87 cm<\/div>\n<\/td>\n<td>\n<div>106 &#8211; 114 cm<\/div>\n<\/td>\n<\/tr>\n<tr>\n<td>\n<div>GG<\/div>\n<\/td>\n<td>\n<div>88 &#8211; 95 cm<\/div>\n<\/td>\n<td>\n<div>115 &#8211; 121 cm<\/div>\n<\/td>\n<\/tr>\n<tr>\n<td>\n<div>EGG<\/div>\n<\/td>\n<td>\n<div>100 &#8211; 109 cm<\/div>\n<\/td>\n<td>\n<div>125 &#8211; 139 cm<\/div>\n<\/td>\n<\/tr>\n<\/tbody>\n<\/table>","protected":false},"excerpt":{"rendered":"<p>A Cinta Modeladora Esbelt Cotton, de refer\u00eancia 404, \u00e9 a pe\u00e7a certa para modelar suas curvas, esculpir contornos e te deixar ainda mais PODEROSA.<\/p>","protected":false},"featured_media":3034,"comment_status":"open","ping_status":"closed","template":"","meta":{"_joinchat":[]},"product_brand":[],"product_cat":[117],"product_tag":[],"class_list":{"0":"post-3033","1":"product","2":"type-product","3":"status-publish","4":"has-post-thumbnail","6":"product_cat-faixa-elastica","8":"first","9":"instock","10":"shipping-taxable","11":"purchasable","12":"product-type-variable"},"_links":{"self":[{"href":"https:\/\/www.medideal.com.br\/en\/wp-json\/wp\/v2\/product\/3033","targetHints":{"allow":["GET"]}}],"collection":[{"href":"https:\/\/www.medideal.com.br\/en\/wp-json\/wp\/v2\/product"}],"about":[{"href":"https:\/\/www.medideal.com.br\/en\/wp-json\/wp\/v2\/types\/product"}],"replies":[{"embeddable":true,"href":"https:\/\/www.medideal.com.br\/en\/wp-json\/wp\/v2\/comments?post=3033"}],"wp:featuredmedia":[{"embeddable":true,"href":"https:\/\/www.medideal.com.br\/en\/wp-json\/wp\/v2\/media\/3034"}],"wp:attachment":[{"href":"https:\/\/www.medideal.com.br\/en\/wp-json\/wp\/v2\/media?parent=3033"}],"wp:term":[{"taxonomy":"product_brand","embeddable":true,"href":"https:\/\/www.medideal.com.br\/en\/wp-json\/wp\/v2\/product_brand?post=3033"},{"taxonomy":"product_cat","embeddable":true,"href":"https:\/\/www.medideal.com.br\/en\/wp-json\/wp\/v2\/product_cat?post=3033"},{"taxonomy":"product_tag","embeddable":true,"href":"https:\/\/www.medideal.com.br\/en\/wp-json\/wp\/v2\/product_tag?post=3033"}],"curies":[{"name":"wp","href":"https:\/\/api.w.org\/{rel}","templated":true}]}}