{"id":3027,"date":"2023-12-11T15:58:13","date_gmt":"2023-12-11T18:58:13","guid":{"rendered":"https:\/\/www.medideal.com.br\/?post_type=product&#038;p=3027"},"modified":"2024-01-18T16:45:52","modified_gmt":"2024-01-18T19:45:52","slug":"capa-almofada-caixa-de-ovo-magic-bag","status":"publish","type":"product","link":"https:\/\/www.medideal.com.br\/en\/capa-almofada-caixa-de-ovo-magic-bag\/","title":{"rendered":"Capa Almofada Caixa de Ovo &#8211; Magic Bag"},"content":{"rendered":"<p><b>CAPA PARA ALMOFADA CAIXA DE OVO IMPERME\u00c1VEL MAGICBAG<\/b><\/p>\n<p><b><br \/>\n<\/b>IMPERME\u00c1VEL, LAV\u00c1VEL, ANTIAL\u00c9RGICO, COM Z\u00cdPER<\/p>\n<p>UTILIZADO POR CLINICAS DE FISIOTERAPIAS, MASSAGISTAS, HOSPITAIS, RESID\u00caNCIAS, ETC.<\/p>\n<p>DIMENS\u00d5ES: 0,45X0,45M<\/p>","protected":false},"excerpt":{"rendered":"<p><b>CAPA PARA ALMOFADA CAIXA DE OVO IMPERME\u00c1VEL MAGICBAG<\/b><\/p>","protected":false},"featured_media":3030,"comment_status":"open","ping_status":"closed","template":"","meta":{"_joinchat":[]},"product_brand":[],"product_cat":[116],"product_tag":[],"class_list":{"0":"post-3027","1":"product","2":"type-product","3":"status-publish","4":"has-post-thumbnail","6":"product_cat-colchoes-lencois-e-protetores","8":"first","9":"instock","10":"shipping-taxable","11":"purchasable","12":"product-type-simple"},"_links":{"self":[{"href":"https:\/\/www.medideal.com.br\/en\/wp-json\/wp\/v2\/product\/3027","targetHints":{"allow":["GET"]}}],"collection":[{"href":"https:\/\/www.medideal.com.br\/en\/wp-json\/wp\/v2\/product"}],"about":[{"href":"https:\/\/www.medideal.com.br\/en\/wp-json\/wp\/v2\/types\/product"}],"replies":[{"embeddable":true,"href":"https:\/\/www.medideal.com.br\/en\/wp-json\/wp\/v2\/comments?post=3027"}],"wp:featuredmedia":[{"embeddable":true,"href":"https:\/\/www.medideal.com.br\/en\/wp-json\/wp\/v2\/media\/3030"}],"wp:attachment":[{"href":"https:\/\/www.medideal.com.br\/en\/wp-json\/wp\/v2\/media?parent=3027"}],"wp:term":[{"taxonomy":"product_brand","embeddable":true,"href":"https:\/\/www.medideal.com.br\/en\/wp-json\/wp\/v2\/product_brand?post=3027"},{"taxonomy":"product_cat","embeddable":true,"href":"https:\/\/www.medideal.com.br\/en\/wp-json\/wp\/v2\/product_cat?post=3027"},{"taxonomy":"product_tag","embeddable":true,"href":"https:\/\/www.medideal.com.br\/en\/wp-json\/wp\/v2\/product_tag?post=3027"}],"curies":[{"name":"wp","href":"https:\/\/api.w.org\/{rel}","templated":true}]}}