{"id":3024,"date":"2023-12-11T15:53:33","date_gmt":"2023-12-11T18:53:33","guid":{"rendered":"https:\/\/www.medideal.com.br\/?post_type=product&#038;p=3024"},"modified":"2024-01-18T16:45:28","modified_gmt":"2024-01-18T19:45:28","slug":"protetor-assento-sanitario-c-5-unidades-magic-bag","status":"publish","type":"product","link":"https:\/\/www.medideal.com.br\/en\/protetor-assento-sanitario-c-5-unidades-magic-bag\/","title":{"rendered":"Protetor Assento Sanit\u00e1rio C\/5 Unidades &#8211; Magic Bag"},"content":{"rendered":"<p>Protetor para Assento Sanit\u00e1rio descart\u00e1vel em PVC fabricado para auxiliar na preven\u00e7\u00e3o de contamina\u00e7\u00e3o cruzada proporcionando higiene e seguran\u00e7a. Al\u00e9m de ser imperme\u00e1vel, possui f\u00e1cil coloca\u00e7\u00e3o sendo sobreposto no vaso sanit\u00e1rio sem qualquer contato.<\/p>\n<p><strong>Especifica\u00e7\u00f5es<\/strong><\/p>\n<p>Material: PVC<\/p>\n<p>Quantidade: Pacote com 5 und.<\/p>","protected":false},"excerpt":{"rendered":"<p>Protetor para Assento Sanit\u00e1rio descart\u00e1vel em PVC fabricado para auxiliar na preven\u00e7\u00e3o de contamina\u00e7\u00e3o cruzada proporcionando higiene e seguran\u00e7a.<\/p>","protected":false},"featured_media":3026,"comment_status":"open","ping_status":"closed","template":"","meta":{"_joinchat":[]},"product_brand":[],"product_cat":[29],"product_tag":[],"class_list":{"0":"post-3024","1":"product","2":"type-product","3":"status-publish","4":"has-post-thumbnail","6":"product_cat-materiais-de-consumo","8":"first","9":"instock","10":"shipping-taxable","11":"purchasable","12":"product-type-simple"},"_links":{"self":[{"href":"https:\/\/www.medideal.com.br\/en\/wp-json\/wp\/v2\/product\/3024","targetHints":{"allow":["GET"]}}],"collection":[{"href":"https:\/\/www.medideal.com.br\/en\/wp-json\/wp\/v2\/product"}],"about":[{"href":"https:\/\/www.medideal.com.br\/en\/wp-json\/wp\/v2\/types\/product"}],"replies":[{"embeddable":true,"href":"https:\/\/www.medideal.com.br\/en\/wp-json\/wp\/v2\/comments?post=3024"}],"wp:featuredmedia":[{"embeddable":true,"href":"https:\/\/www.medideal.com.br\/en\/wp-json\/wp\/v2\/media\/3026"}],"wp:attachment":[{"href":"https:\/\/www.medideal.com.br\/en\/wp-json\/wp\/v2\/media?parent=3024"}],"wp:term":[{"taxonomy":"product_brand","embeddable":true,"href":"https:\/\/www.medideal.com.br\/en\/wp-json\/wp\/v2\/product_brand?post=3024"},{"taxonomy":"product_cat","embeddable":true,"href":"https:\/\/www.medideal.com.br\/en\/wp-json\/wp\/v2\/product_cat?post=3024"},{"taxonomy":"product_tag","embeddable":true,"href":"https:\/\/www.medideal.com.br\/en\/wp-json\/wp\/v2\/product_tag?post=3024"}],"curies":[{"name":"wp","href":"https:\/\/api.w.org\/{rel}","templated":true}]}}