{"id":3022,"date":"2023-12-11T13:26:17","date_gmt":"2023-12-11T16:26:17","guid":{"rendered":"https:\/\/www.medideal.com.br\/?post_type=product&#038;p=3022"},"modified":"2024-01-18T16:45:04","modified_gmt":"2024-01-18T19:45:04","slug":"babador-adulto-pvc-magic-bag","status":"publish","type":"product","link":"https:\/\/www.medideal.com.br\/en\/babador-adulto-pvc-magic-bag\/","title":{"rendered":"Babador Adulto PVC &#8211; Magic Bag"},"content":{"rendered":"<p>Babador Impermeavel com Fitilho \u00e9 um produto para ser utilizado para cobrir a regi\u00e3o do colo dos pacientes em procedimentos na \u00e1rea da sa\u00fade, e tambem para pessoa acamada. Cont\u00e9m a mais alta qualidade, imperme\u00e1vel, mais resistente.<\/p>\n<p>Caracter\u00edstica:<\/p>\n<p>Composi\u00e7\u00e3o: 100% PVC.<\/p>\n<p>Resist\u00eancia \u00e0 umidade, abras\u00e3o e a a\u00e7\u00e3o de fungos e bact\u00e9rias.<\/p>\n<p>N\u00e3o est\u00e9ril e n\u00e3o inflam\u00e1vel.<\/p>\n<p>Lav\u00e1vel.<\/p>\n<p>N\u00e3o absorve l\u00edquido (como \u00e1gua, corantes, sangue, etc.)<\/p>\n<p>Cor: Incolor.<\/p>","protected":false},"excerpt":{"rendered":"<p>Babador Imperme\u00e1vel com Fitilho \u00e9 um produto para ser utilizado para cobrir a regi\u00e3o do colo dos pacientes em procedimentos na \u00e1rea da sa\u00fade, e tambem para pessoa acamada.<\/p>","protected":false},"featured_media":3023,"comment_status":"open","ping_status":"closed","template":"","meta":{"_joinchat":[]},"product_brand":[],"product_cat":[29],"product_tag":[],"class_list":{"0":"post-3022","1":"product","2":"type-product","3":"status-publish","4":"has-post-thumbnail","6":"product_cat-materiais-de-consumo","8":"first","9":"instock","10":"shipping-taxable","11":"purchasable","12":"product-type-simple"},"_links":{"self":[{"href":"https:\/\/www.medideal.com.br\/en\/wp-json\/wp\/v2\/product\/3022","targetHints":{"allow":["GET"]}}],"collection":[{"href":"https:\/\/www.medideal.com.br\/en\/wp-json\/wp\/v2\/product"}],"about":[{"href":"https:\/\/www.medideal.com.br\/en\/wp-json\/wp\/v2\/types\/product"}],"replies":[{"embeddable":true,"href":"https:\/\/www.medideal.com.br\/en\/wp-json\/wp\/v2\/comments?post=3022"}],"wp:featuredmedia":[{"embeddable":true,"href":"https:\/\/www.medideal.com.br\/en\/wp-json\/wp\/v2\/media\/3023"}],"wp:attachment":[{"href":"https:\/\/www.medideal.com.br\/en\/wp-json\/wp\/v2\/media?parent=3022"}],"wp:term":[{"taxonomy":"product_brand","embeddable":true,"href":"https:\/\/www.medideal.com.br\/en\/wp-json\/wp\/v2\/product_brand?post=3022"},{"taxonomy":"product_cat","embeddable":true,"href":"https:\/\/www.medideal.com.br\/en\/wp-json\/wp\/v2\/product_cat?post=3022"},{"taxonomy":"product_tag","embeddable":true,"href":"https:\/\/www.medideal.com.br\/en\/wp-json\/wp\/v2\/product_tag?post=3022"}],"curies":[{"name":"wp","href":"https:\/\/api.w.org\/{rel}","templated":true}]}}