{"id":3021,"date":"2023-12-11T13:17:03","date_gmt":"2023-12-11T16:17:03","guid":{"rendered":"https:\/\/www.medideal.com.br\/?post_type=product&#038;p=3021"},"modified":"2024-01-18T16:44:44","modified_gmt":"2024-01-18T19:44:44","slug":"lencol-pvc-casal-incolor-magic-bag","status":"publish","type":"product","link":"https:\/\/www.medideal.com.br\/en\/lencol-pvc-casal-incolor-magic-bag\/","title":{"rendered":"Len\u00e7ol PVC Casal Incolor &#8211; Magic Bag"},"content":{"rendered":"<p>Capa para colch\u00e3o, confeccionada em PVC, imperme\u00e1vel, lav\u00e1vel e antial\u00e9rgico. \u00c9 utilizado em clinicas de fisioterapias, por massagistas, em hospitais, em resid\u00eancias entre outros. Serve para quem tem interesse em aumentar a preserva\u00e7\u00e3o e higieniza\u00e7\u00e3o do seu colch\u00e3o. O protetor evita o acumulo de \u00e1caros e bact\u00e9rias, que aparecem na falta de luz solar e ventila\u00e7\u00e3o, tornando o produto mais limpo e confort\u00e1vel. 100% PVC MACIO TUDO PARA O SEU CONFORTO E FACILIDADE.<\/p>","protected":false},"excerpt":{"rendered":"<p>Capa para colch\u00e3o, confeccionada em PVC, imperme\u00e1vel, lav\u00e1vel e antial\u00e9rgico. \u00c9 utilizado em clinicas de fisioterapias, por massagistas, em hospitais, em resid\u00eancias entre outros.<\/p>","protected":false},"featured_media":3030,"comment_status":"open","ping_status":"closed","template":"","meta":{"_joinchat":[]},"product_brand":[],"product_cat":[116],"product_tag":[],"class_list":{"0":"post-3021","1":"product","2":"type-product","3":"status-publish","4":"has-post-thumbnail","6":"product_cat-colchoes-lencois-e-protetores","8":"first","9":"instock","10":"shipping-taxable","11":"purchasable","12":"product-type-simple"},"_links":{"self":[{"href":"https:\/\/www.medideal.com.br\/en\/wp-json\/wp\/v2\/product\/3021","targetHints":{"allow":["GET"]}}],"collection":[{"href":"https:\/\/www.medideal.com.br\/en\/wp-json\/wp\/v2\/product"}],"about":[{"href":"https:\/\/www.medideal.com.br\/en\/wp-json\/wp\/v2\/types\/product"}],"replies":[{"embeddable":true,"href":"https:\/\/www.medideal.com.br\/en\/wp-json\/wp\/v2\/comments?post=3021"}],"wp:featuredmedia":[{"embeddable":true,"href":"https:\/\/www.medideal.com.br\/en\/wp-json\/wp\/v2\/media\/3030"}],"wp:attachment":[{"href":"https:\/\/www.medideal.com.br\/en\/wp-json\/wp\/v2\/media?parent=3021"}],"wp:term":[{"taxonomy":"product_brand","embeddable":true,"href":"https:\/\/www.medideal.com.br\/en\/wp-json\/wp\/v2\/product_brand?post=3021"},{"taxonomy":"product_cat","embeddable":true,"href":"https:\/\/www.medideal.com.br\/en\/wp-json\/wp\/v2\/product_cat?post=3021"},{"taxonomy":"product_tag","embeddable":true,"href":"https:\/\/www.medideal.com.br\/en\/wp-json\/wp\/v2\/product_tag?post=3021"}],"curies":[{"name":"wp","href":"https:\/\/api.w.org\/{rel}","templated":true}]}}