{"id":2996,"date":"2023-12-11T12:06:25","date_gmt":"2023-12-11T15:06:25","guid":{"rendered":"https:\/\/www.medideal.com.br\/?post_type=product&#038;p=2996"},"modified":"2024-01-18T16:39:21","modified_gmt":"2024-01-18T19:39:21","slug":"kit-termico-embaeps","status":"publish","type":"product","link":"https:\/\/www.medideal.com.br\/en\/kit-termico-embaeps\/","title":{"rendered":"Kit T\u00e9rmico &#8211; EmbaEPS"},"content":{"rendered":"<p>&#8211; BOLSA T\u00c9RMICA COM AL\u00c7A PARA TRANSPORTE DE INSULINA OU MEDICAMENTOS EM GERAL QUE NECESSITEM DE REFRIGERA\u00c7\u00c3O;<br \/>\n&#8211; \u00c9 DESTINADO AO TRANSPORTE DE MEDICAMENTOS (INSULINA, COL\u00cdRIOS E OUTROS TERMOL\u00c1BEIS);<br \/>\n&#8211; PR\u00c1TICOS E DE USO PESSOAL;<br \/>\n&#8211; INTERIOR DE ISOPOR, Z\u00cdPER PARA FECHAMENTO;<br \/>\n&#8211; COR: BRANCO.<\/p>\n<p>P &#8211; 400ml<\/p>\n<p>M &#8211; 800ml<\/p>\n<p>G &#8211; 1500ml<\/p>","protected":false},"excerpt":{"rendered":"<p>Bolsa t\u00e9rmica com al\u00e7a para transporte de insulina ou medicamentos em geral que necessitam refrigera\u00e7\u00e3o.<\/p>","protected":false},"featured_media":3000,"comment_status":"open","ping_status":"closed","template":"","meta":{"_joinchat":[]},"product_brand":[],"product_cat":[29],"product_tag":[],"class_list":{"0":"post-2996","1":"product","2":"type-product","3":"status-publish","4":"has-post-thumbnail","6":"product_cat-materiais-de-consumo","8":"first","9":"instock","10":"shipping-taxable","11":"purchasable","12":"product-type-variable"},"_links":{"self":[{"href":"https:\/\/www.medideal.com.br\/en\/wp-json\/wp\/v2\/product\/2996","targetHints":{"allow":["GET"]}}],"collection":[{"href":"https:\/\/www.medideal.com.br\/en\/wp-json\/wp\/v2\/product"}],"about":[{"href":"https:\/\/www.medideal.com.br\/en\/wp-json\/wp\/v2\/types\/product"}],"replies":[{"embeddable":true,"href":"https:\/\/www.medideal.com.br\/en\/wp-json\/wp\/v2\/comments?post=2996"}],"wp:featuredmedia":[{"embeddable":true,"href":"https:\/\/www.medideal.com.br\/en\/wp-json\/wp\/v2\/media\/3000"}],"wp:attachment":[{"href":"https:\/\/www.medideal.com.br\/en\/wp-json\/wp\/v2\/media?parent=2996"}],"wp:term":[{"taxonomy":"product_brand","embeddable":true,"href":"https:\/\/www.medideal.com.br\/en\/wp-json\/wp\/v2\/product_brand?post=2996"},{"taxonomy":"product_cat","embeddable":true,"href":"https:\/\/www.medideal.com.br\/en\/wp-json\/wp\/v2\/product_cat?post=2996"},{"taxonomy":"product_tag","embeddable":true,"href":"https:\/\/www.medideal.com.br\/en\/wp-json\/wp\/v2\/product_tag?post=2996"}],"curies":[{"name":"wp","href":"https:\/\/api.w.org\/{rel}","templated":true}]}}