{"id":2991,"date":"2023-12-11T11:27:01","date_gmt":"2023-12-11T14:27:01","guid":{"rendered":"https:\/\/www.medideal.com.br\/?post_type=product&#038;p=2991"},"modified":"2024-01-25T13:42:30","modified_gmt":"2024-01-25T16:42:30","slug":"fita-metrica-antropometrica-supermedy","status":"publish","type":"product","link":"https:\/\/www.medideal.com.br\/en\/fita-metrica-antropometrica-supermedy\/","title":{"rendered":"Fita M\u00e9trica Antropom\u00e9trica &#8211; Supermedy"},"content":{"rendered":"<p>A Fita M\u00e9trica Antropom\u00e9trica Corporal com C\u00e1lculo de IMC possibilita verificar medidas com facilidade e praticidade.<\/p>\n<p>Marca: Supermedy<\/p>\n<p>Disco para calculo do \u00cdndice de Massa Corporal;<\/p>\n<p>Trena com fita de fibra de vidro inel\u00e1stica e male\u00e1vel;<\/p>\n<p>C\u00e1lculo de IMC e refer\u00eancia de normalidade;<\/p>\n<p>Medida visual de risco para DCV atrav\u00e9s de circunfer\u00eancia abdominal;<\/p>\n<p>Referencia de risco para DCV;<\/p>\n<p>Informa\u00e7\u00e3o visual de lado masculino e lado feminino da fita;<\/p>\n<p>Retra\u00e7\u00e3o autom\u00e1tica;<\/p>\n<p>Trava de fixa\u00e7\u00e3o da fita.<\/p>","protected":false},"excerpt":{"rendered":"<p>A Fita M\u00e9trica Antropom\u00e9trica Corporal com C\u00e1lculo de IMC possibilita verificar medidas com facilidade e praticidade.<\/p>","protected":false},"featured_media":2992,"comment_status":"open","ping_status":"closed","template":"","meta":{"_joinchat":[]},"product_brand":[],"product_cat":[27],"product_tag":[],"class_list":{"0":"post-2991","1":"product","2":"type-product","3":"status-publish","4":"has-post-thumbnail","6":"product_cat-equipamentos-medicos","8":"first","9":"instock","10":"shipping-taxable","11":"purchasable","12":"product-type-simple"},"_links":{"self":[{"href":"https:\/\/www.medideal.com.br\/en\/wp-json\/wp\/v2\/product\/2991","targetHints":{"allow":["GET"]}}],"collection":[{"href":"https:\/\/www.medideal.com.br\/en\/wp-json\/wp\/v2\/product"}],"about":[{"href":"https:\/\/www.medideal.com.br\/en\/wp-json\/wp\/v2\/types\/product"}],"replies":[{"embeddable":true,"href":"https:\/\/www.medideal.com.br\/en\/wp-json\/wp\/v2\/comments?post=2991"}],"wp:featuredmedia":[{"embeddable":true,"href":"https:\/\/www.medideal.com.br\/en\/wp-json\/wp\/v2\/media\/2992"}],"wp:attachment":[{"href":"https:\/\/www.medideal.com.br\/en\/wp-json\/wp\/v2\/media?parent=2991"}],"wp:term":[{"taxonomy":"product_brand","embeddable":true,"href":"https:\/\/www.medideal.com.br\/en\/wp-json\/wp\/v2\/product_brand?post=2991"},{"taxonomy":"product_cat","embeddable":true,"href":"https:\/\/www.medideal.com.br\/en\/wp-json\/wp\/v2\/product_cat?post=2991"},{"taxonomy":"product_tag","embeddable":true,"href":"https:\/\/www.medideal.com.br\/en\/wp-json\/wp\/v2\/product_tag?post=2991"}],"curies":[{"name":"wp","href":"https:\/\/api.w.org\/{rel}","templated":true}]}}