{"id":2989,"date":"2023-12-11T11:21:28","date_gmt":"2023-12-11T14:21:28","guid":{"rendered":"https:\/\/www.medideal.com.br\/?post_type=product&#038;p=2989"},"modified":"2024-01-18T16:36:37","modified_gmt":"2024-01-18T19:36:37","slug":"oculos-de-protecao-individual-incolor-supermedy","status":"publish","type":"product","link":"https:\/\/www.medideal.com.br\/en\/oculos-de-protecao-individual-incolor-supermedy\/","title":{"rendered":"Oculos de Protecao Individual Incolor &#8211; Supermedy"},"content":{"rendered":"<h2 class=\"h5\">OCULOS DE PROTE\u00c7\u00c3O SUPERMEDY Equipamento de Protecao Individual (EPI) comumente usado por industrias no cumprimento de Norma Regulamentadora NR-6 para proteger os funcionarios de les\u00f5es no globo ocular, provocados por poeira, produtos quimicos ou particulas.\u00a0 O oculos de prote\u00e7\u00e3o da Supermedy e feito de pl\u00e1stico incolor, possui hastes flexiveis, prote\u00e7\u00e3o lateral e possui CA.<\/h2>\n<table class=\"table table-striped\">\n<tbody>\n<tr class=\"row\">\n<th class=\"col-xs-4 col-sm-3\">Indica\u00e7\u00f5es<\/th>\n<td class=\"col-xs-6 col-sm-7\">Prote\u00e7\u00e3o do globo Ocular.<\/td>\n<\/tr>\n<tr class=\"row\">\n<th class=\"col-xs-4 col-sm-3\">Diferenciais e benef\u00edcios<\/th>\n<td class=\"col-xs-6 col-sm-7\">Confortavel<\/p>\n<p>Prote\u00e7\u00e3o lateral<\/p>\n<p>Hastes flexiveis<\/p>\n<p>Incolor<\/p>\n<p>Usado no cumprimento de Norma Regulamentadora NR-6<\/p>\n<p>Pode ser usado sobreposto o oculos de grau<\/p>\n<p>Embalados individualmente<\/td>\n<\/tr>\n<tr class=\"row\">\n<th class=\"col-xs-4 col-sm-3\">Itens inclusos<\/th>\n<td class=\"col-xs-6 col-sm-7\">01 \u00d3culos de prote\u00e7\u00e3o Supermedy<\/td>\n<\/tr>\n<\/tbody>\n<\/table>","protected":false},"excerpt":{"rendered":"<h2 class=\"h5\">OCULOS DE PROTE\u00c7\u00c3O SUPERMEDY Equipamento de Protecao Individual (EPI) comumente usado por industrias no cumprimento de Norma Regulamentadora NR-6 para proteger os funcionarios de les\u00f5es no globo ocular, provocados por poeira, produtos quimicos ou particulas.<\/h2>","protected":false},"featured_media":2990,"comment_status":"open","ping_status":"closed","template":"","meta":{"_joinchat":[]},"product_brand":[],"product_cat":[29],"product_tag":[],"class_list":{"0":"post-2989","1":"product","2":"type-product","3":"status-publish","4":"has-post-thumbnail","6":"product_cat-materiais-de-consumo","8":"first","9":"instock","10":"shipping-taxable","11":"purchasable","12":"product-type-simple"},"_links":{"self":[{"href":"https:\/\/www.medideal.com.br\/en\/wp-json\/wp\/v2\/product\/2989","targetHints":{"allow":["GET"]}}],"collection":[{"href":"https:\/\/www.medideal.com.br\/en\/wp-json\/wp\/v2\/product"}],"about":[{"href":"https:\/\/www.medideal.com.br\/en\/wp-json\/wp\/v2\/types\/product"}],"replies":[{"embeddable":true,"href":"https:\/\/www.medideal.com.br\/en\/wp-json\/wp\/v2\/comments?post=2989"}],"wp:featuredmedia":[{"embeddable":true,"href":"https:\/\/www.medideal.com.br\/en\/wp-json\/wp\/v2\/media\/2990"}],"wp:attachment":[{"href":"https:\/\/www.medideal.com.br\/en\/wp-json\/wp\/v2\/media?parent=2989"}],"wp:term":[{"taxonomy":"product_brand","embeddable":true,"href":"https:\/\/www.medideal.com.br\/en\/wp-json\/wp\/v2\/product_brand?post=2989"},{"taxonomy":"product_cat","embeddable":true,"href":"https:\/\/www.medideal.com.br\/en\/wp-json\/wp\/v2\/product_cat?post=2989"},{"taxonomy":"product_tag","embeddable":true,"href":"https:\/\/www.medideal.com.br\/en\/wp-json\/wp\/v2\/product_tag?post=2989"}],"curies":[{"name":"wp","href":"https:\/\/api.w.org\/{rel}","templated":true}]}}