{"id":2980,"date":"2023-12-08T15:16:37","date_gmt":"2023-12-08T18:16:37","guid":{"rendered":"https:\/\/www.medideal.com.br\/?post_type=product&#038;p=2980"},"modified":"2024-01-25T10:56:42","modified_gmt":"2024-01-25T13:56:42","slug":"colchao-caixa-de-ovo-solteiro-80x188x6cm-bege-zedamed","status":"publish","type":"product","link":"https:\/\/www.medideal.com.br\/en\/colchao-caixa-de-ovo-solteiro-80x188x6cm-bege-zedamed\/","title":{"rendered":"Colch\u00e3o Caixa de Ovo Solteiro 80x188x6cm  Ds28 Bege &#8211; Zedamed"},"content":{"rendered":"<p><strong>Colch\u00e3o Hospitalar Alveolado Caixa de Ovo Bege<\/strong><\/p>\n<p>O colch\u00e3o caixa de ovo ajuda a minimizar o excesso de press\u00e3o causada pela falta de mobilidade de uma pessoa acamada, ajudando assim a prevenir o aparecimento de escaras.<\/p>\n<p><strong>Caracter\u00edsticas:<\/strong><\/p>\n<p>\u2013\u00a0Preven\u00e7\u00e3o de ulcera\u00e7\u00f5es de pele (escararas)<\/p>\n<p>\u2013 Tratamento complementar de les\u00f5es causadas por press\u00e3o constante<\/p>\n<p>\u2013\u00a0Estimula\u00e7\u00e3o da circula\u00e7\u00e3o sangu\u00ednea<\/p>\n<p>\u2013\u00a0Al\u00edvio de dores musculares<\/p>\n<p>\u2013\u00a0Proporciona maciez e conforto ao dormir<\/p>\n<p>\u2013\u00a0Pode ser usado em casa ou ambientes m\u00e9dicos\/hospitalares<\/p>\n<p>\u2013\u00a0Diminuir a intensidade de dores nas costas<\/p>\n<p>\u2013\u00a0Facilita o p\u00f3s operat\u00f3rio e a recupera\u00e7\u00e3o de pessoas acamadas<\/p>\n<p>\u2013 Tamanho: 188 cm (comprimento) x 88 cm (largura) x 06 cm (altura)<\/p>\n<p>\u2013 Cor: Bege<\/p>\n<p><strong>Composi\u00e7\u00e3o:<\/strong><\/p>\n<p>\u2013 100% Poliuretano<\/p>","protected":false},"excerpt":{"rendered":"<p>O colch\u00e3o caixa de ovo ajuda a minimizar o excesso de press\u00e3o causada pela falta de mobilidade de uma pessoa acamada, ajudando assim a prevenir o aparecimento de escaras.<\/p>","protected":false},"featured_media":2981,"comment_status":"open","ping_status":"closed","template":"","meta":{"_joinchat":[]},"product_brand":[],"product_cat":[116],"product_tag":[],"class_list":{"0":"post-2980","1":"product","2":"type-product","3":"status-publish","4":"has-post-thumbnail","6":"product_cat-colchoes-lencois-e-protetores","8":"first","9":"instock","10":"shipping-taxable","11":"purchasable","12":"product-type-simple"},"_links":{"self":[{"href":"https:\/\/www.medideal.com.br\/en\/wp-json\/wp\/v2\/product\/2980","targetHints":{"allow":["GET"]}}],"collection":[{"href":"https:\/\/www.medideal.com.br\/en\/wp-json\/wp\/v2\/product"}],"about":[{"href":"https:\/\/www.medideal.com.br\/en\/wp-json\/wp\/v2\/types\/product"}],"replies":[{"embeddable":true,"href":"https:\/\/www.medideal.com.br\/en\/wp-json\/wp\/v2\/comments?post=2980"}],"wp:featuredmedia":[{"embeddable":true,"href":"https:\/\/www.medideal.com.br\/en\/wp-json\/wp\/v2\/media\/2981"}],"wp:attachment":[{"href":"https:\/\/www.medideal.com.br\/en\/wp-json\/wp\/v2\/media?parent=2980"}],"wp:term":[{"taxonomy":"product_brand","embeddable":true,"href":"https:\/\/www.medideal.com.br\/en\/wp-json\/wp\/v2\/product_brand?post=2980"},{"taxonomy":"product_cat","embeddable":true,"href":"https:\/\/www.medideal.com.br\/en\/wp-json\/wp\/v2\/product_cat?post=2980"},{"taxonomy":"product_tag","embeddable":true,"href":"https:\/\/www.medideal.com.br\/en\/wp-json\/wp\/v2\/product_tag?post=2980"}],"curies":[{"name":"wp","href":"https:\/\/api.w.org\/{rel}","templated":true}]}}