{"id":2978,"date":"2023-12-08T11:02:12","date_gmt":"2023-12-08T14:02:12","guid":{"rendered":"https:\/\/www.medideal.com.br\/?post_type=product&#038;p=2978"},"modified":"2025-01-03T16:10:41","modified_gmt":"2025-01-03T19:10:41","slug":"escada-hospitalar-2-degraus-branca-artipe","status":"publish","type":"product","link":"https:\/\/www.medideal.com.br\/en\/escada-hospitalar-2-degraus-branca-artipe\/","title":{"rendered":"Escada Hospitalar 2 Degraus Branca &#8211; Artip\u00e9"},"content":{"rendered":"<p><span class=\"sc-kpDqfm qhIEo\" data-testid=\"product-detail-title\">Escada Hospitalar 2 Degraus Branca<\/span><\/p>\n<div class=\"sc-fqkvVR heuZyN sc-jClOwR csggir\" data-testid=\"product-detail-description\">\n<div class=\"sc-fqkvVR hlqElk sc-fqbHDX hytkOm\" data-testid=\"rich-content-container\">Tamanho:41x35cm (alt. x larg.)Descri\u00e7\u00e3o:A Escadinha Fixa 2 Degraus Hospitalar, \u00e9 indicada para facilitar o acessoa camas hospitalares, para cl\u00ednicas m\u00e9dicas, est\u00e9ticas, podologias, farm\u00e1cias,mesas para massagem, trazendo facilidade para o paciente acessar a macagarantindo assim seguran\u00e7a para o cliente.Diferenciais:* Moderno e alta resist\u00eancia;* Suporta at\u00e9 130 kg;* Dois degraus para facilitar acesso \u00e0 macas hospitalar.Principais Indica\u00e7\u00f5es:* Macas Hospitalares;* Cl\u00ednicas M\u00e9dicas e Est\u00e9tica;* Farm\u00e1cias;* Cl\u00ednicas de Podologias;* Multiuso.Composi\u00e7\u00e3o:* Borracha Anti-Derrapante;* Ferro.Conte\u00fado da Embalagem:01 unidadeRefer\u00eancia:IT165Marca:ARTIPE ORTOPEDICOS E ESPORTIVOSCadastro na Anvisa: 8.09.278-5Todas as informa\u00e7\u00f5es divulgadas s\u00e3o responsabilidade do fabricante\/fornecedorImagem meramente ilustrativaUltrap\u00e9dicosSua recupera\u00e7\u00e3o \u00e9 a nossa solu\u00e7\u00e3o!Temos diversos produtos ortop\u00e9dicos, faixas, cotoveleira, munhequeira, imobilizadores, etc.<\/div>\n<\/div>","protected":false},"excerpt":{"rendered":"<p>A Escadinha Fixa 2 Degraus Hospitalar, \u00e9 indicada para facilitar o acessoa camas hospitalares, para cl\u00ednicas m\u00e9dicas, est\u00e9ticas, podologias, farm\u00e1cias,mesas para massagem, trazendo facilidade para o paciente acessar a macagarantindo assim seguran\u00e7a para o cliente.<\/p>","protected":false},"featured_media":2979,"comment_status":"open","ping_status":"closed","template":"","meta":{"_joinchat":[]},"product_brand":[],"product_cat":[112],"product_tag":[],"class_list":{"0":"post-2978","1":"product","2":"type-product","3":"status-publish","4":"has-post-thumbnail","6":"product_cat-muletas-e-bengalas","8":"first","9":"outofstock","10":"shipping-taxable","11":"purchasable","12":"product-type-simple"},"_links":{"self":[{"href":"https:\/\/www.medideal.com.br\/en\/wp-json\/wp\/v2\/product\/2978","targetHints":{"allow":["GET"]}}],"collection":[{"href":"https:\/\/www.medideal.com.br\/en\/wp-json\/wp\/v2\/product"}],"about":[{"href":"https:\/\/www.medideal.com.br\/en\/wp-json\/wp\/v2\/types\/product"}],"replies":[{"embeddable":true,"href":"https:\/\/www.medideal.com.br\/en\/wp-json\/wp\/v2\/comments?post=2978"}],"wp:featuredmedia":[{"embeddable":true,"href":"https:\/\/www.medideal.com.br\/en\/wp-json\/wp\/v2\/media\/2979"}],"wp:attachment":[{"href":"https:\/\/www.medideal.com.br\/en\/wp-json\/wp\/v2\/media?parent=2978"}],"wp:term":[{"taxonomy":"product_brand","embeddable":true,"href":"https:\/\/www.medideal.com.br\/en\/wp-json\/wp\/v2\/product_brand?post=2978"},{"taxonomy":"product_cat","embeddable":true,"href":"https:\/\/www.medideal.com.br\/en\/wp-json\/wp\/v2\/product_cat?post=2978"},{"taxonomy":"product_tag","embeddable":true,"href":"https:\/\/www.medideal.com.br\/en\/wp-json\/wp\/v2\/product_tag?post=2978"}],"curies":[{"name":"wp","href":"https:\/\/api.w.org\/{rel}","templated":true}]}}