{"id":2974,"date":"2023-12-08T10:54:36","date_gmt":"2023-12-08T13:54:36","guid":{"rendered":"https:\/\/www.medideal.com.br\/?post_type=product&#038;p=2974"},"modified":"2024-03-12T15:18:56","modified_gmt":"2024-03-12T18:18:56","slug":"coletor-de-urina-para-perna-taylor-750ml","status":"publish","type":"product","link":"https:\/\/www.medideal.com.br\/en\/coletor-de-urina-para-perna-taylor-750ml\/","title":{"rendered":"Coletor de Urina para Perna TAYLOR (750ml)"},"content":{"rendered":"<table id=\"productattributes\" class=\"table table-striped productattributes\">\n<tbody>\n<tr>\n<th>Indica\u00e7\u00f5es<\/th>\n<td>Coletor de urina adulto.<\/td>\n<\/tr>\n<tr>\n<th>Composi\u00e7\u00e3o<\/th>\n<td>Cloreto de Polivinila (PVC).<\/td>\n<\/tr>\n<tr>\n<th>Diferenciais e benef\u00edcios<\/th>\n<td>&#8211; Sistema fechado;<\/p>\n<p>&#8211; V\u00e1lvula anti-refluxo;<\/p>\n<p>&#8211; Conector de entrada e sa\u00edda da drenagem;<\/p>\n<p>&#8211; Tiras el\u00e1sticas para fixa\u00e7\u00e3o na perna (com regulagem);<\/p>\n<p>&#8211; Torneira de escoamento de flu\u00eddos na parte inferior;<\/p>\n<p>&#8211; Tela protetora de pele anti-alerg\u00eanica;<\/p>\n<p>&#8211; Embalado em papel grau cir\u00edurgico;<\/p>\n<p>&#8211; Esterelizado a g\u00e1s \u00f3xido de etileno.<\/td>\n<\/tr>\n<tr>\n<th>Modo de Usar<\/th>\n<td>\n<ol>\n<li>Passe as cintas el\u00e1sticas na parte superior e inferior do coletor;<\/li>\n<li>Utilize as cintas el\u00e1sticas para prender o coletor \u00e0 panturrilha com o aux\u00edlio do bot\u00e3o duplo;<\/li>\n<li>Observa\u00e7\u00e3o: N\u00e3o deixe as cintas el\u00e1sticas muito apertadas para n\u00e3o prejudicar a circula\u00e7\u00e3o;<\/li>\n<li>Feche a torneira tipo rosca (rosqueando para direita) da extens\u00e3o\/tubo inferior de drenagem;<\/li>\n<li>Retire a tampa de prote\u00e7\u00e3o do adaptador\/conector da extens\u00e3o\/tubo superior e introduza no terminal o dispositivo urin\u00e1rio utilizado pelo usu\u00e1rio (n\u00e3o incluso nenhum tipo de dispositivo).<\/li>\n<\/ol>\n<p>produto de uso \u00fanico. N\u00e3o reutilizar.<\/p>\n<p>&nbsp;<\/td>\n<\/tr>\n<tr>\n<th>Itens inclusos<\/th>\n<td>01 Coletor de urina perna taylor tamanho 750ml.<\/td>\n<\/tr>\n<\/tbody>\n<\/table>","protected":false},"excerpt":{"rendered":"<p>Coletor de urina perna taylor tamanho 750ml.<\/p>","protected":false},"featured_media":2975,"comment_status":"open","ping_status":"closed","template":"","meta":{"_joinchat":[]},"product_brand":[],"product_cat":[29],"product_tag":[],"class_list":{"0":"post-2974","1":"product","2":"type-product","3":"status-publish","4":"has-post-thumbnail","6":"product_cat-materiais-de-consumo","8":"first","9":"outofstock","10":"shipping-taxable","11":"purchasable","12":"product-type-simple"},"_links":{"self":[{"href":"https:\/\/www.medideal.com.br\/en\/wp-json\/wp\/v2\/product\/2974","targetHints":{"allow":["GET"]}}],"collection":[{"href":"https:\/\/www.medideal.com.br\/en\/wp-json\/wp\/v2\/product"}],"about":[{"href":"https:\/\/www.medideal.com.br\/en\/wp-json\/wp\/v2\/types\/product"}],"replies":[{"embeddable":true,"href":"https:\/\/www.medideal.com.br\/en\/wp-json\/wp\/v2\/comments?post=2974"}],"wp:featuredmedia":[{"embeddable":true,"href":"https:\/\/www.medideal.com.br\/en\/wp-json\/wp\/v2\/media\/2975"}],"wp:attachment":[{"href":"https:\/\/www.medideal.com.br\/en\/wp-json\/wp\/v2\/media?parent=2974"}],"wp:term":[{"taxonomy":"product_brand","embeddable":true,"href":"https:\/\/www.medideal.com.br\/en\/wp-json\/wp\/v2\/product_brand?post=2974"},{"taxonomy":"product_cat","embeddable":true,"href":"https:\/\/www.medideal.com.br\/en\/wp-json\/wp\/v2\/product_cat?post=2974"},{"taxonomy":"product_tag","embeddable":true,"href":"https:\/\/www.medideal.com.br\/en\/wp-json\/wp\/v2\/product_tag?post=2974"}],"curies":[{"name":"wp","href":"https:\/\/api.w.org\/{rel}","templated":true}]}}