{"id":2970,"date":"2023-12-08T10:49:52","date_gmt":"2023-12-08T13:49:52","guid":{"rendered":"https:\/\/www.medideal.com.br\/?post_type=product&#038;p=2970"},"modified":"2023-12-08T10:49:52","modified_gmt":"2023-12-08T13:49:52","slug":"bolsa-coletora-de-urina-especial-2000ml-descarpack","status":"publish","type":"product","link":"https:\/\/www.medideal.com.br\/en\/bolsa-coletora-de-urina-especial-2000ml-descarpack\/","title":{"rendered":"Bolsa Coletora de Urina Especial 2000ml &#8211; Descarpack"},"content":{"rendered":"<div id=\"collapseTwo\">\n<div class=\"panel-body\">\n<div id=\"description1\">\n<h2 class=\"h5\">Bolsa coletora de urina especial 2 litros DESCARPACK.<\/h2>\n<\/div>\n<\/div>\n<\/div>\n<div class=\"panel-heading\">\n<table class=\"table table-striped\">\n<tbody>\n<tr class=\"row\">\n<th class=\"col-xs-4 col-sm-3\">Indica\u00e7\u00f5es<\/th>\n<td class=\"col-xs-6 col-sm-7\">Desenvolvida para coleta de urina em unidades de Sa\u00fade, hospitais e cl\u00ednicas. S\u00e3o utilizadas em pacientes com reten\u00e7\u00e3o urin\u00e1ria, em p\u00f3s-operat\u00f3rio, em paciente com incontin\u00eancia urin\u00e1ria, dentre outros.<\/td>\n<\/tr>\n<tr class=\"row\">\n<th class=\"col-xs-4 col-sm-3\">Diferenciais e benef\u00edcios<\/th>\n<td class=\"col-xs-6 col-sm-7\">&#8211; Est\u00e9ril;<\/p>\n<p>&#8211; Fabricada em PVC;<\/p>\n<p>&#8211; Possui tubo extensor transparente e flex\u00edvel, clamp corta fluxo, tubo de drenagem, ponto de coleta, v\u00e1lvula anti-refluxo, filtro de ar hidr\u00f3fobo e suporte para fixa\u00e7\u00e3o;<\/p>\n<p>&#8211; Dispon\u00edvel no tamanho 2.000 ml (2 lts);<\/p>\n<p>&#8211; At\u00f3xico e Apirog\u00eanico;<\/p>\n<p>&#8211; Descart\u00e1vel, uso individual e por procedimento.<\/td>\n<\/tr>\n<tr class=\"row\">\n<th class=\"col-xs-4 col-sm-3\">Itens inclusos<\/th>\n<td class=\"col-xs-6 col-sm-7\">01 Bolsa Coletora de Urina especial 2 litros.<\/td>\n<\/tr>\n<\/tbody>\n<\/table>\n<\/div>\n<p>&nbsp;<\/p>","protected":false},"excerpt":{"rendered":"<h2 class=\"h5\">Bolsa coletora de urina especial 2 litros DESCARPACK.<\/h2>","protected":false},"featured_media":2971,"comment_status":"open","ping_status":"closed","template":"","meta":{"_joinchat":[]},"product_brand":[],"product_cat":[29],"product_tag":[],"class_list":{"0":"post-2970","1":"product","2":"type-product","3":"status-publish","4":"has-post-thumbnail","6":"product_cat-materiais-de-consumo","8":"first","9":"outofstock","10":"shipping-taxable","11":"purchasable","12":"product-type-simple"},"_links":{"self":[{"href":"https:\/\/www.medideal.com.br\/en\/wp-json\/wp\/v2\/product\/2970","targetHints":{"allow":["GET"]}}],"collection":[{"href":"https:\/\/www.medideal.com.br\/en\/wp-json\/wp\/v2\/product"}],"about":[{"href":"https:\/\/www.medideal.com.br\/en\/wp-json\/wp\/v2\/types\/product"}],"replies":[{"embeddable":true,"href":"https:\/\/www.medideal.com.br\/en\/wp-json\/wp\/v2\/comments?post=2970"}],"wp:featuredmedia":[{"embeddable":true,"href":"https:\/\/www.medideal.com.br\/en\/wp-json\/wp\/v2\/media\/2971"}],"wp:attachment":[{"href":"https:\/\/www.medideal.com.br\/en\/wp-json\/wp\/v2\/media?parent=2970"}],"wp:term":[{"taxonomy":"product_brand","embeddable":true,"href":"https:\/\/www.medideal.com.br\/en\/wp-json\/wp\/v2\/product_brand?post=2970"},{"taxonomy":"product_cat","embeddable":true,"href":"https:\/\/www.medideal.com.br\/en\/wp-json\/wp\/v2\/product_cat?post=2970"},{"taxonomy":"product_tag","embeddable":true,"href":"https:\/\/www.medideal.com.br\/en\/wp-json\/wp\/v2\/product_tag?post=2970"}],"curies":[{"name":"wp","href":"https:\/\/api.w.org\/{rel}","templated":true}]}}