{"id":2968,"date":"2023-12-08T10:46:44","date_gmt":"2023-12-08T13:46:44","guid":{"rendered":"https:\/\/www.medideal.com.br\/?post_type=product&#038;p=2968"},"modified":"2024-01-18T16:31:33","modified_gmt":"2024-01-18T19:31:33","slug":"eletrodo-para-ecg-adulto-e-infantil","status":"publish","type":"product","link":"https:\/\/www.medideal.com.br\/en\/eletrodo-para-ecg-adulto-e-infantil\/","title":{"rendered":"Eletrodo para ECG Adulto e Infantil"},"content":{"rendered":"<h2 class=\"h5\">Os Eletrodos Solidor, n\u00e3o invasivos e hipo-alerg\u00eanicos s\u00e3o utilizados como meio condutor entre o paciente e o aparelho de diagn\u00f3stico. Os eletrodos podem ser usados para aplica\u00e7\u00f5es de curta ou longa dura\u00e7\u00e3o, por at\u00e9 3 dias (72hs). O produto \u00e9 descart\u00e1vel e deve ser usado uma \u00fanica vez. Tamanho 44x32mm (cod:99) MODELO MSGST-06<\/h2>\n<table class=\"table table-striped\">\n<tbody>\n<tr class=\"row\">\n<th class=\"col-xs-4 col-sm-3\">Indica\u00e7\u00f5es<\/th>\n<td class=\"col-xs-6 col-sm-7\">Utilizado Em Monitoriza\u00e7\u00e3o De Eletrocardiograma,\u00a0\u00a0teste ergom\u00e9trico, holter, entre outros.<\/td>\n<\/tr>\n<tr class=\"row\">\n<th class=\"col-xs-4 col-sm-3\">Diferenciais e benef\u00edcios<\/th>\n<td class=\"col-xs-6 col-sm-7\">Com Adesivo De Ader\u00eancia Eficiente Para Aplica\u00e7\u00f5es De Longa Dura\u00e7\u00e3o.<\/p>\n<p>Capa Pl\u00e1stica que mant\u00e9m a umidade do gel.<\/p>\n<p>Fabricado em espuma de alta densidade.<\/p>\n<p>Gel s\u00f3lido de Cloreto de Pot\u00e1ssio protegido contra ressecamento por um anel pl\u00e1stico.<\/p>\n<p>&nbsp;<\/td>\n<\/tr>\n<tr class=\"row\">\n<th class=\"col-xs-4 col-sm-3\">Itens inclusos<\/th>\n<td class=\"col-xs-6 col-sm-7\">Cont\u00e9m 50 unidades de Eletrodo ECG Descart\u00e1vel<\/td>\n<\/tr>\n<\/tbody>\n<\/table>","protected":false},"excerpt":{"rendered":"<p>Utilizado Em Monitoriza\u00e7\u00e3o De Eletrocardiograma,\u00a0\u00a0teste ergom\u00e9trico, holter, entre outros.<\/p>","protected":false},"featured_media":2969,"comment_status":"open","ping_status":"closed","template":"","meta":{"_joinchat":[]},"product_brand":[],"product_cat":[29],"product_tag":[],"class_list":{"0":"post-2968","1":"product","2":"type-product","3":"status-publish","4":"has-post-thumbnail","6":"product_cat-materiais-de-consumo","8":"first","9":"outofstock","10":"shipping-taxable","11":"purchasable","12":"product-type-simple"},"_links":{"self":[{"href":"https:\/\/www.medideal.com.br\/en\/wp-json\/wp\/v2\/product\/2968","targetHints":{"allow":["GET"]}}],"collection":[{"href":"https:\/\/www.medideal.com.br\/en\/wp-json\/wp\/v2\/product"}],"about":[{"href":"https:\/\/www.medideal.com.br\/en\/wp-json\/wp\/v2\/types\/product"}],"replies":[{"embeddable":true,"href":"https:\/\/www.medideal.com.br\/en\/wp-json\/wp\/v2\/comments?post=2968"}],"wp:featuredmedia":[{"embeddable":true,"href":"https:\/\/www.medideal.com.br\/en\/wp-json\/wp\/v2\/media\/2969"}],"wp:attachment":[{"href":"https:\/\/www.medideal.com.br\/en\/wp-json\/wp\/v2\/media?parent=2968"}],"wp:term":[{"taxonomy":"product_brand","embeddable":true,"href":"https:\/\/www.medideal.com.br\/en\/wp-json\/wp\/v2\/product_brand?post=2968"},{"taxonomy":"product_cat","embeddable":true,"href":"https:\/\/www.medideal.com.br\/en\/wp-json\/wp\/v2\/product_cat?post=2968"},{"taxonomy":"product_tag","embeddable":true,"href":"https:\/\/www.medideal.com.br\/en\/wp-json\/wp\/v2\/product_tag?post=2968"}],"curies":[{"name":"wp","href":"https:\/\/api.w.org\/{rel}","templated":true}]}}