{"id":2964,"date":"2023-12-07T16:53:01","date_gmt":"2023-12-07T19:53:01","guid":{"rendered":"https:\/\/www.medideal.com.br\/?post_type=product&#038;p=2964"},"modified":"2024-01-18T16:30:42","modified_gmt":"2024-01-18T19:30:42","slug":"respiron-classic-exercitador-incentivador-respiratorio","status":"publish","type":"product","link":"https:\/\/www.medideal.com.br\/en\/respiron-classic-exercitador-incentivador-respiratorio\/","title":{"rendered":"Respiron Classic Exercitador\/Incentivador Respirat\u00f3rio"},"content":{"rendered":"<table class=\"table table-striped\">\n<tbody>\n<tr class=\"row\">\n<th class=\"col-xs-4 col-sm-3\">Indica\u00e7\u00f5es<\/th>\n<td class=\"col-xs-6 col-sm-7\">\u00c9 indicado para pessoas sedent\u00e1rias, obesos, pr\u00e9\/p\u00f3s-operat\u00f3rios de cirurgias (especialmente bari\u00e1tricas, abdominais e tor\u00e1cicas), tratamento de atelectasias e portadores de doen\u00e7as pulmonares como DPOC e asma.<\/td>\n<\/tr>\n<tr class=\"row\">\n<th class=\"col-xs-4 col-sm-3\">Diferenciais e benef\u00edcios<\/th>\n<td class=\"col-xs-6 col-sm-7\">Alivia a falta de ar, proporcionando qualidade de vida;<\/p>\n<p>Clinicamente indicado para pr\u00e9 e p\u00f3s operat\u00f3rios (especialmente bari\u00e1tricas, abdominais e tor\u00e1cicas) DPOC, asma e insufici\u00eancia card\u00edaca;<\/p>\n<p>Exercita a musculatura respirat\u00f3ria;<\/p>\n<p>Diminui a sensa\u00e7\u00e3o de cansa\u00e7o;<\/p>\n<p>Ideal para diminuir a falta de ar em qualquer atividade f\u00edsica cotidiana como caminhar, subir escadas e muitas outras;<\/p>\n<p>Previne e combate a forma\u00e7\u00e3o de atelectasias;<\/p>\n<p>Importante auxiliar na preven\u00e7\u00e3o de doen\u00e7as e infec\u00e7\u00f5es bronco-pulmonares;<\/p>\n<p>Incentiva a respira\u00e7\u00e3o profunda;<\/p>\n<p>Treinamento padr\u00e3o: 30 inspira\u00e7\u00f5es &#8211; 2x ao dia;<\/p>\n<p>Possui anel regulador que permite graduar a dificuldade do exerc\u00edcio;<\/p>\n<p>&#8220;Drug free&#8221;: benef\u00edcios sem o uso de medicamentos;<\/p>\n<p>Uso livre de prescri\u00e7\u00e3o.<\/p>\n<p>&nbsp;<\/p>\n<p>&nbsp;<\/td>\n<\/tr>\n<tr class=\"row\">\n<th class=\"col-xs-4 col-sm-3\">Modo de Usar<\/th>\n<td class=\"col-xs-6 col-sm-7\">Fa\u00e7a os exerc\u00edcos na posi\u00e7\u00e3o que se sentir mais confort\u00e1vel e relaxado: em p\u00e9, sentado ou com eleva\u00e7\u00e3o da cabeceira;<\/p>\n<p>1. Antes de iniciar ajuste a gradua\u00e7\u00e3o do Respiron girando o anel regulador localizado na base da primeira coluna, usando a alavanca anterior, a posterior ou ambas. O anel move-se sob uma escala (0 &#8211; f\u00e1cil, 1 &#8211; regular, 2 &#8211; dif\u00edcil e 3 &#8211; muito dif\u00edcil) e funciona como um ponteiro, indicando o grau de dificuldade do exerc\u00edcio. Realize uma respira\u00e7\u00e3o tranquila, quando sentir que todo o ar foi expirado ajuste o bocal aos l\u00e1bios e inspire (puxe o ar com a boca, n\u00e3o sopre!). Desta forma as esferas v\u00e3o se elevar sequencialmente.<\/p>\n<p>2. O ideal \u00e9 mant\u00ea-las elevadas por alguns segundos.<\/p>\n<p>3. Retire o bocal dos l\u00e1bios quando concluir a inspira\u00e7\u00e3o e expire naturalmente, iniciando nova repeti\u00e7\u00e3o.<\/p>\n<p>A eleva\u00e7\u00e3o das 3 esferas nem sempre \u00e9 poss\u00edvel desde o in\u00edcio do treinamento. N\u00e3o se preocupe se isso ocorrer, pois as pessoas podem necessitar de algum tempo at\u00e9 fortalecer os m\u00fasculos respirat\u00f3rios. Entretanto, certifique-se que o modelo adquirido seja o mais adequado para suas condi\u00e7\u00f5es atuais e que o anel regulador se encontra na posi\u00e7\u00e3o 0 (zero).<\/p>\n<p>Observa\u00e7\u00e3o 1: Para as situa\u00e7\u00f5es cuja indica\u00e7\u00e3o \u00e9 a de expandir os pulm\u00f5es, a inspira\u00e7\u00e3o deve ser profunda, continua e homog\u00eanea, isto \u00e9, o tempo de inspira\u00e7\u00e3o n\u00e3o pode ser curto. As esferas devem elevar-se em movimento suave e uniformee n\u00e3o bruscamente.<\/p>\n<p>Observa\u00e7\u00e3o 2: Para as situa\u00e7\u00f5es cuja indica\u00e7\u00e3o \u00e9 a de fortalecer a musculatura respirat\u00f3ria recomenda-se que a inspira\u00e7\u00e3o seja explosiva, r\u00e1pida e intensa, inspirando o maior volume de ar poss\u00edvel, elevando as esferas de maneira explosiva.<\/td>\n<\/tr>\n<tr class=\"row\">\n<th class=\"col-xs-4 col-sm-3\">Itens inclusos<\/th>\n<td class=\"col-xs-6 col-sm-7\">01 Respiron Classic;<\/p>\n<p>01 Manual de Instru\u00e7\u00f5es.<\/td>\n<\/tr>\n<\/tbody>\n<\/table>","protected":false},"excerpt":{"rendered":"<p>\u00c9 indicado para pessoas sedent\u00e1rias, obesos, pr\u00e9\/p\u00f3s-operat\u00f3rios de cirurgias (especialmente bari\u00e1tricas, abdominais e tor\u00e1cicas), tratamento de atelectasias e portadores de doen\u00e7as pulmonares como DPOC e asma.<\/p>","protected":false},"featured_media":2965,"comment_status":"open","ping_status":"closed","template":"","meta":{"_joinchat":[]},"product_brand":[],"product_cat":[114],"product_tag":[],"class_list":{"0":"post-2964","1":"product","2":"type-product","3":"status-publish","4":"has-post-thumbnail","6":"product_cat-fisioterapia-fitness","8":"first","9":"instock","10":"shipping-taxable","11":"purchasable","12":"product-type-simple"},"_links":{"self":[{"href":"https:\/\/www.medideal.com.br\/en\/wp-json\/wp\/v2\/product\/2964","targetHints":{"allow":["GET"]}}],"collection":[{"href":"https:\/\/www.medideal.com.br\/en\/wp-json\/wp\/v2\/product"}],"about":[{"href":"https:\/\/www.medideal.com.br\/en\/wp-json\/wp\/v2\/types\/product"}],"replies":[{"embeddable":true,"href":"https:\/\/www.medideal.com.br\/en\/wp-json\/wp\/v2\/comments?post=2964"}],"wp:featuredmedia":[{"embeddable":true,"href":"https:\/\/www.medideal.com.br\/en\/wp-json\/wp\/v2\/media\/2965"}],"wp:attachment":[{"href":"https:\/\/www.medideal.com.br\/en\/wp-json\/wp\/v2\/media?parent=2964"}],"wp:term":[{"taxonomy":"product_brand","embeddable":true,"href":"https:\/\/www.medideal.com.br\/en\/wp-json\/wp\/v2\/product_brand?post=2964"},{"taxonomy":"product_cat","embeddable":true,"href":"https:\/\/www.medideal.com.br\/en\/wp-json\/wp\/v2\/product_cat?post=2964"},{"taxonomy":"product_tag","embeddable":true,"href":"https:\/\/www.medideal.com.br\/en\/wp-json\/wp\/v2\/product_tag?post=2964"}],"curies":[{"name":"wp","href":"https:\/\/api.w.org\/{rel}","templated":true}]}}