{"id":2958,"date":"2023-12-07T16:18:20","date_gmt":"2023-12-07T19:18:20","guid":{"rendered":"https:\/\/www.medideal.com.br\/?post_type=product&#038;p=2958"},"modified":"2024-01-18T16:29:10","modified_gmt":"2024-01-18T19:29:10","slug":"bracadeira-velcro-adulto","status":"publish","type":"product","link":"https:\/\/www.medideal.com.br\/en\/bracadeira-velcro-adulto\/","title":{"rendered":"Bra\u00e7adeira Velcro Adulto"},"content":{"rendered":"<div class=\"main-page-hXb max-w-site mx-auto my-0\">\n<div class=\"sc-bhNKFk gtiePg\">\n<section class=\"sc-gUJyNl jKdOTp\">\n<section class=\"sc-fWHiwC dFOxHZ\">\n<div id=\"mui-p-95746-P-1\" class=\"MuiTabPanel-root css-19kzrtu\" role=\"tabpanel\" aria-labelledby=\"mui-p-95746-T-1\">\n<div class=\"sc-hsWlPz dHrlnY\">\n<div class=\"richContent-root-CMO\">Indicados para o auxiliar na aferi\u00e7\u00e3o a press\u00e3o arterial, quando acoplado ao esfigmoman\u00f4metro. Destinado a medir press\u00e3o arterial n\u00e3o invasiva de seres humanos. Sua utiliza\u00e7\u00e3o \u00e9 indicada para qualquer exame f\u00edsico m\u00e9dico<\/div>\n<\/div>\n<\/div>\n<\/section>\n<\/section>\n<\/div>\n<\/div>\n<div class=\"sc-jIRcFI fDWopp\">\n<div class=\"sc-hhOBVt ePqNSv\">\n<div class=\"sc-gYbzsP iJAiKd\"><\/div>\n<\/div>\n<\/div>","protected":false},"excerpt":{"rendered":"<div class=\"main-page-hXb max-w-site mx-auto my-0\">\n<div class=\"sc-bhNKFk gtiePg\">\n<section class=\"sc-gUJyNl jKdOTp\">\n<section class=\"sc-fWHiwC dFOxHZ\">\n<div id=\"mui-p-95746-P-1\" class=\"MuiTabPanel-root css-19kzrtu\" role=\"tabpanel\" aria-labelledby=\"mui-p-95746-T-1\">\n<div class=\"sc-hsWlPz dHrlnY\">\n<div class=\"richContent-root-CMO\">Indicados para o auxiliar na aferi\u00e7\u00e3o a press\u00e3o arterial, quando acoplado ao esfigmoman\u00f4metro. Destinado a medir press\u00e3o arterial n\u00e3o invasiva de seres humanos. Sua utiliza\u00e7\u00e3o \u00e9 indicada para qualquer exame f\u00edsico m\u00e9dico<\/div>\n<\/div>\n<\/div>\n<\/section>\n<\/section>\n<\/div>\n<\/div>\n<div class=\"sc-jIRcFI fDWopp\">\n<div class=\"sc-hhOBVt ePqNSv\">\n<div class=\"sc-gYbzsP iJAiKd\"><\/div>\n<\/div>\n<\/div>","protected":false},"featured_media":2959,"comment_status":"open","ping_status":"closed","template":"","meta":{"_joinchat":[]},"product_brand":[],"product_cat":[19],"product_tag":[],"class_list":{"0":"post-2958","1":"product","2":"type-product","3":"status-publish","4":"has-post-thumbnail","6":"product_cat-aparelho-de-pressao","8":"first","9":"instock","10":"shipping-taxable","11":"purchasable","12":"product-type-simple"},"_links":{"self":[{"href":"https:\/\/www.medideal.com.br\/en\/wp-json\/wp\/v2\/product\/2958","targetHints":{"allow":["GET"]}}],"collection":[{"href":"https:\/\/www.medideal.com.br\/en\/wp-json\/wp\/v2\/product"}],"about":[{"href":"https:\/\/www.medideal.com.br\/en\/wp-json\/wp\/v2\/types\/product"}],"replies":[{"embeddable":true,"href":"https:\/\/www.medideal.com.br\/en\/wp-json\/wp\/v2\/comments?post=2958"}],"wp:featuredmedia":[{"embeddable":true,"href":"https:\/\/www.medideal.com.br\/en\/wp-json\/wp\/v2\/media\/2959"}],"wp:attachment":[{"href":"https:\/\/www.medideal.com.br\/en\/wp-json\/wp\/v2\/media?parent=2958"}],"wp:term":[{"taxonomy":"product_brand","embeddable":true,"href":"https:\/\/www.medideal.com.br\/en\/wp-json\/wp\/v2\/product_brand?post=2958"},{"taxonomy":"product_cat","embeddable":true,"href":"https:\/\/www.medideal.com.br\/en\/wp-json\/wp\/v2\/product_cat?post=2958"},{"taxonomy":"product_tag","embeddable":true,"href":"https:\/\/www.medideal.com.br\/en\/wp-json\/wp\/v2\/product_tag?post=2958"}],"curies":[{"name":"wp","href":"https:\/\/api.w.org\/{rel}","templated":true}]}}