{"id":2954,"date":"2023-12-07T15:48:28","date_gmt":"2023-12-07T18:48:28","guid":{"rendered":"https:\/\/www.medideal.com.br\/?post_type=product&#038;p=2954"},"modified":"2024-01-18T16:27:14","modified_gmt":"2024-01-18T19:27:14","slug":"pera-para-aparelho-de-pressao-pvc","status":"publish","type":"product","link":"https:\/\/www.medideal.com.br\/en\/pera-para-aparelho-de-pressao-pvc\/","title":{"rendered":"Pera para Aparelho de Press\u00e3o PVC"},"content":{"rendered":"<h2 class=\"h5\">Pera para Esfigmoman\u00f4metro<\/h2>\n<table class=\"table table-striped\">\n<tbody>\n<tr class=\"row\">\n<th class=\"col-xs-4 col-sm-3\">Indica\u00e7\u00f5es<\/th>\n<td class=\"col-xs-6 col-sm-7\">Pera de borracha para insufla\u00e7\u00e3o. Uso exclusivo em Esfigmoman\u00f4metros Aner\u00f3ide<\/td>\n<\/tr>\n<tr class=\"row\">\n<th class=\"col-xs-4 col-sm-3\">Diferenciais e benef\u00edcios<\/th>\n<td class=\"col-xs-6 col-sm-7\">Reposi\u00e7\u00e3o com pe\u00e7a original, garantindo a m\u00e1xima efic\u00e1cia do Esfigmoman\u00f4metro<\/p>\n<p>Alta durabilidade<\/p>\n<p>Alta resist\u00eancia<\/td>\n<\/tr>\n<tr class=\"row\">\n<th class=\"col-xs-4 col-sm-3\">Itens inclusos<\/th>\n<td class=\"col-xs-6 col-sm-7\">01 Pera<\/td>\n<\/tr>\n<\/tbody>\n<\/table>","protected":false},"excerpt":{"rendered":"<p>Pera de borracha para insufla\u00e7\u00e3o. Uso exclusivo em Esfigmoman\u00f4metros Aner\u00f3ide<\/p>","protected":false},"featured_media":2955,"comment_status":"open","ping_status":"closed","template":"","meta":{"_joinchat":[]},"product_brand":[],"product_cat":[19],"product_tag":[],"class_list":{"0":"post-2954","1":"product","2":"type-product","3":"status-publish","4":"has-post-thumbnail","6":"product_cat-aparelho-de-pressao","8":"first","9":"instock","10":"shipping-taxable","11":"purchasable","12":"product-type-simple"},"_links":{"self":[{"href":"https:\/\/www.medideal.com.br\/en\/wp-json\/wp\/v2\/product\/2954","targetHints":{"allow":["GET"]}}],"collection":[{"href":"https:\/\/www.medideal.com.br\/en\/wp-json\/wp\/v2\/product"}],"about":[{"href":"https:\/\/www.medideal.com.br\/en\/wp-json\/wp\/v2\/types\/product"}],"replies":[{"embeddable":true,"href":"https:\/\/www.medideal.com.br\/en\/wp-json\/wp\/v2\/comments?post=2954"}],"wp:featuredmedia":[{"embeddable":true,"href":"https:\/\/www.medideal.com.br\/en\/wp-json\/wp\/v2\/media\/2955"}],"wp:attachment":[{"href":"https:\/\/www.medideal.com.br\/en\/wp-json\/wp\/v2\/media?parent=2954"}],"wp:term":[{"taxonomy":"product_brand","embeddable":true,"href":"https:\/\/www.medideal.com.br\/en\/wp-json\/wp\/v2\/product_brand?post=2954"},{"taxonomy":"product_cat","embeddable":true,"href":"https:\/\/www.medideal.com.br\/en\/wp-json\/wp\/v2\/product_cat?post=2954"},{"taxonomy":"product_tag","embeddable":true,"href":"https:\/\/www.medideal.com.br\/en\/wp-json\/wp\/v2\/product_tag?post=2954"}],"curies":[{"name":"wp","href":"https:\/\/api.w.org\/{rel}","templated":true}]}}