{"id":2952,"date":"2023-12-07T15:44:12","date_gmt":"2023-12-07T18:44:12","guid":{"rendered":"https:\/\/www.medideal.com.br\/?post_type=product&#038;p=2952"},"modified":"2024-01-18T16:26:48","modified_gmt":"2024-01-18T19:26:48","slug":"valvula","status":"publish","type":"product","link":"https:\/\/www.medideal.com.br\/en\/valvula\/","title":{"rendered":"V\u00e1lvula"},"content":{"rendered":"<h2 class=\"h5\">V\u00e1lvula de Defla\u00e7\u00e3o para aparelho de Press\u00e3o Premium<\/h2>","protected":false},"excerpt":{"rendered":"<h2 class=\"h5\">V\u00e1lvula de Defla\u00e7\u00e3o para aparelho de Press\u00e3o Premium<\/h2>","protected":false},"featured_media":2953,"comment_status":"open","ping_status":"closed","template":"","meta":{"_joinchat":[]},"product_brand":[],"product_cat":[19],"product_tag":[],"class_list":{"0":"post-2952","1":"product","2":"type-product","3":"status-publish","4":"has-post-thumbnail","6":"product_cat-aparelho-de-pressao","8":"first","9":"instock","10":"shipping-taxable","11":"purchasable","12":"product-type-simple"},"_links":{"self":[{"href":"https:\/\/www.medideal.com.br\/en\/wp-json\/wp\/v2\/product\/2952","targetHints":{"allow":["GET"]}}],"collection":[{"href":"https:\/\/www.medideal.com.br\/en\/wp-json\/wp\/v2\/product"}],"about":[{"href":"https:\/\/www.medideal.com.br\/en\/wp-json\/wp\/v2\/types\/product"}],"replies":[{"embeddable":true,"href":"https:\/\/www.medideal.com.br\/en\/wp-json\/wp\/v2\/comments?post=2952"}],"wp:featuredmedia":[{"embeddable":true,"href":"https:\/\/www.medideal.com.br\/en\/wp-json\/wp\/v2\/media\/2953"}],"wp:attachment":[{"href":"https:\/\/www.medideal.com.br\/en\/wp-json\/wp\/v2\/media?parent=2952"}],"wp:term":[{"taxonomy":"product_brand","embeddable":true,"href":"https:\/\/www.medideal.com.br\/en\/wp-json\/wp\/v2\/product_brand?post=2952"},{"taxonomy":"product_cat","embeddable":true,"href":"https:\/\/www.medideal.com.br\/en\/wp-json\/wp\/v2\/product_cat?post=2952"},{"taxonomy":"product_tag","embeddable":true,"href":"https:\/\/www.medideal.com.br\/en\/wp-json\/wp\/v2\/product_tag?post=2952"}],"curies":[{"name":"wp","href":"https:\/\/api.w.org\/{rel}","templated":true}]}}