{"id":2948,"date":"2023-12-07T15:17:04","date_gmt":"2023-12-07T18:17:04","guid":{"rendered":"https:\/\/www.medideal.com.br\/?post_type=product&#038;p=2948"},"modified":"2024-01-18T16:25:14","modified_gmt":"2024-01-18T19:25:14","slug":"manguito-adulto-pvc-2-vias","status":"publish","type":"product","link":"https:\/\/www.medideal.com.br\/en\/manguito-adulto-pvc-2-vias\/","title":{"rendered":"Manguito Adulto PVC 2 Vias"},"content":{"rendered":"<table class=\"table table-striped\">\n<tbody>\n<tr class=\"row\">\n<th class=\"col-xs-4 col-sm-3\">Indica\u00e7\u00f5es<\/th>\n<td class=\"col-xs-6 col-sm-7\">Pe\u00e7a de reposi\u00e7\u00e3o para Esfigmoman\u00f4metro Aner\u00f3ide Premium Adulto.<\/td>\n<\/tr>\n<tr class=\"row\">\n<th class=\"col-xs-4 col-sm-3\">Composi\u00e7\u00e3o<\/th>\n<td class=\"col-xs-6 col-sm-7\">PVC;<\/p>\n<p>Duas vias (50 cm cada) (DE 7mm DI 4mm);<\/p>\n<p>&nbsp;<\/td>\n<\/tr>\n<tr class=\"row\">\n<th class=\"col-xs-4 col-sm-3\">Diferenciais e benef\u00edcios<\/th>\n<td class=\"col-xs-6 col-sm-7\">Garante a efic\u00e1cia do Esfigmoman\u00f4metro Aner\u00f3ide Premium.<\/td>\n<\/tr>\n<tr class=\"row\">\n<th class=\"col-xs-4 col-sm-3\">Itens inclusos<\/th>\n<td class=\"col-xs-6 col-sm-7\">N\u00e3o possui.<\/td>\n<\/tr>\n<tr class=\"row\">\n<th class=\"col-xs-4 col-sm-3\">Altura do produto (cm)<\/th>\n<td class=\"col-xs-6 col-sm-7\">0,70<\/td>\n<\/tr>\n<tr class=\"row\">\n<th class=\"col-xs-4 col-sm-3\">Largura do produto (cm)<\/th>\n<td class=\"col-xs-6 col-sm-7\">22,00<\/td>\n<\/tr>\n<tr class=\"row\">\n<th class=\"col-xs-4 col-sm-3\">Profundidade do produto (cm)<\/th>\n<td class=\"col-xs-6 col-sm-7\">59,00<\/td>\n<\/tr>\n<tr class=\"row\">\n<th class=\"col-xs-4 col-sm-3\">Peso l\u00edquido (Kg)<\/th>\n<td class=\"col-xs-6 col-sm-7\">0,065<\/td>\n<\/tr>\n<tr class=\"row\">\n<th class=\"col-xs-4 col-sm-3\">Altura da embalagem (cm)<\/th>\n<td class=\"col-xs-6 col-sm-7\">1,00<\/td>\n<\/tr>\n<tr class=\"row\">\n<th class=\"col-xs-4 col-sm-3\">Largura da embalagem (cm)<\/th>\n<td class=\"col-xs-6 col-sm-7\">13,50<\/td>\n<\/tr>\n<tr class=\"row\">\n<th class=\"col-xs-4 col-sm-3\">Profundidade da embalagem (cm)<\/th>\n<td class=\"col-xs-6 col-sm-7\">17,00<\/td>\n<\/tr>\n<tr class=\"row\">\n<th class=\"col-xs-4 col-sm-3\">Peso bruto com embalagem (Kg)<\/th>\n<td class=\"col-xs-6 col-sm-7\">0,070<\/td>\n<\/tr>\n<tr class=\"row\">\n<th class=\"col-xs-4 col-sm-3\">Higiene e Conserva\u00e7\u00e3o<\/th>\n<td class=\"col-xs-6 col-sm-7\">Limpar com tecido suavemente umedecido;<\/p>\n<p>N\u00e3o expor diretamente aos raios solares.<\/td>\n<\/tr>\n<\/tbody>\n<\/table>","protected":false},"excerpt":{"rendered":"<p>Pe\u00e7a de reposi\u00e7\u00e3o para Esfigmoman\u00f4metro Aner\u00f3ide Premium Adulto.<\/p>","protected":false},"featured_media":2949,"comment_status":"open","ping_status":"closed","template":"","meta":{"_joinchat":[]},"product_brand":[],"product_cat":[19],"product_tag":[],"class_list":{"0":"post-2948","1":"product","2":"type-product","3":"status-publish","4":"has-post-thumbnail","6":"product_cat-aparelho-de-pressao","8":"first","9":"instock","10":"shipping-taxable","11":"purchasable","12":"product-type-simple"},"_links":{"self":[{"href":"https:\/\/www.medideal.com.br\/en\/wp-json\/wp\/v2\/product\/2948","targetHints":{"allow":["GET"]}}],"collection":[{"href":"https:\/\/www.medideal.com.br\/en\/wp-json\/wp\/v2\/product"}],"about":[{"href":"https:\/\/www.medideal.com.br\/en\/wp-json\/wp\/v2\/types\/product"}],"replies":[{"embeddable":true,"href":"https:\/\/www.medideal.com.br\/en\/wp-json\/wp\/v2\/comments?post=2948"}],"wp:featuredmedia":[{"embeddable":true,"href":"https:\/\/www.medideal.com.br\/en\/wp-json\/wp\/v2\/media\/2949"}],"wp:attachment":[{"href":"https:\/\/www.medideal.com.br\/en\/wp-json\/wp\/v2\/media?parent=2948"}],"wp:term":[{"taxonomy":"product_brand","embeddable":true,"href":"https:\/\/www.medideal.com.br\/en\/wp-json\/wp\/v2\/product_brand?post=2948"},{"taxonomy":"product_cat","embeddable":true,"href":"https:\/\/www.medideal.com.br\/en\/wp-json\/wp\/v2\/product_cat?post=2948"},{"taxonomy":"product_tag","embeddable":true,"href":"https:\/\/www.medideal.com.br\/en\/wp-json\/wp\/v2\/product_tag?post=2948"}],"curies":[{"name":"wp","href":"https:\/\/api.w.org\/{rel}","templated":true}]}}