{"id":2925,"date":"2023-12-06T17:00:24","date_gmt":"2023-12-06T20:00:24","guid":{"rendered":"https:\/\/www.medideal.com.br\/?post_type=product&#038;p=2925"},"modified":"2024-01-18T16:18:50","modified_gmt":"2024-01-18T19:18:50","slug":"oximetro-mobil","status":"publish","type":"product","link":"https:\/\/www.medideal.com.br\/en\/oximetro-mobil\/","title":{"rendered":"Ox\u00edmetro &#8211; Mobil"},"content":{"rendered":"<h1>Ox\u00edmetro de Pulso Port\u00e1til AS 303 Visor LED Colorido, Onda Plestimogr\u00e1fica e Alarme<\/h1>\n<p>O Ox\u00edmetro de Dedo PC60B1 M\u00f3bil \u00e9 um excelente dispositivo pra voc\u00ea que quer monitorar seus sinais vitais sem causar desconforto, tudo isso por meio de um exame simples e r\u00e1pido. Pode ser usado em casa, no hospital, em emerg\u00eancia m\u00e9dicas, resgates, na medicina desportiva e tamb\u00e9m nos estabelecimentos m\u00e9dico sociais. Ele \u00e9 clinicamente aprovado e seu visor com 4 perspectiva de vista pode ser acionado por um \u00fanico bot\u00e3o. Com ele \u00e9 poss\u00edvel ver a taxa de repeti\u00e7\u00e3o do pulso.<\/p>\n<p>ESPECIFICA\u00c7\u00d5ES:<\/p>\n<p>&#8211; Faixa de medi\u00e7\u00e3o SPO2 35% A 100% SpO2<br \/>\n&#8211; Faixa de medi\u00e7\u00e3o 30 A 250 BpM<br \/>\n&#8211; Tela OLED;<br \/>\n&#8211; Exibe SpO2 \/ BpM \/ PI;<br \/>\n&#8211; Curva Pletismogr\u00e1fica;<br \/>\n&#8211; Anti-queda;<br \/>\n&#8211; Resistente \u00e0 respingos de \u00e1gua;<br \/>\n&#8211; Alarme Sonoro e visual;<br \/>\n&#8211; Funciona em dedos frios;<br \/>\n&#8211; Produto Registrado no Inmetro:<br \/>\n&#8211; Anvisa: 80889460017<br \/>\n&#8211; Garantia: 2 anos;<\/p>\n<p>Acompanha:<br \/>\n&#8211; Ox\u00edmetro de dedo PC60B1;<br \/>\n&#8211; Cord\u00e3o para transporte;<br \/>\n&#8211; Estojo em tecido;<br \/>\n&#8211; Manual de Instru\u00e7\u00f5es;<br \/>\n&#8211; 2x Pilha AAA;<\/p>\n<p>Instru\u00e7\u00f5es de Cuidado<br \/>\nA. Sempre mantenha o dispositivo limpo<br \/>\nB. A unidade deve ser limpa com um pano macio e seco<br \/>\nC. Mantenha a unidade seca<br \/>\nD. N\u00e3o use l\u00edquidos vol\u00e1teis tais como benzina, t\u00edner ou \u00e1lcool para limpar a unidade.<\/p>\n<p>A unidade n\u00e3o deve ser armazenada nos seguintes locais:<br \/>\n\u2013 Onde possa respingar \u00e1gua na unidade<br \/>\n\u2013 Onde a unidade fique sujeita a temperaturas extremas, umidade, luz solar direta, poeira ou maresia.<br \/>\n\u2013 Onde a unidade fique em uma superf\u00edcie inclinada ou sujeita a choques fortes ou vibra\u00e7\u00f5es.<br \/>\n\u2013 Onde a unidade fique exposta a produtos qu\u00edmicos ou vapores corrosivos.<br \/>\n\u2013 Sempre guarde a unidade fora do alcance das crian\u00e7as.<\/p>","protected":false},"excerpt":{"rendered":"<p>O Ox\u00edmetro de Dedo PC60B1 M\u00f3bil \u00e9 um excelente dispositivo pra voc\u00ea que quer monitorar seus sinais vitais sem causar desconforto, tudo isso por meio de um exame simples e r\u00e1pido.<\/p>","protected":false},"featured_media":2926,"comment_status":"open","ping_status":"closed","template":"","meta":{"_joinchat":[]},"product_brand":[],"product_cat":[27],"product_tag":[],"class_list":{"0":"post-2925","1":"product","2":"type-product","3":"status-publish","4":"has-post-thumbnail","6":"product_cat-equipamentos-medicos","8":"first","9":"instock","10":"shipping-taxable","11":"purchasable","12":"product-type-simple"},"_links":{"self":[{"href":"https:\/\/www.medideal.com.br\/en\/wp-json\/wp\/v2\/product\/2925","targetHints":{"allow":["GET"]}}],"collection":[{"href":"https:\/\/www.medideal.com.br\/en\/wp-json\/wp\/v2\/product"}],"about":[{"href":"https:\/\/www.medideal.com.br\/en\/wp-json\/wp\/v2\/types\/product"}],"replies":[{"embeddable":true,"href":"https:\/\/www.medideal.com.br\/en\/wp-json\/wp\/v2\/comments?post=2925"}],"wp:featuredmedia":[{"embeddable":true,"href":"https:\/\/www.medideal.com.br\/en\/wp-json\/wp\/v2\/media\/2926"}],"wp:attachment":[{"href":"https:\/\/www.medideal.com.br\/en\/wp-json\/wp\/v2\/media?parent=2925"}],"wp:term":[{"taxonomy":"product_brand","embeddable":true,"href":"https:\/\/www.medideal.com.br\/en\/wp-json\/wp\/v2\/product_brand?post=2925"},{"taxonomy":"product_cat","embeddable":true,"href":"https:\/\/www.medideal.com.br\/en\/wp-json\/wp\/v2\/product_cat?post=2925"},{"taxonomy":"product_tag","embeddable":true,"href":"https:\/\/www.medideal.com.br\/en\/wp-json\/wp\/v2\/product_tag?post=2925"}],"curies":[{"name":"wp","href":"https:\/\/api.w.org\/{rel}","templated":true}]}}