{"id":2919,"date":"2023-12-06T16:17:48","date_gmt":"2023-12-06T19:17:48","guid":{"rendered":"https:\/\/www.medideal.com.br\/?post_type=product&#038;p=2919"},"modified":"2024-01-18T16:14:24","modified_gmt":"2024-01-18T19:14:24","slug":"termometro-clinico-digital-g-tech","status":"publish","type":"product","link":"https:\/\/www.medideal.com.br\/en\/termometro-clinico-digital-g-tech\/","title":{"rendered":"Term\u00f4metro Cl\u00ednico Digital &#8211; G Tech"},"content":{"rendered":"<p><strong>Indica\u00e7\u00e3o de Uso:<\/strong><\/p>\n<p>O Term\u00f4metro Cl\u00ednico Digital G-TECH \u00e9 indicado para processos de medi\u00e7\u00e3o de temperatura por via oral e axilar.<\/p>\n<p><strong>Caracter\u00edsticas:<\/strong><\/p>\n<p>&#8211; Resultado em 1 minuto;<br \/>\n&#8211; Mem\u00f3ria;<br \/>\n&#8211; Beep de aviso ao fim da medi\u00e7\u00e3o;<br \/>\n&#8211; Indicador de bateria fraca;<br \/>\n&#8211; Desligamento autom\u00e1tico;<br \/>\n&#8211; LCD de F\u00e1cil Visualiza\u00e7\u00e3o.<\/p>\n<p><strong>Especifica\u00e7\u00f5es T\u00e9cnicas<\/strong>:<\/p>\n<div class=\"table-overflow\">\n<table class=\"table table-bordered\">\n<tbody>\n<tr>\n<td><strong>Faixa de medi\u00e7\u00e3o:<\/strong><\/td>\n<td>32,0\u00ba C ~ 42,9\u00ba C<\/td>\n<\/tr>\n<tr>\n<td><strong>Erro m\u00e1x. de medi\u00e7\u00e3o:<\/strong><\/td>\n<td>+\/- 0,2\u00ba C<\/td>\n<\/tr>\n<tr>\n<td><strong>Display:<\/strong><\/td>\n<td>Visor de cristal l\u00edquido<\/td>\n<\/tr>\n<tr>\n<td><strong>Mem\u00f3ria:<\/strong><\/td>\n<td>\u00faltima medi\u00e7\u00e3o \u00e9 armazenada automaticamente<\/td>\n<\/tr>\n<tr>\n<td><strong>Vida \u00fatil da bateria:<\/strong><\/td>\n<td>aproximadamente 200 horas<\/td>\n<\/tr>\n<tr>\n<td><strong>Dimens\u00e3o:<\/strong><\/td>\n<td>12,3cm X 2,4cm X 1,1cm<\/td>\n<\/tr>\n<tr>\n<td><strong>Peso:<\/strong><\/td>\n<td>aproximadamente 10g (com a bateria inclusa)<\/td>\n<\/tr>\n<tr>\n<td><strong>Condi\u00e7\u00e3o de uso:<\/strong><\/td>\n<td>&#8211; Temperatura: 5\u00baC-40\u00baC<\/p>\n<p>&#8211; Umidade relativa: menor ou igual a 85%<\/td>\n<\/tr>\n<tr>\n<td><strong>Desligamento Auto.:<\/strong><\/td>\n<td>1 minuto ap\u00f3s o t\u00e9rmino da medi\u00e7\u00e3o<\/td>\n<\/tr>\n<\/tbody>\n<\/table>\n<\/div>\n<p><strong>Limpeza e Desinfec\u00e7\u00e3o<\/strong>:<\/p>\n<p>Este produto \u00e9 100% \u00e0 prova d\u00e1gua, sendo compat\u00edvel a limpeza com sab\u00e3o e \u00e1gua morna ou mesmo \u00e1lcool isoprop\u00edlico 70%. Para fazer a secagem do term\u00f4metro, utilize um pano macio. Aten\u00e7\u00e3o: N\u00c3O LAVE COM \u00c1GUA FERVENDO OU NA M\u00c1QUINA DE LAVAR PRATOS, pois danificar\u00e1 o term\u00f4metro e acarretar\u00e1 na perda da garantia.<\/p>","protected":false},"excerpt":{"rendered":"<p>O Term\u00f4metro Cl\u00ednico Digital G-TECH \u00e9 indicado para processos de medi\u00e7\u00e3o de temperatura por via oral e axilar.<\/p>","protected":false},"featured_media":2920,"comment_status":"open","ping_status":"closed","template":"","meta":{"_joinchat":[]},"product_brand":[],"product_cat":[27],"product_tag":[],"class_list":{"0":"post-2919","1":"product","2":"type-product","3":"status-publish","4":"has-post-thumbnail","6":"product_cat-equipamentos-medicos","8":"first","9":"instock","10":"shipping-taxable","11":"purchasable","12":"product-type-simple"},"_links":{"self":[{"href":"https:\/\/www.medideal.com.br\/en\/wp-json\/wp\/v2\/product\/2919","targetHints":{"allow":["GET"]}}],"collection":[{"href":"https:\/\/www.medideal.com.br\/en\/wp-json\/wp\/v2\/product"}],"about":[{"href":"https:\/\/www.medideal.com.br\/en\/wp-json\/wp\/v2\/types\/product"}],"replies":[{"embeddable":true,"href":"https:\/\/www.medideal.com.br\/en\/wp-json\/wp\/v2\/comments?post=2919"}],"wp:featuredmedia":[{"embeddable":true,"href":"https:\/\/www.medideal.com.br\/en\/wp-json\/wp\/v2\/media\/2920"}],"wp:attachment":[{"href":"https:\/\/www.medideal.com.br\/en\/wp-json\/wp\/v2\/media?parent=2919"}],"wp:term":[{"taxonomy":"product_brand","embeddable":true,"href":"https:\/\/www.medideal.com.br\/en\/wp-json\/wp\/v2\/product_brand?post=2919"},{"taxonomy":"product_cat","embeddable":true,"href":"https:\/\/www.medideal.com.br\/en\/wp-json\/wp\/v2\/product_cat?post=2919"},{"taxonomy":"product_tag","embeddable":true,"href":"https:\/\/www.medideal.com.br\/en\/wp-json\/wp\/v2\/product_tag?post=2919"}],"curies":[{"name":"wp","href":"https:\/\/api.w.org\/{rel}","templated":true}]}}