{"id":2916,"date":"2023-12-06T15:28:31","date_gmt":"2023-12-06T18:28:31","guid":{"rendered":"https:\/\/www.medideal.com.br\/?post_type=product&#038;p=2916"},"modified":"2024-01-18T16:12:55","modified_gmt":"2024-01-18T19:12:55","slug":"barra-de-aluminio-50cm-mebuki","status":"publish","type":"product","link":"https:\/\/www.medideal.com.br\/en\/barra-de-aluminio-50cm-mebuki\/","title":{"rendered":"Barra de Alum\u00ednio 50cm &#8211; Mebuki"},"content":{"rendered":"<table id=\"productattributes\" class=\"table table-striped productattributes\">\n<tbody>\n<tr>\n<th>Indica\u00e7\u00f5es<\/th>\n<td><strong>O que \u00e9 barra de apoio em a\u00e7o inox MEBUKI?<\/strong><\/p>\n<p>A barra de apoio em a\u00e7o inox MEBUKI s\u00e3o projetadas para suportar o peso de uma pessoa e oferecer um ponto de apoio seguro para evitar quedas ou escorreg\u00f5es.\u00a0A resist\u00eancia \u00e0 corros\u00e3o \u00e9 uma das principais caracter\u00edsticas do a\u00e7o inoxid\u00e1vel, que torna adequada para aplica\u00e7\u00f5es em ambientes agressivos. S\u00e3o fixadas de forma segura \u00e0 parede por meio de parafusos e buchas apropriados, garantindo que possam suportar a press\u00e3o exercida durante o uso.<\/p>\n<p>&nbsp;<\/p>\n<p><strong>Para que serve barra de apoio em a\u00e7o inox MEBUKI?<\/strong><\/p>\n<p>A barra de apoio em a\u00e7o inox MEBUKI \u00e9 essencial para fornecer suporte e estabilidade em ambientes onde pessoas podem precisar de assist\u00eancia ao se movimentar. Instaladas em paredes pr\u00f3ximas a banheiras e chuveiros, em torno do vaso sanit\u00e1rio e outras \u00e1reas onde a seguran\u00e7a ao ficar em p\u00e9, sentar ou levantar pode ser comprometida com risco de quedas. Fornece seguran\u00e7a e tranquilidade, principalmente\u00a0para indiv\u00edduos com mobilidade reduzida, favorecendo\u00a0pessoas na melhor idade, cadeirantes, p\u00f3s-operados e crian\u00e7as.<\/td>\n<\/tr>\n<tr>\n<th>Composi\u00e7\u00e3o<\/th>\n<td>A\u00e7o inoxid\u00e1vel.<\/td>\n<\/tr>\n<tr>\n<th>Diferenciais e benef\u00edcios<\/th>\n<td><strong>Quais os benef\u00edcios da barra de apoio em a\u00e7o inox MEBUKI?<\/strong><\/p>\n<ul>\n<li>A\u00e7o inoxid\u00e1vel;<\/li>\n<li>Suporta at\u00e9 150kg;<\/li>\n<li>Medi\u00e7\u00e3o de 50cm;<\/li>\n<li>Densidade mais alta;<\/li>\n<li>Ideal para banheiros;<\/li>\n<li>Dentro do box de banho;<\/li>\n<li>Serve como fun\u00e7\u00e3o de corrim\u00e3o;<\/li>\n<li>Escadas, corredores e \u00e1reas externas;<\/li>\n<li>Pr\u00f3ximo em banheiras e chuveiros;<\/li>\n<li>Maior durabilidade e apar\u00eancia est\u00e9tica;<\/li>\n<li>Alta resist\u00eancia\u00a0mec\u00e2nica e\u00a0\u00e0 corros\u00e3o;<\/li>\n<li>Fornecer suporte e estabilidade;<\/li>\n<li>Ideal aplica\u00e7\u00f5es em ambientes agressivos;<\/li>\n<li>Acompanha buchas e parafusos;<\/li>\n<\/ul>\n<\/td>\n<\/tr>\n<tr>\n<th>Modo de Usar<\/th>\n<td><strong>Como instalar barra de apoio em a\u00e7o inox MEBUKI?<\/strong><\/p>\n<ol>\n<li>Certifique-se de que n\u00e3o existem canos de \u00e1gua ou de energia el\u00e9trica, na parede em que ser\u00e3o feitos os furos para fixa\u00e7\u00e3o da barra.<\/li>\n<li>A tampa de acabamento, tem &#8220;2 orelhas de fixa\u00e7\u00e3o&#8221;. Gire-a at\u00e9 se soltar da base e retire-a.<\/li>\n<li>Posicione a barra a uma altura de 75cm do piso acabado, e nivele. Com um l\u00e1pis, marque ps pontos de fura\u00e7\u00f5es, que est\u00e3o na base da pe\u00e7a.<\/li>\n<li>Com uma furadeira e uma broca diamantada de 8mm, fure os locais demarcados anteriormente.<\/li>\n<li>Introduza as buchas nos furos. Monte a barra e coloque-a sobre os furos. Parafuse firmemente. Necess\u00e1rio chave catraca, com sotaque sextavado, n\u00b08.<\/li>\n<li>Teste a fixa\u00e7\u00e3o da barra, descansando o seu peso (de at\u00e9 150,0kg) ap\u00f3s a instala\u00e7\u00e3o. Se necess\u00e1rio, aperte mais.<\/li>\n<li>Encaixe as &#8220;orelhas&#8221; da tampa de acabamento, e gire-a 1\/4 de volta para se fixar, contra a parede.<\/li>\n<\/ol>\n<\/td>\n<\/tr>\n<tr>\n<th>Itens inclusos<\/th>\n<td>01 Barra de apoio em a\u00e7o inoxid\u00e1vel de 50cm MEBUKI;<\/p>\n<p>06 Buchas e parafusos para instala\u00e7\u00e3o.<\/td>\n<\/tr>\n<\/tbody>\n<\/table>","protected":false},"excerpt":{"rendered":"<p>A barra de apoio em a\u00e7o inox MEBUKI s\u00e3o projetadas para suportar o peso de uma pessoa e oferecer um ponto de apoio seguro para evitar quedas ou escorreg\u00f5es.<\/p>","protected":false},"featured_media":2914,"comment_status":"open","ping_status":"closed","template":"","meta":{"_joinchat":[]},"product_brand":[],"product_cat":[111],"product_tag":[],"class_list":{"0":"post-2916","1":"product","2":"type-product","3":"status-publish","4":"has-post-thumbnail","6":"product_cat-barras-de-apoio-e-assentos-sanitarios","8":"first","9":"instock","10":"shipping-taxable","11":"purchasable","12":"product-type-simple"},"_links":{"self":[{"href":"https:\/\/www.medideal.com.br\/en\/wp-json\/wp\/v2\/product\/2916","targetHints":{"allow":["GET"]}}],"collection":[{"href":"https:\/\/www.medideal.com.br\/en\/wp-json\/wp\/v2\/product"}],"about":[{"href":"https:\/\/www.medideal.com.br\/en\/wp-json\/wp\/v2\/types\/product"}],"replies":[{"embeddable":true,"href":"https:\/\/www.medideal.com.br\/en\/wp-json\/wp\/v2\/comments?post=2916"}],"wp:featuredmedia":[{"embeddable":true,"href":"https:\/\/www.medideal.com.br\/en\/wp-json\/wp\/v2\/media\/2914"}],"wp:attachment":[{"href":"https:\/\/www.medideal.com.br\/en\/wp-json\/wp\/v2\/media?parent=2916"}],"wp:term":[{"taxonomy":"product_brand","embeddable":true,"href":"https:\/\/www.medideal.com.br\/en\/wp-json\/wp\/v2\/product_brand?post=2916"},{"taxonomy":"product_cat","embeddable":true,"href":"https:\/\/www.medideal.com.br\/en\/wp-json\/wp\/v2\/product_cat?post=2916"},{"taxonomy":"product_tag","embeddable":true,"href":"https:\/\/www.medideal.com.br\/en\/wp-json\/wp\/v2\/product_tag?post=2916"}],"curies":[{"name":"wp","href":"https:\/\/api.w.org\/{rel}","templated":true}]}}