{"id":2911,"date":"2023-12-06T15:06:52","date_gmt":"2023-12-06T18:06:52","guid":{"rendered":"https:\/\/www.medideal.com.br\/?post_type=product&#038;p=2911"},"modified":"2024-01-25T11:34:43","modified_gmt":"2024-01-25T14:34:43","slug":"assento-para-cadeira-de-banho-mebuki","status":"publish","type":"product","link":"https:\/\/www.medideal.com.br\/en\/assento-para-cadeira-de-banho-mebuki\/","title":{"rendered":"Assento para Cadeira de Banho &#8211; Mebuki"},"content":{"rendered":"<p>O assento sanit\u00e1rio oval para cadeira de banho fechado MEBUKI \u00e9 projetado para melhorar a funcionalidade e a comodidade de uma cadeira de banho, especialmente por pessoas com mobilidade limitada ou que t\u00eam dificuldade em ficar em p\u00e9 ou se movimentar.<\/p>\n<p>&nbsp;<\/p>\n<p><strong>Para que serve assento sanit\u00e1rio oval para cadeira de banho aberto MEBUKI?<\/strong><\/p>\n<p>O assento sanit\u00e1rio oval para cadeira de banho aberto MEBUKI serve para melhorar a acessibilidade, a seguran\u00e7a, o conforto e a independ\u00eancia dos usu\u00e1rios com mobilidade reduzida ou defici\u00eancias f\u00edsicas durante o uso do vaso sanit\u00e1rio. O usu\u00e1rio tem maior independ\u00eancia ao realizar suas necessidades no banheiro, eliminando ou reduzindo a necessidade de assist\u00eancia de terceiros.<\/p>","protected":false},"excerpt":{"rendered":"<p>O assento sanit\u00e1rio oval para cadeira de banho fechado MEBUKI \u00e9 projetado para melhorar a funcionalidade e a comodidade de uma cadeira de banho, especialmente por pessoas com mobilidade limitada ou que t\u00eam dificuldade em ficar em p\u00e9 ou se movimentar.<\/p>","protected":false},"featured_media":2912,"comment_status":"open","ping_status":"closed","template":"","meta":{"_joinchat":[]},"product_brand":[],"product_cat":[111],"product_tag":[],"class_list":{"0":"post-2911","1":"product","2":"type-product","3":"status-publish","4":"has-post-thumbnail","6":"product_cat-barras-de-apoio-e-assentos-sanitarios","8":"first","9":"instock","10":"shipping-taxable","11":"purchasable","12":"product-type-simple"},"_links":{"self":[{"href":"https:\/\/www.medideal.com.br\/en\/wp-json\/wp\/v2\/product\/2911","targetHints":{"allow":["GET"]}}],"collection":[{"href":"https:\/\/www.medideal.com.br\/en\/wp-json\/wp\/v2\/product"}],"about":[{"href":"https:\/\/www.medideal.com.br\/en\/wp-json\/wp\/v2\/types\/product"}],"replies":[{"embeddable":true,"href":"https:\/\/www.medideal.com.br\/en\/wp-json\/wp\/v2\/comments?post=2911"}],"wp:featuredmedia":[{"embeddable":true,"href":"https:\/\/www.medideal.com.br\/en\/wp-json\/wp\/v2\/media\/2912"}],"wp:attachment":[{"href":"https:\/\/www.medideal.com.br\/en\/wp-json\/wp\/v2\/media?parent=2911"}],"wp:term":[{"taxonomy":"product_brand","embeddable":true,"href":"https:\/\/www.medideal.com.br\/en\/wp-json\/wp\/v2\/product_brand?post=2911"},{"taxonomy":"product_cat","embeddable":true,"href":"https:\/\/www.medideal.com.br\/en\/wp-json\/wp\/v2\/product_cat?post=2911"},{"taxonomy":"product_tag","embeddable":true,"href":"https:\/\/www.medideal.com.br\/en\/wp-json\/wp\/v2\/product_tag?post=2911"}],"curies":[{"name":"wp","href":"https:\/\/api.w.org\/{rel}","templated":true}]}}