{"id":2910,"date":"2023-12-06T15:02:25","date_gmt":"2023-12-06T18:02:25","guid":{"rendered":"https:\/\/www.medideal.com.br\/?post_type=product&#038;p=2910"},"modified":"2024-01-25T11:35:07","modified_gmt":"2024-01-25T14:35:07","slug":"assento-elevado-135cm-mebuki","status":"publish","type":"product","link":"https:\/\/www.medideal.com.br\/en\/assento-elevado-135cm-mebuki\/","title":{"rendered":"Assento Elevado 13,5cm &#8211; Mebuki"},"content":{"rendered":"<p>Indicado para P\u00d3S-CIR\u00daRGICOS, PORTADORES DE NECESSIDADES ESPECIAIS e MELHOR IDADE, por facilitar a utiliza\u00e7\u00e3o do vaso sanit\u00e1rio, SEM MUITO ESFOR\u00c7O F\u00cdSICO. para proporcionar conforto com menor esfor\u00e7o f\u00edsico.<\/p>\n<p>De f\u00e1cil instala\u00e7\u00e3o, s\u00e3o ajust\u00e1veis a todos os vasos ovais convencionais.<\/p>\n<p><strong>REBAIXO\u00a0FRONTAL<\/strong>: Facilita a assepsia do usu\u00e1rio ap\u00f3s a utiliza\u00e7\u00e3o.<br \/>\n<strong>LEVANTAMENTO TOTAL\u00a0OU\u00a0PARCIAL<\/strong>: Levantamento Total, v\u00e1lido para vasos com v\u00e1lvula hidra. Levantamento Parcial, v\u00e1lido para vasos com caixa acoplada.<br \/>\n<strong>REFOR\u00c7OS MET\u00c1LICOS\u00a0EM\u00a0INOX<\/strong>: Parafusos em NYLON\u00ae com refor\u00e7o met\u00e1lico. Mais resistente, maior seguran\u00e7a! REBAIXO\u00a0<strong>HIGI\u00caNICO<\/strong>: Evita contato indesejado com a lou\u00e7a.<br \/>\n<strong>ASSENTO ELEVADO SEM\u00a0REFORMA<\/strong>: O Assento Elevado permite a readequa\u00e7\u00e3o do banheiro original, sem necessidade de reforma para eleva\u00e7\u00e3o do vaso sanit\u00e1rio. Mais economia e facilidade para o usu\u00e1rio.<br \/>\n<strong>DIMENS\u00d5ES<\/strong><br \/>\n39cm X 44cm X 13,5cm<\/p>\n<p>Indicado para pessoas abaixo de 1,70m. Suporta at\u00e9 120kg.<\/p>","protected":false},"excerpt":{"rendered":"<p>Indicado para P\u00d3S-CIR\u00daRGICOS, PORTADORES DE NECESSIDADES ESPECIAIS e MELHOR IDADE, por facilitar a utiliza\u00e7\u00e3o do vaso sanit\u00e1rio, SEM MUITO ESFOR\u00c7O F\u00cdSICO. para proporcionar conforto com menor esfor\u00e7o f\u00edsico.<\/p>","protected":false},"featured_media":2907,"comment_status":"open","ping_status":"closed","template":"","meta":{"_joinchat":[]},"product_brand":[],"product_cat":[111],"product_tag":[],"class_list":{"0":"post-2910","1":"product","2":"type-product","3":"status-publish","4":"has-post-thumbnail","6":"product_cat-barras-de-apoio-e-assentos-sanitarios","8":"first","9":"outofstock","10":"shipping-taxable","11":"purchasable","12":"product-type-simple"},"_links":{"self":[{"href":"https:\/\/www.medideal.com.br\/en\/wp-json\/wp\/v2\/product\/2910","targetHints":{"allow":["GET"]}}],"collection":[{"href":"https:\/\/www.medideal.com.br\/en\/wp-json\/wp\/v2\/product"}],"about":[{"href":"https:\/\/www.medideal.com.br\/en\/wp-json\/wp\/v2\/types\/product"}],"replies":[{"embeddable":true,"href":"https:\/\/www.medideal.com.br\/en\/wp-json\/wp\/v2\/comments?post=2910"}],"wp:featuredmedia":[{"embeddable":true,"href":"https:\/\/www.medideal.com.br\/en\/wp-json\/wp\/v2\/media\/2907"}],"wp:attachment":[{"href":"https:\/\/www.medideal.com.br\/en\/wp-json\/wp\/v2\/media?parent=2910"}],"wp:term":[{"taxonomy":"product_brand","embeddable":true,"href":"https:\/\/www.medideal.com.br\/en\/wp-json\/wp\/v2\/product_brand?post=2910"},{"taxonomy":"product_cat","embeddable":true,"href":"https:\/\/www.medideal.com.br\/en\/wp-json\/wp\/v2\/product_cat?post=2910"},{"taxonomy":"product_tag","embeddable":true,"href":"https:\/\/www.medideal.com.br\/en\/wp-json\/wp\/v2\/product_tag?post=2910"}],"curies":[{"name":"wp","href":"https:\/\/api.w.org\/{rel}","templated":true}]}}