{"id":2908,"date":"2023-12-06T14:48:59","date_gmt":"2023-12-06T17:48:59","guid":{"rendered":"https:\/\/www.medideal.com.br\/?post_type=product&#038;p=2908"},"modified":"2024-01-25T11:35:20","modified_gmt":"2024-01-25T14:35:20","slug":"assento-sanitario-retangular-75cm-mebuki","status":"publish","type":"product","link":"https:\/\/www.medideal.com.br\/en\/assento-sanitario-retangular-75cm-mebuki\/","title":{"rendered":"Assento Sanit\u00e1rio Retangular 7,5cm &#8211; Mebuki"},"content":{"rendered":"<p>Os Assentos Elevados Mebuki foram criados baseados nas reais necessidades das pessoas, facilitando o dia a dia de quem o utiliza. Indicado para P\u00f3s-Cir\u00fargicos, Deficientes F\u00edsicos e Melhor Idade, Gestantes, Card\u00edacos, Cirurgias de quadril e F\u00eamur, e outros, por facilitar a utiliza\u00e7\u00e3o do vaso sanit\u00e1rio, Sem Muito Esfor\u00e7o F\u00edsico.<br \/>\nFoi desenvolvido, baseado em informa\u00e7\u00f5es t\u00e9cnicas de: m\u00e9dicos, fisioterapeutas, engenheiros e usu\u00e1rios, para proporcionar conforto com menor esfor\u00e7o f\u00edsico. Os Assentos Elevados Mebuki s\u00e3o confeccionados com mat\u00e9ria-prima nova, at\u00f3xica e de proced\u00eancia, o que garante melhor acabamento e maior durabilidade. Produto higi\u00eanico e de f\u00e1cil limpeza.<br \/>\nAl\u00e9m de permitir a eleva\u00e7\u00e3o do vaso sanit\u00e1rio SEM REFORMAS, conta com parafusos e estruturas refor\u00e7adas, al\u00e9m de se ajustarem a diversos modelos de VASOS RETANGULARES. Porcas e buchas c\u00f4nicas fixam o assento, impedindo movimentos laterais.<br \/>\nCompat\u00edvel com as lou\u00e7as sanit\u00e1rias retangulares abaixo:<\/p>\n<p>&#8211; Sabatini, Etna (ICASA)<br \/>\n&#8211; Riviera, Life, Smart, City (CELITE)<br \/>\n&#8211; Nexo, Debba, Square (ROCA)<br \/>\n&#8211; Vogue Plus, Aspen, Fast (DECA)<br \/>\n&#8211; Ibiza (INCEPA)<br \/>\n&#8211; Square, Loren Luna (LORENZETTI)<br \/>\n&#8211; Paris (IDEAL STANDARD)<br \/>\n&#8211; Premier (MGM)<br \/>\n&#8211; Flox (FIORI)<br \/>\n&#8211; Dona Beja (SANTA CLARA)<br \/>\nSuporta at\u00e9 120 kg<br \/>\nParafusos de fixa\u00e7\u00e3o regul\u00e1veis, flex\u00edveis e refor\u00e7ados, al\u00e9m de porcas c\u00f4nicas, que garantem um melhor ajuste para seu vaso;<br \/>\nSuperf\u00edcie lisa, que evita o ac\u00famulo de germes e sujeiras e facilita a limpeza;<br \/>\nMedidas: 36,5 comprimento x 43 largura x 7,5 altura (cm)<br \/>\nDist\u00e2ncia entre parafusos: m\u00ednima: 15 cm \/ m\u00e1xima: 16,5 cm<br \/>\nCONT\u00c9M:<\/p>\n<p>1 Assento Sanit\u00e1rio Elevado Retangular 7,5 cm<br \/>\n1 Kit de Fixa\u00e7\u00e3o<\/p>","protected":false},"excerpt":{"rendered":"<p>Indicado para P\u00f3s-Cir\u00fargicos, Deficientes F\u00edsicos e Melhor Idade, Gestantes, Card\u00edacos, Cirurgias de quadril e F\u00eamur, e outros, por facilitar a utiliza\u00e7\u00e3o do vaso sanit\u00e1rio, Sem Muito Esfor\u00e7o F\u00edsico.<\/p>","protected":false},"featured_media":2909,"comment_status":"open","ping_status":"closed","template":"","meta":{"_joinchat":[]},"product_brand":[],"product_cat":[111],"product_tag":[],"class_list":{"0":"post-2908","1":"product","2":"type-product","3":"status-publish","4":"has-post-thumbnail","6":"product_cat-barras-de-apoio-e-assentos-sanitarios","8":"first","9":"instock","10":"shipping-taxable","11":"purchasable","12":"product-type-simple"},"_links":{"self":[{"href":"https:\/\/www.medideal.com.br\/en\/wp-json\/wp\/v2\/product\/2908","targetHints":{"allow":["GET"]}}],"collection":[{"href":"https:\/\/www.medideal.com.br\/en\/wp-json\/wp\/v2\/product"}],"about":[{"href":"https:\/\/www.medideal.com.br\/en\/wp-json\/wp\/v2\/types\/product"}],"replies":[{"embeddable":true,"href":"https:\/\/www.medideal.com.br\/en\/wp-json\/wp\/v2\/comments?post=2908"}],"wp:featuredmedia":[{"embeddable":true,"href":"https:\/\/www.medideal.com.br\/en\/wp-json\/wp\/v2\/media\/2909"}],"wp:attachment":[{"href":"https:\/\/www.medideal.com.br\/en\/wp-json\/wp\/v2\/media?parent=2908"}],"wp:term":[{"taxonomy":"product_brand","embeddable":true,"href":"https:\/\/www.medideal.com.br\/en\/wp-json\/wp\/v2\/product_brand?post=2908"},{"taxonomy":"product_cat","embeddable":true,"href":"https:\/\/www.medideal.com.br\/en\/wp-json\/wp\/v2\/product_cat?post=2908"},{"taxonomy":"product_tag","embeddable":true,"href":"https:\/\/www.medideal.com.br\/en\/wp-json\/wp\/v2\/product_tag?post=2908"}],"curies":[{"name":"wp","href":"https:\/\/api.w.org\/{rel}","templated":true}]}}