{"id":2896,"date":"2023-12-06T10:04:29","date_gmt":"2023-12-06T13:04:29","guid":{"rendered":"https:\/\/www.medideal.com.br\/?post_type=product&#038;p=2896"},"modified":"2025-01-03T16:10:41","modified_gmt":"2025-01-03T19:10:41","slug":"andador-3-rodas-praxis","status":"publish","type":"product","link":"https:\/\/www.medideal.com.br\/en\/andador-3-rodas-praxis\/","title":{"rendered":"Andador 3 Rodas &#8211; Praxis"},"content":{"rendered":"<p>Andador 3 Rodas Dobr\u00e1vel com Bolsa e Cesto Praxis \u00e9\u00a0ideal para quem gosta de fazer atividades durante o dia, mas depende de um andador para auxiliar na locomo\u00e7\u00e3o.<\/p>\n<p>O Andador 3 Rodas Praxis \u00e9 muito mais pr\u00e1tico, leve e f\u00e1cil de usar. Ele ainda conta com um espa\u00e7oso porta-objetos, al\u00e9m de um cesto met\u00e1lico frontal e uma bandeja.<\/p>\n<p>O Andador 3 Rodas Dobr\u00e1vel com Bolsa e Cesto Praxis \u00e9 Ideal para pessoas at\u00e9 120kg<\/p>\n<p>O Andador da Praxis \u00e9 um\u00a0modelo com 3 rodas que re\u00fane as melhores carater\u00edsticas que um andador vers\u00e1til precisa ter.<\/p>\n<p><strong>Caracter\u00edsticas\u00a0 do\u00a0Andador 3 Rodas Dobr\u00e1vel Praxis:<\/strong><\/p>\n<ul>\n<li>Manoplas: Contam com\u00a0ajuste de altura para atender a estatura do usu\u00e1rio.<\/li>\n<li>Estrutura:\u00a0\u00a0Dobr\u00e1vel em a\u00e7o, torna este modelo um equipamento leve e pr\u00e1tico e f\u00e1cil de guardar e transportar. Cabe no porta-malas da maioria dos carros.<\/li>\n<li>Freios: Freios acionados atrav\u00e9s das alavancas que ficam junto as manoplas. Os freios atuam nas rodas traseiras e podem ser travados atrav\u00e9s das alavancas de acionamento.<\/li>\n<li>Rodas: Possui 3 rodas com 8\u201d de di\u00e2metro (aprox. 20 cm)<\/li>\n<li>Porta Objetos: Um espa\u00e7oso porta objetos facilita a vida do dia a dia.<\/li>\n<li>Cesto:\u00a0Acompanha um pr\u00e1tico cesto met\u00e1lico.<\/li>\n<\/ul>\n<p><strong>Informa\u00e7\u00f5es T\u00e9cnicas:<\/strong><\/p>\n<ul>\n<li>Modelo: SC5041E<\/li>\n<li>Refer\u00eancia: 2048<\/li>\n<li>Dobr\u00e1vel<\/li>\n<li>Estrutura em alum\u00ednio<\/li>\n<li>Manopla com ajuste de altura de 82 a 97 cm<\/li>\n<li>Freio com trava nas rodas traseira<\/li>\n<li>Rodas: 8\u2033 (20,3 cm)<\/li>\n<li>Porta objetos em courvim<\/li>\n<li>Porta objetos em tela met\u00e1lica<\/li>\n<li>Bandeja em pl\u00e1stico<\/li>\n<\/ul>","protected":false},"excerpt":{"rendered":"<p>Andador 3 Rodas Dobr\u00e1vel com Bolsa e Cesto Praxis \u00e9\u00a0ideal para quem gosta de fazer atividades durante o dia, mas depende de um andador para auxiliar na locomo\u00e7\u00e3o.<\/p>","protected":false},"featured_media":2901,"comment_status":"open","ping_status":"closed","template":"","meta":{"_joinchat":[]},"product_brand":[],"product_cat":[112],"product_tag":[],"class_list":{"0":"post-2896","1":"product","2":"type-product","3":"status-publish","4":"has-post-thumbnail","6":"product_cat-muletas-e-bengalas","8":"first","9":"outofstock","10":"shipping-taxable","11":"purchasable","12":"product-type-simple"},"_links":{"self":[{"href":"https:\/\/www.medideal.com.br\/en\/wp-json\/wp\/v2\/product\/2896","targetHints":{"allow":["GET"]}}],"collection":[{"href":"https:\/\/www.medideal.com.br\/en\/wp-json\/wp\/v2\/product"}],"about":[{"href":"https:\/\/www.medideal.com.br\/en\/wp-json\/wp\/v2\/types\/product"}],"replies":[{"embeddable":true,"href":"https:\/\/www.medideal.com.br\/en\/wp-json\/wp\/v2\/comments?post=2896"}],"wp:featuredmedia":[{"embeddable":true,"href":"https:\/\/www.medideal.com.br\/en\/wp-json\/wp\/v2\/media\/2901"}],"wp:attachment":[{"href":"https:\/\/www.medideal.com.br\/en\/wp-json\/wp\/v2\/media?parent=2896"}],"wp:term":[{"taxonomy":"product_brand","embeddable":true,"href":"https:\/\/www.medideal.com.br\/en\/wp-json\/wp\/v2\/product_brand?post=2896"},{"taxonomy":"product_cat","embeddable":true,"href":"https:\/\/www.medideal.com.br\/en\/wp-json\/wp\/v2\/product_cat?post=2896"},{"taxonomy":"product_tag","embeddable":true,"href":"https:\/\/www.medideal.com.br\/en\/wp-json\/wp\/v2\/product_tag?post=2896"}],"curies":[{"name":"wp","href":"https:\/\/api.w.org\/{rel}","templated":true}]}}