{"id":2883,"date":"2023-12-05T16:40:09","date_gmt":"2023-12-05T19:40:09","guid":{"rendered":"https:\/\/www.medideal.com.br\/?post_type=product&#038;p=2883"},"modified":"2024-01-18T15:47:31","modified_gmt":"2024-01-18T18:47:31","slug":"cadeira-de-rodas-munique-praxis","status":"publish","type":"product","link":"https:\/\/www.medideal.com.br\/en\/cadeira-de-rodas-munique-praxis\/","title":{"rendered":"Cadeira de Rodas Munique &#8211; Praxis"},"content":{"rendered":"<h2>Munique<\/h2>\n<h3>Design moderno<\/h3>\n<p>O projeto da\u00a0<a href=\"https:\/\/pt.wikipedia.org\/wiki\/Cadeira_de_rodas\">Cadeira de Rodas<\/a>\u00a0Munique da\u00a0<a href=\"https:\/\/praxisbr.com.br\/quem-somos\/\">Praxis<\/a>\u00a0foi desenvolvido pensando em ir muito al\u00e9m das configura\u00e7\u00f5es b\u00e1sicas de uma cadeira de rodas de alum\u00ednio convencional.<br \/>\nA preocupa\u00e7\u00e3o com funcionalidade, praticidade, tecnologia e beleza se faz presente em todos os detalhes. Seu desenho exclusivo lhe confere uma apar\u00eancia \u00fanica, elegante e discreta. Os detalhes, o acabamento aprimorado aliado a uma estrutura de alum\u00ednio resultaram num projeto robusto e ao mesmo tempo simples, com um visual moderno.<\/p>\n<h3>Estrutura em alum\u00ednio<\/h3>\n<p>A estrutura em alum\u00ednio torna este modelo leve e resistente. E al\u00e9m disso o alum\u00ednio \u00e9 conhecido pela sua alta resist\u00eancia a corros\u00e3o. Uma cadeira de rodas resistente e dur\u00e1vel.<\/p>\n<h3>Estrutura dobr\u00e1vel com duplo X.<\/h3>\n<p>A Cadeira de Rodas Munique possui estrutura dobr\u00e1vel com duplo X. O duplo X confere maior resist\u00eancia, estabilidade e maior seguran\u00e7a para o usu\u00e1rio. E quando fechada a cadeira fica com apenas 30 cm de largura.<\/p>\n<h3>Uma cadeira de rodas compacta<\/h3>\n<p>Com recursos importantes como os eixos de engate r\u00e1pido nas rodas traseiras (eixos quick), a estrutura dobr\u00e1vel e os apoios remov\u00edveis para os p\u00e9s resultou em uma cadeira leve e compacta. F\u00e1cil de guardar, ocupando pouco espa\u00e7o. \u00c9 ideal tamb\u00e9m para pessoas que necessitam transportar a cadeira com muita frequ\u00eancia. Cabe no porta-malas da maioria dos ve\u00edculos.<\/p>\n<h3>Rodas<\/h3>\n<p>Nas rodas traseiras, a ado\u00e7\u00e3o de pneus em poliuretano, que n\u00e3o furam e n\u00e3o esvaziam, aumentou muito a confiabilidade.<br \/>\nAl\u00e9m disso as rodas traseiras podem ser removidas facilmente com a utiliza\u00e7\u00e3o dos eixos de engate r\u00e1pido. Aperte o bot\u00e3o no centro da roda e puxe. Pronto! Com isso voc\u00ea vai precisar de muito menos espa\u00e7o para transportar e guardar sua cadeira de rodas.<br \/>\nPara as rodas dianteiras optamos pela utiliza\u00e7\u00e3o de rodas com pneus r\u00edgidos e garfos em alum\u00ednio, com um desenho bem moderno, resultando num conjunto bastante harmonioso, funcional, leve e bonito.<\/p>\n<h3>Rolamentos de precis\u00e3o<\/h3>\n<p>As rodas dianteiras e traseiras possuem rolamentos de precis\u00e3o, para que a acadeira possa rodar com menos resist\u00eancia, proporcionando um rodar macio e com maior durabilidade.<\/p>\n<h3>Apoio para os bra\u00e7os<\/h3>\n<p>Em rela\u00e7\u00e3o aos apoios para os bra\u00e7os, foram adotados apoios articulados, rebat\u00edveis para tr\u00e1s, para facilitar a entrada e sa\u00edda da cadeira de rodas. Eles rebatem para tr\u00e1s liberando o acesso ao assento. Al\u00e9m disso estes apoios possuem ajuste de altura para permitir uma melhor adequa\u00e7\u00e3o a postura do usu\u00e1rio.<\/p>\n<h3>Assento e encosto em tecido resistente<\/h3>\n<p>O assento e encosto em tecido de nylon s\u00e3o resistentes dur\u00e1veis e f\u00e1ceis de limpar.<\/p>\n<h3>Apoio para os p\u00e9s<\/h3>\n<p>Os apoios para os p\u00e9s foram projetados com linhas suaves para se integrar perfeitamente a estrutura da cadeira. Suas alavancas, utilizadas para destravar o conjunto, s\u00e3o anat\u00f4micas e possuem uma est\u00e9tica muito especial. S\u00e3o articulados e remov\u00edveis para facilitar a entrada e sa\u00edda da cadeira. As bases em pl\u00e1stico refor\u00e7ado com tiras de apoio para o calcanhar completam o conjunto.<br \/>\nApoios remov\u00edveis para os p\u00e9s, com ajuste de altura<br \/>\nOs apoios para os p\u00e9s foram projetados com linhas suaves para se integrar perfeitamente a estrutura da cadeira. Suas alavancas, utilizadas para destravar o conjunto, s\u00e3o anat\u00f4micas e possuem uma est\u00e9tica muito especial.<br \/>\nS\u00e3o articulados (abrindo para as laterais) e remov\u00edveis para facilitar a entrada e sa\u00edda da cadeira.<br \/>\nAs bases em pl\u00e1stico refor\u00e7ado com tiras de apoio para o calcanhar completam este conjunto.<br \/>\nSuas alavancas, utilizadas para destravar o conjunto, s\u00e3o anat\u00f4micas e possuem uma est\u00e9tica muito especial. S\u00e3o articulados (abrindo para as laterais) e remov\u00edveis para facilitar a entrada e sa\u00edda da cadeira.<br \/>\nAl\u00e9m disso a altura dos apoios para os p\u00e9s pode ser ajustada para se adequar a estatura do usu\u00e1rio.<\/p>\n<h3>Faixa para o apoio do calcanhar<\/h3>\n<p>Para completar o conjunto dos apoios para os p\u00e9s, as bases em pl\u00e1stico refor\u00e7ado possuem faixas de nylon para apoiar o calcanhar.<\/p>\n<h3>Almofada<\/h3>\n<p>Acompanha uma almofada confort\u00e1vel de alta densidade revestida em tecido de nylon.<\/p>\n<h3>Garfos dianteiros<\/h3>\n<p>Os garfos dianteiros s\u00e3o de alum\u00ednio, muito resistentes, e apresentam um design elegante e moderno.<\/p>\n<h3>Freios<\/h3>\n<p>Este modelo conta com freios bilaterais que atuam nas rodas traseiras.<\/p>\n<h3>Porta prontu\u00e1rio<\/h3>\n<p>Na parte de tr\u00e1s do encosto existe um pr\u00e1tico porta prontu\u00e1rio.<\/p>\n<h3>Manoplas<\/h3>\n<p>Com formato anat\u00f4mico as manoplas, feitas de pl\u00e1stico especial, garantem uma \u00f3tima empunhadura resultando em mais seguran\u00e7a ao usu\u00e1rio e conforto para quem o est\u00e1 conduzindo.<\/p>\n<ul>\n<li>Estrutura refor\u00e7ada em alum\u00ednio, dobr\u00e1vel com duplo X;<\/li>\n<li>Assento e encosto em nylon resistente;<\/li>\n<li>Apoio para os p\u00e9s rebat\u00edveis, articulados, remov\u00edveis e com ajuste de altura;<\/li>\n<li>Faixa em nylon para apoio do calcanhar;<\/li>\n<li>Protetor de roupas em pl\u00e1stico;<\/li>\n<li>Almofada de espuma revestida em nylon;<\/li>\n<li>Apoio para os bra\u00e7os em PU, articulados e com ajuste de altura;<\/li>\n<li>Porta prontu\u00e1rio na parte de tr\u00e1s do encosto;<\/li>\n<li>Freios em a\u00e7o, bilaterais, nas rodas traseiras;<\/li>\n<li>Rodas traseiras com eixos de engate r\u00e1pido;<\/li>\n<li>Rodas dianteiras e traseiras com pneus em PU, n\u00e3o furam e n\u00e3o esvaziam;<\/li>\n<li>Garfos em alum\u00ednio;<\/li>\n<li>Manoplas anat\u00f4micas;<\/li>\n<\/ul>","protected":false},"excerpt":{"rendered":"<p>A estrutura em alum\u00ednio torna este modelo leve e resistente. E al\u00e9m disso o alum\u00ednio \u00e9 conhecido pela sua alta resist\u00eancia a corros\u00e3o. Uma cadeira de rodas resistente e dur\u00e1vel.<\/p>","protected":false},"featured_media":2884,"comment_status":"open","ping_status":"closed","template":"","meta":{"_joinchat":[]},"product_brand":[],"product_cat":[31],"product_tag":[],"class_list":{"0":"post-2883","1":"product","2":"type-product","3":"status-publish","4":"has-post-thumbnail","6":"product_cat-cadeira-de-rodas","8":"first","9":"instock","10":"shipping-taxable","11":"purchasable","12":"product-type-simple"},"_links":{"self":[{"href":"https:\/\/www.medideal.com.br\/en\/wp-json\/wp\/v2\/product\/2883","targetHints":{"allow":["GET"]}}],"collection":[{"href":"https:\/\/www.medideal.com.br\/en\/wp-json\/wp\/v2\/product"}],"about":[{"href":"https:\/\/www.medideal.com.br\/en\/wp-json\/wp\/v2\/types\/product"}],"replies":[{"embeddable":true,"href":"https:\/\/www.medideal.com.br\/en\/wp-json\/wp\/v2\/comments?post=2883"}],"wp:featuredmedia":[{"embeddable":true,"href":"https:\/\/www.medideal.com.br\/en\/wp-json\/wp\/v2\/media\/2884"}],"wp:attachment":[{"href":"https:\/\/www.medideal.com.br\/en\/wp-json\/wp\/v2\/media?parent=2883"}],"wp:term":[{"taxonomy":"product_brand","embeddable":true,"href":"https:\/\/www.medideal.com.br\/en\/wp-json\/wp\/v2\/product_brand?post=2883"},{"taxonomy":"product_cat","embeddable":true,"href":"https:\/\/www.medideal.com.br\/en\/wp-json\/wp\/v2\/product_cat?post=2883"},{"taxonomy":"product_tag","embeddable":true,"href":"https:\/\/www.medideal.com.br\/en\/wp-json\/wp\/v2\/product_tag?post=2883"}],"curies":[{"name":"wp","href":"https:\/\/api.w.org\/{rel}","templated":true}]}}