{"id":2873,"date":"2023-12-05T16:31:01","date_gmt":"2023-12-05T19:31:01","guid":{"rendered":"https:\/\/www.medideal.com.br\/?post_type=product&#038;p=2873"},"modified":"2024-05-04T12:13:17","modified_gmt":"2024-05-04T15:13:17","slug":"cadeira-de-rodas-veneza-praxis","status":"publish","type":"product","link":"https:\/\/www.medideal.com.br\/en\/cadeira-de-rodas-veneza-praxis\/","title":{"rendered":"Cadeira de Rodas Veneza &#8211; Praxis"},"content":{"rendered":"<p>possui rodas 4 rodas pequenas aro 8\u201d, estrutura resistente em a\u00e7o, apoios almofadados para os bra\u00e7os e apoios articulados e remov\u00edveis para os p\u00e9s.<\/p>\n<h3>Encosto dobr\u00e1vel<\/h3>\n<p>Este modelo possui encosto dobr\u00e1vel, que vai fazer toda a diferen\u00e7a na hora de transportar e aguardar a cadeira. O encosto dobr\u00e1vel \u00e9 um recurso exclusivo que torna este modelo supercompacto, facilitando o transporte e armazenagem. Leve, confort\u00e1vel e muito pr\u00e1tica.<\/p>\n<h3>Uma cadeira de rodas compacta<\/h3>\n<p>A combina\u00e7\u00e3o das rodas pequenas com a estrutura dobr\u00e1vel em X e ainda o encosto dobr\u00e1vel resultou em uma cadeira leve e compacta. F\u00e1cil de guardar, \u00e9 \u00f3tima para ambientes com pouco espa\u00e7o. \u00c9 ideal tamb\u00e9m para pessoas que necessitam transportar a cadeira com muita frequ\u00eancia. Cabe no porta-malas da maioria dos ve\u00edculos.<\/p>\n<h3>Rodas<\/h3>\n<p>Possui 4 rodas aro 8\u201d que economizam muito espa\u00e7o. S\u00e3o estas rodas menores que facilitam as manobras em espa\u00e7os restritos. A ado\u00e7\u00e3o de rodas tamanho aro 8, com pneus r\u00edgidos, aumentou a confiabilidade, e resultou em um conjunto com uma est\u00e9tica harmoniosa. Al\u00e9m disso, os pneus r\u00edgidos s\u00e3o dur\u00e1veis, n\u00e3o furam e n\u00e3o esvaziam.<\/p>\n<h3>Estrutura dobr\u00e1vel<\/h3>\n<p>A Cadeira de Rodas Veneza possui estrutura dobr\u00e1vel. Uma estrutura de a\u00e7o, resistente e dur\u00e1vel. E quando fechada a cadeira fica com apenas 25,3 cm de largura.<\/p>\n<h3>Apoios remov\u00edveis para os p\u00e9s, com ajuste de altura<\/h3>\n<p>Os apoios para os p\u00e9s foram projetados com linhas suaves para se integrar perfeitamente a estrutura da cadeira. S\u00e3o articulados e remov\u00edveis para facilitar a entrada e sa\u00edda da cadeira. As bases em pl\u00e1stico refor\u00e7ado com tiras de apoio para o calcanhar completam este conjunto.<br \/>\nSuas alavancas, utilizadas para destravar o conjunto, s\u00e3o anat\u00f4micas e possuem uma est\u00e9tica muito especial. S\u00e3o articulados (abrindo para as laterais) e remov\u00edveis para facilitar a entrada e sa\u00edda da cadeira. Al\u00e9m disso a altura dos apoios para os p\u00e9s pode ser ajustada para se adequar a estatura do usu\u00e1rio.<\/p>\n<h3>Faixa de nylon para o apoio do calcanhar<\/h3>\n<p>Para completar o conjunto dos apoios para os p\u00e9s, as bases em pl\u00e1stico refor\u00e7ado possuem faixas de nylon para apoiar o calcanhar.<\/p>\n<h3>Assento e encosto em nylon resistente<\/h3>\n<p>O assento e encosto em nylon s\u00e3o resistentes dur\u00e1veis e f\u00e1ceis de limpar.<\/p>\n<h3>Garfos dianteiros<\/h3>\n<p>Os garfos dianteiros s\u00e3o de a\u00e7o, muito resistentes, e apresentam um design elegante e moderno.<\/p>\n<h3>Freios<\/h3>\n<p>Este modelo conta com freios bilaterais que atuam nas rodas traseiras.<\/p>\n<h3>Porta prontu\u00e1rio<\/h3>\n<p>Na parte de tr\u00e1s do encosto existe um pr\u00e1tico porta prontu\u00e1rio.<\/p>\n<h3>Manoplas<\/h3>\n<p>Com formato anat\u00f4mico as manoplas, feitas de pl\u00e1stico especial, garantem uma \u00f3tima empunhadura resultando em mais seguran\u00e7a ao usu\u00e1rio e conforto para quem o est\u00e1 conduzindo.<\/p>","protected":false},"excerpt":{"rendered":"<p>possui rodas 4 rodas pequenas aro 8\u201d, estrutura resistente em a\u00e7o, apoios almofadados para os bra\u00e7os e apoios articulados e remov\u00edveis para os p\u00e9s.<\/p>","protected":false},"featured_media":2875,"comment_status":"open","ping_status":"closed","template":"","meta":{"_joinchat":[]},"product_brand":[],"product_cat":[31],"product_tag":[],"class_list":{"0":"post-2873","1":"product","2":"type-product","3":"status-publish","4":"has-post-thumbnail","6":"product_cat-cadeira-de-rodas","8":"first","9":"instock","10":"shipping-taxable","11":"purchasable","12":"product-type-simple"},"_links":{"self":[{"href":"https:\/\/www.medideal.com.br\/en\/wp-json\/wp\/v2\/product\/2873","targetHints":{"allow":["GET"]}}],"collection":[{"href":"https:\/\/www.medideal.com.br\/en\/wp-json\/wp\/v2\/product"}],"about":[{"href":"https:\/\/www.medideal.com.br\/en\/wp-json\/wp\/v2\/types\/product"}],"replies":[{"embeddable":true,"href":"https:\/\/www.medideal.com.br\/en\/wp-json\/wp\/v2\/comments?post=2873"}],"wp:featuredmedia":[{"embeddable":true,"href":"https:\/\/www.medideal.com.br\/en\/wp-json\/wp\/v2\/media\/2875"}],"wp:attachment":[{"href":"https:\/\/www.medideal.com.br\/en\/wp-json\/wp\/v2\/media?parent=2873"}],"wp:term":[{"taxonomy":"product_brand","embeddable":true,"href":"https:\/\/www.medideal.com.br\/en\/wp-json\/wp\/v2\/product_brand?post=2873"},{"taxonomy":"product_cat","embeddable":true,"href":"https:\/\/www.medideal.com.br\/en\/wp-json\/wp\/v2\/product_cat?post=2873"},{"taxonomy":"product_tag","embeddable":true,"href":"https:\/\/www.medideal.com.br\/en\/wp-json\/wp\/v2\/product_tag?post=2873"}],"curies":[{"name":"wp","href":"https:\/\/api.w.org\/{rel}","templated":true}]}}