{"id":2868,"date":"2023-12-05T14:12:52","date_gmt":"2023-12-05T17:12:52","guid":{"rendered":"https:\/\/www.medideal.com.br\/?post_type=product&#038;p=2868"},"modified":"2024-01-18T15:45:11","modified_gmt":"2024-01-18T18:45:11","slug":"cadeira-de-banho-simples-cds","status":"publish","type":"product","link":"https:\/\/www.medideal.com.br\/en\/cadeira-de-banho-simples-cds\/","title":{"rendered":"Cadeira de Banho Simples &#8211; CDS"},"content":{"rendered":"<p>Fabricada em a\u00e7o carbono, pintura ep\u00f3xi, assento sanit\u00e1rio remov\u00edvel, encosto em nylon, apoio para os bra\u00e7os fixos apoio para os p\u00e9s fixos, freios bilaterais rodas traseiras aro 06\u2033girat\u00f3rias com pneus maci\u00e7os rodas dianteiras aro 06\u2033 com pneus maci\u00e7os posicionadas na parte interna da cadeira.<\/p>\n<p><strong>Largura do assento:<\/strong> 40cm<\/p>\n<p><strong>Largura aberta:<\/strong> 44cm<\/p>\n<p><strong>Largura fechada:<\/strong> N\u00e3o Fecha<\/p>\n<p><strong>Comprimento:<\/strong> 54cm<\/p>\n<p><strong>Altura:<\/strong> 93cm<\/p>\n<p><strong>Peso da cadeira:<\/strong> 7kg<\/p>\n<p><strong>Peso suportado:<\/strong> 90kg<\/p>","protected":false},"excerpt":{"rendered":"<p>Fabricada em a\u00e7o carbono, pintura ep\u00f3xi, assento sanit\u00e1rio remov\u00edvel, encosto em nylon, apoio para os bra\u00e7os fixos apoio para os p\u00e9s fixos, freios bilaterais rodas traseiras aro 06\u2033girat\u00f3rias com pneus maci\u00e7os rodas dianteiras aro 06\u2033 com pneus maci\u00e7os posicionadas na parte interna da cadeira.<\/p>","protected":false},"featured_media":2869,"comment_status":"open","ping_status":"closed","template":"","meta":{"_joinchat":[]},"product_brand":[],"product_cat":[31],"product_tag":[],"class_list":{"0":"post-2868","1":"product","2":"type-product","3":"status-publish","4":"has-post-thumbnail","6":"product_cat-cadeira-de-rodas","8":"first","9":"outofstock","10":"shipping-taxable","11":"purchasable","12":"product-type-simple"},"_links":{"self":[{"href":"https:\/\/www.medideal.com.br\/en\/wp-json\/wp\/v2\/product\/2868","targetHints":{"allow":["GET"]}}],"collection":[{"href":"https:\/\/www.medideal.com.br\/en\/wp-json\/wp\/v2\/product"}],"about":[{"href":"https:\/\/www.medideal.com.br\/en\/wp-json\/wp\/v2\/types\/product"}],"replies":[{"embeddable":true,"href":"https:\/\/www.medideal.com.br\/en\/wp-json\/wp\/v2\/comments?post=2868"}],"wp:featuredmedia":[{"embeddable":true,"href":"https:\/\/www.medideal.com.br\/en\/wp-json\/wp\/v2\/media\/2869"}],"wp:attachment":[{"href":"https:\/\/www.medideal.com.br\/en\/wp-json\/wp\/v2\/media?parent=2868"}],"wp:term":[{"taxonomy":"product_brand","embeddable":true,"href":"https:\/\/www.medideal.com.br\/en\/wp-json\/wp\/v2\/product_brand?post=2868"},{"taxonomy":"product_cat","embeddable":true,"href":"https:\/\/www.medideal.com.br\/en\/wp-json\/wp\/v2\/product_cat?post=2868"},{"taxonomy":"product_tag","embeddable":true,"href":"https:\/\/www.medideal.com.br\/en\/wp-json\/wp\/v2\/product_tag?post=2868"}],"curies":[{"name":"wp","href":"https:\/\/api.w.org\/{rel}","templated":true}]}}