{"id":2855,"date":"2023-12-05T09:52:44","date_gmt":"2023-12-05T12:52:44","guid":{"rendered":"https:\/\/www.medideal.com.br\/?post_type=product&#038;p=2855"},"modified":"2024-01-18T15:37:05","modified_gmt":"2024-01-18T18:37:05","slug":"bandeja-lisa-inox-fami","status":"publish","type":"product","link":"https:\/\/www.medideal.com.br\/en\/bandeja-lisa-inox-fami\/","title":{"rendered":"Bandeja Lisa Inox &#8211; Fami"},"content":{"rendered":"<p>As bandejas permitem a acomoda\u00e7\u00e3o, organiza\u00e7\u00e3o, esteriliza\u00e7\u00e3o e o transporte de instrumentos durante a realiza\u00e7\u00e3o de procedimentos. Seu formato com cantos arredondados facilita a limpeza. Produtos fabricados com a\u00e7o inoxid\u00e1vel de alta qualidade que garantem seguran\u00e7a e durabilidade no processamento de produtos para sa\u00fade. A linha FAMI Econox \u00e9 fabricada de maneira sustent\u00e1vel. Nossos processos de fabrica\u00e7\u00e3o s\u00e3o atualizados constantemente visando uma produ\u00e7\u00e3o socioambiental respons\u00e1vel. Na estampagem de nossos produtos n\u00e3o utilizamos lubrificantes qu\u00edmicos, e mais de 80% dos produtos n\u00e3o passam por processo de polimento. Essas atitudes reduzem significativamente o uso de produtos qu\u00edmicos, como massa de polimento e produtos de limpeza, tornando o processo mais limpo e sustent\u00e1vel.<\/p>","protected":false},"excerpt":{"rendered":"<p>As bandejas permitem a acomoda\u00e7\u00e3o, organiza\u00e7\u00e3o, esteriliza\u00e7\u00e3o e o transporte de instrumentos durante a realiza\u00e7\u00e3o de procedimentos.<\/p>","protected":false},"featured_media":2856,"comment_status":"open","ping_status":"closed","template":"","meta":{"_joinchat":[]},"product_brand":[],"product_cat":[27],"product_tag":[],"class_list":{"0":"post-2855","1":"product","2":"type-product","3":"status-publish","4":"has-post-thumbnail","6":"product_cat-equipamentos-medicos","8":"first","9":"instock","10":"shipping-taxable","11":"purchasable","12":"product-type-simple"},"_links":{"self":[{"href":"https:\/\/www.medideal.com.br\/en\/wp-json\/wp\/v2\/product\/2855","targetHints":{"allow":["GET"]}}],"collection":[{"href":"https:\/\/www.medideal.com.br\/en\/wp-json\/wp\/v2\/product"}],"about":[{"href":"https:\/\/www.medideal.com.br\/en\/wp-json\/wp\/v2\/types\/product"}],"replies":[{"embeddable":true,"href":"https:\/\/www.medideal.com.br\/en\/wp-json\/wp\/v2\/comments?post=2855"}],"wp:featuredmedia":[{"embeddable":true,"href":"https:\/\/www.medideal.com.br\/en\/wp-json\/wp\/v2\/media\/2856"}],"wp:attachment":[{"href":"https:\/\/www.medideal.com.br\/en\/wp-json\/wp\/v2\/media?parent=2855"}],"wp:term":[{"taxonomy":"product_brand","embeddable":true,"href":"https:\/\/www.medideal.com.br\/en\/wp-json\/wp\/v2\/product_brand?post=2855"},{"taxonomy":"product_cat","embeddable":true,"href":"https:\/\/www.medideal.com.br\/en\/wp-json\/wp\/v2\/product_cat?post=2855"},{"taxonomy":"product_tag","embeddable":true,"href":"https:\/\/www.medideal.com.br\/en\/wp-json\/wp\/v2\/product_tag?post=2855"}],"curies":[{"name":"wp","href":"https:\/\/api.w.org\/{rel}","templated":true}]}}