{"id":2853,"date":"2023-12-05T09:50:13","date_gmt":"2023-12-05T12:50:13","guid":{"rendered":"https:\/\/www.medideal.com.br\/?post_type=product&#038;p=2853"},"modified":"2024-01-18T15:36:45","modified_gmt":"2024-01-18T18:36:45","slug":"estojo-liso-inox-fami","status":"publish","type":"product","link":"https:\/\/www.medideal.com.br\/en\/estojo-liso-inox-fami\/","title":{"rendered":"Estojo Liso Inox &#8211; Fami"},"content":{"rendered":"<p>Estojos desenvolvidos para oferecer versatilidade no uso e atender \u00e0s mais diversas especialidades do segmento odontol\u00f3gico, m\u00e9dico, est\u00e9tica e veterin\u00e1rio. A linha FAMI Econox \u00e9 fabricada de maneira sustent\u00e1vel.<br \/>\nNossos processos de fabrica\u00e7\u00e3o s\u00e3o atualizados constantemente visando uma produ\u00e7\u00e3o socioambiental respons\u00e1vel. Na estampagem de nossos produtos n\u00e3o utilizamos lubrificantes qu\u00edmicos, e mais de 80% dos produtos n\u00e3o passam por processo de polimento. Essas atitudes reduzem significativamente o uso de produtos qu\u00edmicos, como massa de polimento e produtos de limpeza, tornando o processo mais limpo e sustent\u00e1vel.<\/p>\n<ul>\n<li>Uso m\u00e9dico, hospitalar, odontol\u00f3gico, est\u00e9tico e veterin\u00e1rio.<\/li>\n<\/ul>","protected":false},"excerpt":{"rendered":"<ul>\n<li>Uso m\u00e9dico, hospitalar, odontol\u00f3gico, est\u00e9tico e veterin\u00e1rio.<\/li>\n<\/ul>","protected":false},"featured_media":2854,"comment_status":"open","ping_status":"closed","template":"","meta":{"_joinchat":[]},"product_brand":[],"product_cat":[27],"product_tag":[],"class_list":{"0":"post-2853","1":"product","2":"type-product","3":"status-publish","4":"has-post-thumbnail","6":"product_cat-equipamentos-medicos","8":"first","9":"instock","10":"shipping-taxable","11":"purchasable","12":"product-type-simple"},"_links":{"self":[{"href":"https:\/\/www.medideal.com.br\/en\/wp-json\/wp\/v2\/product\/2853","targetHints":{"allow":["GET"]}}],"collection":[{"href":"https:\/\/www.medideal.com.br\/en\/wp-json\/wp\/v2\/product"}],"about":[{"href":"https:\/\/www.medideal.com.br\/en\/wp-json\/wp\/v2\/types\/product"}],"replies":[{"embeddable":true,"href":"https:\/\/www.medideal.com.br\/en\/wp-json\/wp\/v2\/comments?post=2853"}],"wp:featuredmedia":[{"embeddable":true,"href":"https:\/\/www.medideal.com.br\/en\/wp-json\/wp\/v2\/media\/2854"}],"wp:attachment":[{"href":"https:\/\/www.medideal.com.br\/en\/wp-json\/wp\/v2\/media?parent=2853"}],"wp:term":[{"taxonomy":"product_brand","embeddable":true,"href":"https:\/\/www.medideal.com.br\/en\/wp-json\/wp\/v2\/product_brand?post=2853"},{"taxonomy":"product_cat","embeddable":true,"href":"https:\/\/www.medideal.com.br\/en\/wp-json\/wp\/v2\/product_cat?post=2853"},{"taxonomy":"product_tag","embeddable":true,"href":"https:\/\/www.medideal.com.br\/en\/wp-json\/wp\/v2\/product_tag?post=2853"}],"curies":[{"name":"wp","href":"https:\/\/api.w.org\/{rel}","templated":true}]}}