{"id":2833,"date":"2023-12-04T17:13:57","date_gmt":"2023-12-04T20:13:57","guid":{"rendered":"https:\/\/www.medideal.com.br\/?post_type=product&#038;p=2833"},"modified":"2024-01-18T15:28:56","modified_gmt":"2024-01-18T18:28:56","slug":"sigvaris-412-bracadeira-curta","status":"publish","type":"product","link":"https:\/\/www.medideal.com.br\/en\/sigvaris-412-bracadeira-curta\/","title":{"rendered":"Sigvaris 412 Bra\u00e7adeira Curta"},"content":{"rendered":"<h2 id=\"bracadeira-sigvaris-412-20-30mmhg\">BRACADEIRA SIGVARIS 412 20-30MMHG<\/h2>\n<p>Com microfibra de poliamida em sua composi\u00e7\u00e3o, a bra\u00e7adeira permite a respira\u00e7\u00e3o da pele, com melhor absor\u00e7\u00e3o e elimina\u00e7\u00e3o do suor.<\/p>\n<p>As mais avan\u00e7adas fibras de elastano tornam o produto f\u00e1cil de vestir, mesmo com a alta compress\u00e3o do tecido.<\/p>\n<p><strong>Caracter\u00edsticas:<\/strong><br \/>\nMacia, Confort\u00e1vel e Discreta<br \/>\nFaixa de silicone para maior ader\u00eancia no bra\u00e7o<br \/>\nAcabamento especial na extremidade dos dedos<br \/>\nCont\u00e9m polegar de conten\u00e7\u00e3o<br \/>\nCotovelo anat\u00f4mico, permitindo os movimentos<br \/>\nBanda el\u00e1stica com silicone at\u00f3xico<br \/>\nExcelente elasticidade<br \/>\nProte\u00e7\u00e3o antimicrobiana<br \/>\nCor discreta<br \/>\nF\u00e1cil de vestir<br \/>\nPossui fita de Silicone para melhor ader\u00eancia<br \/>\nBilateral (pode ser usado no bra\u00e7o esquerdo e direito)<\/p>\n<p>*<em>Aplica\u00e7\u00f5es: *<\/em><br \/>\nPreven\u00e7\u00e3o do Linfedema ap\u00f3s cirurgia de Mastectomia, Nodulectomia seguida ou N\u00e3o de Radioterapia<br \/>\nPreven\u00e7\u00e3o da reincid\u00eancia do Linfedema ap\u00f3s a conclus\u00e3o da terapia de congestionamento<br \/>\nPreven\u00e7\u00e3o e Tratamento de Linfedema de grau Leve e Moderado<\/p>\n<p>Grau de compress\u00e3o: 20-30 mmHg.<br \/>\nModelo: Bra\u00e7adeira Unissex<br \/>\nCor: Natural<\/p>","protected":false},"excerpt":{"rendered":"<p>Com microfibra de poliamida em sua composi\u00e7\u00e3o, a bra\u00e7adeira permite a respira\u00e7\u00e3o da pele, com melhor absor\u00e7\u00e3o e elimina\u00e7\u00e3o do suor.<\/p>","protected":false},"featured_media":2834,"comment_status":"open","ping_status":"closed","template":"","meta":{"_joinchat":[]},"product_brand":[],"product_cat":[34],"product_tag":[],"class_list":{"0":"post-2833","1":"product","2":"type-product","3":"status-publish","4":"has-post-thumbnail","6":"product_cat-meias-de-compressao","8":"first","9":"instock","10":"shipping-taxable","11":"purchasable","12":"product-type-variable"},"_links":{"self":[{"href":"https:\/\/www.medideal.com.br\/en\/wp-json\/wp\/v2\/product\/2833","targetHints":{"allow":["GET"]}}],"collection":[{"href":"https:\/\/www.medideal.com.br\/en\/wp-json\/wp\/v2\/product"}],"about":[{"href":"https:\/\/www.medideal.com.br\/en\/wp-json\/wp\/v2\/types\/product"}],"replies":[{"embeddable":true,"href":"https:\/\/www.medideal.com.br\/en\/wp-json\/wp\/v2\/comments?post=2833"}],"wp:featuredmedia":[{"embeddable":true,"href":"https:\/\/www.medideal.com.br\/en\/wp-json\/wp\/v2\/media\/2834"}],"wp:attachment":[{"href":"https:\/\/www.medideal.com.br\/en\/wp-json\/wp\/v2\/media?parent=2833"}],"wp:term":[{"taxonomy":"product_brand","embeddable":true,"href":"https:\/\/www.medideal.com.br\/en\/wp-json\/wp\/v2\/product_brand?post=2833"},{"taxonomy":"product_cat","embeddable":true,"href":"https:\/\/www.medideal.com.br\/en\/wp-json\/wp\/v2\/product_cat?post=2833"},{"taxonomy":"product_tag","embeddable":true,"href":"https:\/\/www.medideal.com.br\/en\/wp-json\/wp\/v2\/product_tag?post=2833"}],"curies":[{"name":"wp","href":"https:\/\/api.w.org\/{rel}","templated":true}]}}