{"id":2828,"date":"2023-12-04T17:06:02","date_gmt":"2023-12-04T20:06:02","guid":{"rendered":"https:\/\/www.medideal.com.br\/?post_type=product&#038;p=2828"},"modified":"2024-01-18T15:25:11","modified_gmt":"2024-01-18T18:25:11","slug":"sigvaris-782-panturrilha-normal-2","status":"publish","type":"product","link":"https:\/\/www.medideal.com.br\/en\/sigvaris-782-panturrilha-normal-2\/","title":{"rendered":"Sigvaris 782B Panturrilha Normal"},"content":{"rendered":"<p>As meias Sigvaris EVER SHEER foram desenvolvidas especialmente para o p\u00fablico feminino, com uma tecnologia que proporciona um aspecto natural no uso das meias.<\/p>\n<p>S\u00e3o muito f\u00e1ceis de cal\u00e7ar e oferecem conforto e maciez para as pernas das mulheres.<\/p>\n<p>S\u00e3o eficazes no tratamento de doen\u00e7as venosas e linf\u00e1ticas com manifesta\u00e7\u00f5es leves e moderadas.<\/p>\n<p>Mantenha a compress\u00e3o correta em suas pernas com a Meia 3\/4 Panturrilha 782 Ad Ever Sheer 20-30 mmHg com ponteira aberta.<\/p>\n<p>\u00d3tima companheira nos cuidados com o corpo das mulheres, ela possui um visual muito mais delicado e macio, podendo at\u00e9 ser utilizada com os mais diferentes tipos de cal\u00e7ados.<\/p>\n<p>Para isso, a Meia \u00be para panturrilha possui fios de dupla cobertura, al\u00e9m de possuir uma malha especial que faz com que ela ainda tenha um visual atraente e discreto, com excelente transpar\u00eancia, de maneira que ela n\u00e3o interfira no look.<\/p>\n<p>Para que a Meia Ad Ever Sheer tenha uma vida mais longa de utiliza\u00e7\u00e3o como produto para a sa\u00fade, siga as seguintes indica\u00e7\u00f5es de utiliza\u00e7\u00e3o e conserva\u00e7\u00e3o:<br \/>\n&#8211; Vista a meia logo ap\u00f3s levantar-se.<br \/>\n&#8211; A lavagem tamb\u00e9m deve ser feita com maior crit\u00e9rio, evitando coloc\u00e1-la na m\u00e1quina de lavar<br \/>\n&#8211; Nunca centrifugar nem torcer<br \/>\n&#8211; Preferencialmente lavar \u00e0 m\u00e3o manuseando com o m\u00e1ximo de cuidado<br \/>\n&#8211; Secar \u00e0 sombra.<br \/>\n&#8211; Marca: Sigvaris<br \/>\n&#8211; Peso: 80 g<br \/>\n&#8211; Composi\u00e7\u00e3o: 72% Poliamida \/ 28% Elastano<\/p>\n<p>Para saber o tamanho veja tabela abaixo ou imagem do produto:<br \/>\nPara saber o tamanho:<br \/>\nMedir a circunfer\u00eancia do tornozelo e a circunfer\u00eancia da panturrilha na parte mais larga.<br \/>\n<strong>&#8211; P:<\/strong> Tornozelo 18 a 22 cm, Panturrilha 30 a 38 cm.<br \/>\n<strong>&#8211; M:<\/strong> Tornozelo 22 a 26 cm, Panturrilha 34 a 42 cm.<br \/>\n<strong>&#8211; G:<\/strong> Tornozelo 26 a 30 cm, Panturrilha 39 a 47 cm.<\/p>\n<p>Para saber a Altura:<br \/>\n(medir a altura da Perna do calcanhar, rente ao ch\u00e3o, at\u00e9 02 dedos antes da dobra do joelho, por tr\u00e1s da perna)<br \/>\n<strong>&#8211; Normal:<\/strong> Altura Perna at\u00e9 39 cm.<\/p>","protected":false},"excerpt":{"rendered":"<p>As meias Sigvaris EVER SHEER foram desenvolvidas especialmente para o p\u00fablico feminino, com uma tecnologia que proporciona um aspecto natural no uso das meias.<\/p>","protected":false},"featured_media":2832,"comment_status":"closed","ping_status":"closed","template":"","meta":{"_joinchat":[]},"product_brand":[],"product_cat":[34],"product_tag":[],"class_list":{"0":"post-2828","1":"product","2":"type-product","3":"status-publish","4":"has-post-thumbnail","6":"product_cat-meias-de-compressao","8":"first","9":"instock","10":"shipping-taxable","11":"purchasable","12":"product-type-variable"},"_links":{"self":[{"href":"https:\/\/www.medideal.com.br\/en\/wp-json\/wp\/v2\/product\/2828","targetHints":{"allow":["GET"]}}],"collection":[{"href":"https:\/\/www.medideal.com.br\/en\/wp-json\/wp\/v2\/product"}],"about":[{"href":"https:\/\/www.medideal.com.br\/en\/wp-json\/wp\/v2\/types\/product"}],"replies":[{"embeddable":true,"href":"https:\/\/www.medideal.com.br\/en\/wp-json\/wp\/v2\/comments?post=2828"}],"wp:featuredmedia":[{"embeddable":true,"href":"https:\/\/www.medideal.com.br\/en\/wp-json\/wp\/v2\/media\/2832"}],"wp:attachment":[{"href":"https:\/\/www.medideal.com.br\/en\/wp-json\/wp\/v2\/media?parent=2828"}],"wp:term":[{"taxonomy":"product_brand","embeddable":true,"href":"https:\/\/www.medideal.com.br\/en\/wp-json\/wp\/v2\/product_brand?post=2828"},{"taxonomy":"product_cat","embeddable":true,"href":"https:\/\/www.medideal.com.br\/en\/wp-json\/wp\/v2\/product_cat?post=2828"},{"taxonomy":"product_tag","embeddable":true,"href":"https:\/\/www.medideal.com.br\/en\/wp-json\/wp\/v2\/product_tag?post=2828"}],"curies":[{"name":"wp","href":"https:\/\/api.w.org\/{rel}","templated":true}]}}