{"id":2824,"date":"2023-12-04T17:03:14","date_gmt":"2023-12-04T20:03:14","guid":{"rendered":"https:\/\/www.medideal.com.br\/?post_type=product&#038;p=2824"},"modified":"2024-01-18T15:22:01","modified_gmt":"2024-01-18T18:22:01","slug":"sigvaris-782-meia-coxa-7-8-longa","status":"publish","type":"product","link":"https:\/\/www.medideal.com.br\/en\/sigvaris-782-meia-coxa-7-8-longa\/","title":{"rendered":"Sigvaris 782 Meia Coxa 7\/8  Longa"},"content":{"rendered":"<h3 class=\"heading-2\">DESCRI\u00c7\u00c3O<\/h3>\n<div class=\"h1 h2 h3 h4 h5 h5 p table ul dl\">\n<div class=\"productDescription\">\n<p>Elaborada especialmente para o p\u00fablico feminino, a meia EVER SHEER \u00e9 feita com uma moderna tecnologia que proporciona muito mais transpar\u00eancia, maciez e conforto para as pernas.<\/p>\n<p>As meias de compress\u00e3o Ever Sheer contam com fios de dupla cobertura e uma constru\u00e7\u00e3o de malha especial de alta tecnologia para proporcionar um visual atraente sem igual na sua classe. A Ever Sheer combina maciez e conforto com a maior durabilidade poss\u00edvel!<\/p>\n<p>O modelo de ponteira aberta tem uma constru\u00e7\u00e3o de malha especial que faz uso de alta tecnologia, para oferecer a mulher que usa um visual mais atraente, e para combinar com a produ\u00e7\u00e3o do dia a dia.<\/p>\n<p>\u2022 Excelente transpar\u00eancia<br \/>\n\u2022 Toque macio<br \/>\n\u2022 Visual e cores atraente<\/p>\n<p>Especifica\u00e7\u00f5es t\u00e9cnicas:<br \/>\nMarca: Sigvaris<br \/>\nProduto: Meia 7\/8 Medicinal<br \/>\nLinha: Ever Sheer<br \/>\nModelo: AF 782A<br \/>\nCompress\u00e3o: 20-30 mmHg<br \/>\nPonteira Aberta<br \/>\nCont\u00e9m: Um par<\/p>\n<\/div>\n<\/div>","protected":false},"excerpt":{"rendered":"<p>Elaborada especialmente para o p\u00fablico feminino, a meia EVER SHEER \u00e9 feita com uma moderna tecnologia que proporciona muito mais transpar\u00eancia, maciez e conforto para as pernas.<\/p>","protected":false},"featured_media":2819,"comment_status":"open","ping_status":"closed","template":"","meta":{"_joinchat":[]},"product_brand":[],"product_cat":[34],"product_tag":[],"class_list":{"0":"post-2824","1":"product","2":"type-product","3":"status-publish","4":"has-post-thumbnail","6":"product_cat-meias-de-compressao","8":"first","9":"instock","10":"shipping-taxable","11":"purchasable","12":"product-type-variable"},"_links":{"self":[{"href":"https:\/\/www.medideal.com.br\/en\/wp-json\/wp\/v2\/product\/2824","targetHints":{"allow":["GET"]}}],"collection":[{"href":"https:\/\/www.medideal.com.br\/en\/wp-json\/wp\/v2\/product"}],"about":[{"href":"https:\/\/www.medideal.com.br\/en\/wp-json\/wp\/v2\/types\/product"}],"replies":[{"embeddable":true,"href":"https:\/\/www.medideal.com.br\/en\/wp-json\/wp\/v2\/comments?post=2824"}],"wp:featuredmedia":[{"embeddable":true,"href":"https:\/\/www.medideal.com.br\/en\/wp-json\/wp\/v2\/media\/2819"}],"wp:attachment":[{"href":"https:\/\/www.medideal.com.br\/en\/wp-json\/wp\/v2\/media?parent=2824"}],"wp:term":[{"taxonomy":"product_brand","embeddable":true,"href":"https:\/\/www.medideal.com.br\/en\/wp-json\/wp\/v2\/product_brand?post=2824"},{"taxonomy":"product_cat","embeddable":true,"href":"https:\/\/www.medideal.com.br\/en\/wp-json\/wp\/v2\/product_cat?post=2824"},{"taxonomy":"product_tag","embeddable":true,"href":"https:\/\/www.medideal.com.br\/en\/wp-json\/wp\/v2\/product_tag?post=2824"}],"curies":[{"name":"wp","href":"https:\/\/api.w.org\/{rel}","templated":true}]}}