{"id":282,"date":"2023-09-08T16:24:03","date_gmt":"2023-09-08T19:24:03","guid":{"rendered":"https:\/\/www.medideal.com.br\/?post_type=product&#038;p=282"},"modified":"2024-01-10T11:27:29","modified_gmt":"2024-01-10T14:27:29","slug":"aparelho-de-pressao-adulto-nylon-velcro-vinho-ap0335-bic","status":"publish","type":"product","link":"https:\/\/www.medideal.com.br\/en\/aparelho-de-pressao-adulto-nylon-velcro-vinho-ap0335-bic\/","title":{"rendered":"Aparelho de Press\u00e3o Adulto Nylon Velcro Vinho AP0335 BIC"},"content":{"rendered":"<h2>Aparelho de Press\u00e3o Adulto Nylon Velcro Vinho AP0335 BIC<\/h2>\n<p>O Esfigmoman\u00f4metro Aneroide (Aparelho de Press\u00e3o) BIC \u00e9 verificado e aprovado pelo INMETRO, assim garantindo maior confiabilidade e seguran\u00e7a. Com sistema de fecho em velcro proporcionando praticidade e diagn\u00f3stico seguro e confi\u00e1vel.<\/p>\n<p>Caracter\u00edsticas e Benef\u00edcios do Produto:<\/p>\n<p>\u2022 REF.: AP0335;<br \/>\n\u2022 Cor: Vinho;<br \/>\n\u2022 Tamanho: Adulto;<br \/>\n\u2022 Fechamento em Velcro;<br \/>\n\u2022 Acompanha estojo para transporte;<br \/>\n\u2022 Acompanha Certificado de Verifica\u00e7\u00e3o do Man\u00f4metro.<\/p>\n<p><strong>Garantia: 5 anos contra defeitos de fabrica\u00e7\u00e3o do man\u00f4metro.<\/strong><\/p>\n<h4>O que comp\u00f5e o Aparelho de Press\u00e3o?<\/h4>\n<p>\u2022 Man\u00f4metro: Para aferir a press\u00e3o arterial;<br \/>\n\u2022 Pera insufladora: Utilizada para inflar o manguito;<br \/>\n\u2022 V\u00e1lvula: Utilizada para comandar a entrada e sa\u00edda de ar;<br \/>\n\u2022 Manguito: bolsa com tubos interligados entre man\u00f4metro, v\u00e1lvula e pera.<\/p>\n<h4>Dicas de limpeza:<\/h4>\n<p>\u2022 N\u00e3o passar a ferro;<br \/>\n\u2022 N\u00e3o usar produtos corrosivos, detergentes ou polidores;<br \/>\n\u2022 Este aparelho n\u00e3o pode ser esterilizado pelo processo de autoclave;<br \/>\n\u2022 \u00c9 recomendado pelo fabricante lavar somente a bra\u00e7adeira com \u00e1gua e sab\u00e3o neutro, secar ao ar livre.<\/p>\n<h4>Aten\u00e7\u00e3o:<\/h4>\n<p>\u2022 Nunca infle o manguito acima de 300mmHg, isso poder\u00e1 danificar seu esfigmoman\u00f4metro e perder\u00e1 a garantia;<br \/>\n\u2022 Utilize somente bra\u00e7adeiras e acess\u00f3rios BIC, substitui\u00e7\u00e3o de pe\u00e7as que n\u00e3o sejam da mesma marca, poder\u00e1 resultar em erros nas medi\u00e7\u00f5es.<\/p>","protected":false},"excerpt":{"rendered":"<p>O Esfigmoman\u00f4metro Aneroide (Aparelho de Press\u00e3o) BIC \u00e9 verificado e aprovado pelo INMETRO, assim garantindo maior confiabilidade e seguran\u00e7a.<\/p>","protected":false},"featured_media":283,"comment_status":"open","ping_status":"closed","template":"","meta":{"_joinchat":[]},"product_brand":[],"product_cat":[19],"product_tag":[],"class_list":{"0":"post-282","1":"product","2":"type-product","3":"status-publish","4":"has-post-thumbnail","6":"product_cat-aparelho-de-pressao","8":"first","9":"outofstock","10":"sale","11":"shipping-taxable","12":"purchasable","13":"product-type-simple"},"_links":{"self":[{"href":"https:\/\/www.medideal.com.br\/en\/wp-json\/wp\/v2\/product\/282","targetHints":{"allow":["GET"]}}],"collection":[{"href":"https:\/\/www.medideal.com.br\/en\/wp-json\/wp\/v2\/product"}],"about":[{"href":"https:\/\/www.medideal.com.br\/en\/wp-json\/wp\/v2\/types\/product"}],"replies":[{"embeddable":true,"href":"https:\/\/www.medideal.com.br\/en\/wp-json\/wp\/v2\/comments?post=282"}],"wp:featuredmedia":[{"embeddable":true,"href":"https:\/\/www.medideal.com.br\/en\/wp-json\/wp\/v2\/media\/283"}],"wp:attachment":[{"href":"https:\/\/www.medideal.com.br\/en\/wp-json\/wp\/v2\/media?parent=282"}],"wp:term":[{"taxonomy":"product_brand","embeddable":true,"href":"https:\/\/www.medideal.com.br\/en\/wp-json\/wp\/v2\/product_brand?post=282"},{"taxonomy":"product_cat","embeddable":true,"href":"https:\/\/www.medideal.com.br\/en\/wp-json\/wp\/v2\/product_cat?post=282"},{"taxonomy":"product_tag","embeddable":true,"href":"https:\/\/www.medideal.com.br\/en\/wp-json\/wp\/v2\/product_tag?post=282"}],"curies":[{"name":"wp","href":"https:\/\/api.w.org\/{rel}","templated":true}]}}