{"id":2804,"date":"2023-12-04T16:41:41","date_gmt":"2023-12-04T19:41:41","guid":{"rendered":"https:\/\/www.medideal.com.br\/?post_type=product&#038;p=2804"},"modified":"2024-01-18T15:06:12","modified_gmt":"2024-01-18T18:06:12","slug":"sigvaris-190-3-4","status":"publish","type":"product","link":"https:\/\/www.medideal.com.br\/en\/sigvaris-190-3-4\/","title":{"rendered":"Sigvaris 190 3\/4"},"content":{"rendered":"<p>Desenvolvida exclusivamente para o p\u00fablico masculino. Elegante, confort\u00e1vel e, ao mesmo tempo, eficaz para prevenir varizes, dores, incha\u00e7os e sensa\u00e7\u00e3o de peso nas pernas.<\/p>\n<p>A meia ACTITUD foi desenvolvida com o objetivo de levar ao p\u00fablico masculino um produto elegante e confort\u00e1vel e que, ao mesmo tempo, seja eficaz para prevenir o incha\u00e7o e as dores nas pernas, t\u00e3o comuns nas pessoas que trabalham ou ficam longos per\u00edodos em p\u00e9 ou sentados.<br \/>\nIdeais para o dia-a-dia.<\/p>\n<p>Design Moderno e Social, bacteriost\u00e1tico e com calcanhar anat\u00f4mico.<\/p>\n<p>Composi\u00e7\u00e3o: 92% poliamida e 8% elastano.<\/p>\n<p>Modo de usar:<br \/>\n\u2022 Calce a meia logo ap\u00f3s levantar-se da cama<br \/>\n\u2022 Nunca proceda reparos em sua meia, pois isso inviabiliza uma poss\u00edvel troca de produto<br \/>\n\u2022 Somente lavagem manual. Temperatura m\u00e1xima 40\u00b0C. Manusear com cuidado<br \/>\n\u2022 N\u00e3o usar alvejante \u00e0 base de cloro<br \/>\n\u2022 N\u00e3o limpar a seco; n\u00e3o remover manchas com solventes<br \/>\n\u2022 A secagem deve ser feita na vertical, sem torcer<br \/>\n\u2022 N\u00e3o \u00e9 permitida a secagem em tambor rotativo<br \/>\n\u2022 Secar \u00e0 sombra.<\/p>\n<p>Como saber o tamanho de sua meia de compress\u00e3o Actitude 190B SIgvaris:<br \/>\n(consulte abaixo ou veja imagem do produto)<\/p>\n<p>&#8211; P: Cal\u00e7ado 36 a 39 e circunfer\u00eancia do tornozelo de 19 a 25 cm.<br \/>\n&#8211; M: Cal\u00e7ado 40 a 42 e circunfer\u00eancia do tornozelo de 20 a 27 cm.<br \/>\n&#8211; G: Cal\u00e7ado 43 a 45 e circunfer\u00eancia do tornozelo de 21 a 29 cm.<\/p>","protected":false},"excerpt":{"rendered":"<p>A meia ACTITUD foi desenvolvida com o objetivo de levar ao p\u00fablico masculino um produto elegante e confort\u00e1vel e que, ao mesmo tempo, seja eficaz para prevenir o incha\u00e7o e as dores nas pernas, t\u00e3o comuns nas pessoas que trabalham ou ficam longos per\u00edodos em p\u00e9 ou sentados.<\/p>","protected":false},"featured_media":2805,"comment_status":"open","ping_status":"closed","template":"","meta":{"_joinchat":[]},"product_brand":[],"product_cat":[34],"product_tag":[],"class_list":{"0":"post-2804","1":"product","2":"type-product","3":"status-publish","4":"has-post-thumbnail","6":"product_cat-meias-de-compressao","8":"first","9":"instock","10":"shipping-taxable","11":"purchasable","12":"product-type-variable"},"_links":{"self":[{"href":"https:\/\/www.medideal.com.br\/en\/wp-json\/wp\/v2\/product\/2804","targetHints":{"allow":["GET"]}}],"collection":[{"href":"https:\/\/www.medideal.com.br\/en\/wp-json\/wp\/v2\/product"}],"about":[{"href":"https:\/\/www.medideal.com.br\/en\/wp-json\/wp\/v2\/types\/product"}],"replies":[{"embeddable":true,"href":"https:\/\/www.medideal.com.br\/en\/wp-json\/wp\/v2\/comments?post=2804"}],"wp:featuredmedia":[{"embeddable":true,"href":"https:\/\/www.medideal.com.br\/en\/wp-json\/wp\/v2\/media\/2805"}],"wp:attachment":[{"href":"https:\/\/www.medideal.com.br\/en\/wp-json\/wp\/v2\/media?parent=2804"}],"wp:term":[{"taxonomy":"product_brand","embeddable":true,"href":"https:\/\/www.medideal.com.br\/en\/wp-json\/wp\/v2\/product_brand?post=2804"},{"taxonomy":"product_cat","embeddable":true,"href":"https:\/\/www.medideal.com.br\/en\/wp-json\/wp\/v2\/product_cat?post=2804"},{"taxonomy":"product_tag","embeddable":true,"href":"https:\/\/www.medideal.com.br\/en\/wp-json\/wp\/v2\/product_tag?post=2804"}],"curies":[{"name":"wp","href":"https:\/\/api.w.org\/{rel}","templated":true}]}}