{"id":2799,"date":"2023-12-04T16:36:48","date_gmt":"2023-12-04T19:36:48","guid":{"rendered":"https:\/\/www.medideal.com.br\/?post_type=product&#038;p=2799"},"modified":"2023-12-04T16:36:48","modified_gmt":"2023-12-04T19:36:48","slug":"sigvaris-283s-3-4-longa","status":"publish","type":"product","link":"https:\/\/www.medideal.com.br\/en\/sigvaris-283s-3-4-longa\/","title":{"rendered":"Sigvaris 283s 3\/4 Longa"},"content":{"rendered":"<p>A Meia 3\/4 Panturrilha 283 S \u00e9 um produto unissex f\u00e1cil de cal\u00e7ar e que trar\u00e1 muito mais maciez e conforto aos seus passos.<\/p>\n<p>Desenvolvida com nobres fibras de algod\u00e3o, a Meia 3\/4 evita a transpira\u00e7\u00e3o e dissipa todo o calor, al\u00e9m de fazer muito bem para a sa\u00fade das pernas.<\/p>\n<p>A Meia Algod\u00e3o Super tamb\u00e9m \u00e9 f\u00e1cil de cal\u00e7ar, possui formato anat\u00f4mico, ponteira aberta e funciona muito bem em todas as tarefas do dia-a-dia.<\/p>\n<p>\u2022 Facilidade ao cal\u00e7ar<br \/>\n\u2022 Sensa\u00e7\u00e3o de frescor<br \/>\n\u2022 Mais conforto e maciez<br \/>\n\u2022 Durabilidade<\/p>\n<p>Indica\u00e7\u00e3o de uso : 30-40 mmHg<\/p>\n<p>\u2022 Varizes severas durante a gravidez<br \/>\n\u2022 Varizes com edema<br \/>\n\u2022 Ap\u00f3s flebotrombose superficial<br \/>\n\u2022 Insufici\u00eancia Venosa Cr\u00f4nica<br \/>\n\u2022 Ap\u00f3s escleroterapia ou flebectomia de grandes veias.<\/p>\n<p>Modelos: Panturrilha<br \/>\nCompress\u00e3o: 30-40 mmHg<br \/>\nCores: Bege<br \/>\nMedidas Embalagem: 12x24x2,5cm.<br \/>\nPeso: 70 gramas.<\/p>\n<p>Modo de usar e cuidados<\/p>\n<p>\u2022 Calce a meia logo ap\u00f3s levantar-se da cama;<br \/>\n\u2022 Nunca proceda reparos em sua meia, pois isso inviabiliza uma poss\u00edvel troca de produto;<br \/>\n\u2022 Somente lavagem manual. Temperatura m\u00e1xima 40\u00b0C. Manusear com cuidado;<br \/>\n\u2022 N\u00e3o usar alvejante \u00e0 base de cloro;<br \/>\n\u2022 N\u00e3o limpar a seco; n\u00e3o remover manchas com solventes;<br \/>\n\u2022 A secagem deve ser feita na vertical, sem torcer;<br \/>\n\u2022 N\u00e3o \u00e9 permitida a secagem em tambor rotativo;<br \/>\n\u2022 Secar \u00e0 sombra.<\/p>\n<p>Para saber o tamanho:<br \/>\n&#8211; P: Circunfer\u00eancia Tornozelo 18 a 22 cm, Circunfer\u00eancia Panturrilha 30 a 38 cm.<br \/>\n&#8211; M: Circunfer\u00eancia Tornozelo 22 a 26 cm, Circunfer\u00eancia Panturrilha 34 a 42 cm.<br \/>\n&#8211; G: Circunfer\u00eancia Tornozelo 26 a 30 cm, Circunfer\u00eancia Panturrilha 39 a 47 cm.<br \/>\n&#8211; GG: Circunfer\u00eancia Tornozelo 30 a 33 cm, Circunfer\u00eancia Panturrilha 45 a 53 cm.<\/p>\n<p>Para Altura:<br \/>\n(medir a altura da Perna do calcanhar, rente ao ch\u00e3o, at\u00e9 02 dedos antes da dobra do joelho, por tr\u00e1s da perna)<br \/>\n&#8211; Normal: Altura Perna acima de 39 cm.<\/p>","protected":false},"excerpt":{"rendered":"<p>Desenvolvida com nobres fibras de algod\u00e3o, a Meia 3\/4 evita a transpira\u00e7\u00e3o e dissipa todo o calor, al\u00e9m de fazer muito bem para a sa\u00fade das pernas.<\/p>","protected":false},"featured_media":2800,"comment_status":"open","ping_status":"closed","template":"","meta":{"_joinchat":[]},"product_brand":[],"product_cat":[34],"product_tag":[],"class_list":{"0":"post-2799","1":"product","2":"type-product","3":"status-publish","4":"has-post-thumbnail","6":"product_cat-meias-de-compressao","8":"first","9":"outofstock","10":"shipping-taxable","11":"purchasable","12":"product-type-variable"},"_links":{"self":[{"href":"https:\/\/www.medideal.com.br\/en\/wp-json\/wp\/v2\/product\/2799","targetHints":{"allow":["GET"]}}],"collection":[{"href":"https:\/\/www.medideal.com.br\/en\/wp-json\/wp\/v2\/product"}],"about":[{"href":"https:\/\/www.medideal.com.br\/en\/wp-json\/wp\/v2\/types\/product"}],"replies":[{"embeddable":true,"href":"https:\/\/www.medideal.com.br\/en\/wp-json\/wp\/v2\/comments?post=2799"}],"wp:featuredmedia":[{"embeddable":true,"href":"https:\/\/www.medideal.com.br\/en\/wp-json\/wp\/v2\/media\/2800"}],"wp:attachment":[{"href":"https:\/\/www.medideal.com.br\/en\/wp-json\/wp\/v2\/media?parent=2799"}],"wp:term":[{"taxonomy":"product_brand","embeddable":true,"href":"https:\/\/www.medideal.com.br\/en\/wp-json\/wp\/v2\/product_brand?post=2799"},{"taxonomy":"product_cat","embeddable":true,"href":"https:\/\/www.medideal.com.br\/en\/wp-json\/wp\/v2\/product_cat?post=2799"},{"taxonomy":"product_tag","embeddable":true,"href":"https:\/\/www.medideal.com.br\/en\/wp-json\/wp\/v2\/product_tag?post=2799"}],"curies":[{"name":"wp","href":"https:\/\/api.w.org\/{rel}","templated":true}]}}