{"id":2794,"date":"2023-12-04T16:30:34","date_gmt":"2023-12-04T19:30:34","guid":{"rendered":"https:\/\/www.medideal.com.br\/?post_type=product&#038;p=2794"},"modified":"2024-01-18T15:03:54","modified_gmt":"2024-01-18T18:03:54","slug":"sigvaris-282s-3-4","status":"publish","type":"product","link":"https:\/\/www.medideal.com.br\/en\/sigvaris-282s-3-4\/","title":{"rendered":"Sigvaris 282s 3\/4"},"content":{"rendered":"<h3 class=\"heading-2\">DESCRI\u00c7\u00c3O<\/h3>\n<div class=\"h1 h2 h3 h4 h5 h5 p table ul dl\">\n<div class=\"productDescription\">\n<p>Cuide da sa\u00fade do corpo com a Meia \u00be Panturrilha 282 S Algod\u00e3o Super 20-30 mmHg Ponteira Aberta da Sigvaris. Produto para sa\u00fade unissex, ele \u00e9 altamente desenvolvido com fios nobres de algod\u00e3o, al\u00e9m de um alto n\u00edvel de maciez. Al\u00e9m disso, essa \u00e9 uma meia de compress\u00e3o que possui um formato anat\u00f4mico e calcanhar na cor bege, ideal para utilizar com sand\u00e1lias e outros cal\u00e7ados abertos.<\/p>\n<p>Al\u00e9m disso, a Meia \u00be Algod\u00e3o Super \u00e9 altamente dur\u00e1vel, podendo tratar muito bem as suas pernas, melhorar a circula\u00e7\u00e3o e evitar o mau cheiro. Al\u00e9m disso, esse produto para o corpo ainda possui uma maior facilidade durante o calce, sensa\u00e7\u00e3o de frescor e um maior conforto e maciez durante sua utiliza\u00e7\u00e3o.<\/p>\n<p>Para que a Meia \u00be Panturrilha de ponteira aberta dure muito mais tempo siga algumas instru\u00e7\u00f5es, como as abaixo:<\/p>\n<p>&#8211; Calce a meia logo ap\u00f3s levantar-se da cama;<br \/>\n&#8211; Nunca fa\u00e7a reparos em sua meia, pois isso inviabiliza uma poss\u00edvel troca de produto;<br \/>\n&#8211; Somente lavagem manual. Temperatura m\u00e1xima 40\u00b0C. Manusear com cuidado;<br \/>\n&#8211; N\u00e3o usar alvejante \u00e0 base de cloro;<br \/>\n&#8211; N\u00e3o limpar a seco; n\u00e3o remover manchas com solventes;<br \/>\n&#8211; A secagem deve ser feita na vertical, sem torcer;<br \/>\n&#8211; N\u00e3o \u00e9 permitida a secagem em tambor rotativo;<br \/>\n&#8211; Secar \u00e0 sombra.<\/p>\n<p>Modelos: Panturrilha<br \/>\nCompress\u00e3o: 20-30 mmHg<br \/>\nCores: Bege<br \/>\nMedidas Embalagem: 12x24x2,5 cm.<br \/>\nPeso: 70 gramas.<\/p>\n<p>Para saber o tamanho:<br \/>\n&#8211; P: Circunfer\u00eancia Tornozelo 18 a 22 cm, Circunfer\u00eancia Panturrilha 30 a 38 cm.<br \/>\n&#8211; M: Circunfer\u00eancia Tornozelo 22 a 26 cm, Circunfer\u00eancia Panturrilha 34 a 42 cm.<br \/>\n&#8211; G: Circunfer\u00eancia Tornozelo 26 a 30 cm, Circunfer\u00eancia Panturrilha 39 a 47 cm.<br \/>\n&#8211; GG: Circunfer\u00eancia Tornozelo 30 a 33 cm, Circunfer\u00eancia Panturrilha 45 a 53 cm.<\/p>\n<p>Para Altura:<br \/>\n(medir a altura da Perna do calcanhar, rente ao ch\u00e3o, at\u00e9 02 dedos antes da dobra do joelho, por tr\u00e1s da perna)<br \/>\nAltura Perna at\u00e9 39 cm.<\/p>\n<\/div>\n<\/div>","protected":false},"excerpt":{"rendered":"<p>Cuide da sa\u00fade do corpo com a Meia \u00be Panturrilha 282 S Algod\u00e3o Super 20-30 mmHg Ponteira Aberta da Sigvaris. Produto para sa\u00fade unissex, ele \u00e9 altamente desenvolvido com fios nobres de algod\u00e3o, al\u00e9m de um alto n\u00edvel de maciez. Al\u00e9m disso, essa \u00e9 uma meia de compress\u00e3o que possui um formato anat\u00f4mico e calcanhar na cor bege, ideal para utilizar com sand\u00e1lias e outros cal\u00e7ados abertos.<\/p>","protected":false},"featured_media":2795,"comment_status":"open","ping_status":"closed","template":"","meta":{"_joinchat":[]},"product_brand":[],"product_cat":[34],"product_tag":[],"class_list":{"0":"post-2794","1":"product","2":"type-product","3":"status-publish","4":"has-post-thumbnail","6":"product_cat-meias-de-compressao","8":"first","9":"instock","10":"shipping-taxable","11":"purchasable","12":"product-type-variable"},"_links":{"self":[{"href":"https:\/\/www.medideal.com.br\/en\/wp-json\/wp\/v2\/product\/2794","targetHints":{"allow":["GET"]}}],"collection":[{"href":"https:\/\/www.medideal.com.br\/en\/wp-json\/wp\/v2\/product"}],"about":[{"href":"https:\/\/www.medideal.com.br\/en\/wp-json\/wp\/v2\/types\/product"}],"replies":[{"embeddable":true,"href":"https:\/\/www.medideal.com.br\/en\/wp-json\/wp\/v2\/comments?post=2794"}],"wp:featuredmedia":[{"embeddable":true,"href":"https:\/\/www.medideal.com.br\/en\/wp-json\/wp\/v2\/media\/2795"}],"wp:attachment":[{"href":"https:\/\/www.medideal.com.br\/en\/wp-json\/wp\/v2\/media?parent=2794"}],"wp:term":[{"taxonomy":"product_brand","embeddable":true,"href":"https:\/\/www.medideal.com.br\/en\/wp-json\/wp\/v2\/product_brand?post=2794"},{"taxonomy":"product_cat","embeddable":true,"href":"https:\/\/www.medideal.com.br\/en\/wp-json\/wp\/v2\/product_cat?post=2794"},{"taxonomy":"product_tag","embeddable":true,"href":"https:\/\/www.medideal.com.br\/en\/wp-json\/wp\/v2\/product_tag?post=2794"}],"curies":[{"name":"wp","href":"https:\/\/api.w.org\/{rel}","templated":true}]}}